{"id":2580,"date":"2020-05-20T19:31:44","date_gmt":"2020-05-20T19:31:44","guid":{"rendered":"https:\/\/musees-en-gruyere.ch\/en\/?page_id=2580"},"modified":"2020-07-10T15:27:17","modified_gmt":"2020-07-10T15:27:17","slug":"unusual","status":"publish","type":"page","link":"https:\/\/musees-en-gruyere.ch\/en\/unusual\/","title":{"rendered":"Unusual"},"content":{"rendered":"<p>[vc_row type=&#8221;1&#8243; bg_position=&#8221;center&#8221; bg_cover=&#8221;true&#8221; enable_parallax=&#8221;false&#8221; parallax_speed=&#8221;0.4&#8243; css=&#8221;.vc_custom_1590477533272{margin-bottom: 20px !important;}&#8221; bg_image=&#8221;https:\/\/musees-en-gruyere.ch\/wp-content\/uploads\/2020\/05\/Picture3-1.png&#8221; anchor=&#8221;cantorama&#8221;][vc_column][vc_row_inner][vc_column_inner el_class=&#8221;white&#8221; css=&#8221;.vc_custom_1487949275479{margin-top: 30% !important;background-color: #e20079 !important;}&#8221;][vc_column_text]<\/p>\n<h1>Destinations for curious minds<\/h1>\n<p>[\/vc_column_text][\/vc_column_inner][\/vc_row_inner][\/vc_column][\/vc_row][vc_row type=&#8221;4&#8243; bg_color=&#8221;#e20079&#8243; css=&#8221;.vc_custom_1589986238023{background-color: #e20079 !important;}&#8221;][vc_column css=&#8221;.vc_custom_1487949441724{background-color: #e20079 !important;}&#8221; el_class=&#8221;white&#8221;][vc_row_inner][vc_column_inner][vc_video link=&#8221;https:\/\/youtu.be\/fw2x2Xdc9xM&#8221; css=&#8221;.vc_custom_1593615249247{margin-bottom: -20px !important;}&#8221;][vc_column_text]<em><i>Video: Flights of fancy<\/i><\/em>[\/vc_column_text][\/vc_column_inner][\/vc_row_inner][\/vc_column][\/vc_row][vc_row type=&#8221;5&#8243; bg_color=&#8221;#e20079&#8243; css=&#8221;.vc_custom_1594394416339{background-color: #e20079 !important;}&#8221;][vc_column css=&#8221;.vc_custom_1591734001160{background-color: #ffffff !important;}&#8221;][vc_row_inner css=&#8221;.vc_custom_1594394489840{background-color: #ffffff !important;}&#8221;][vc_column_inner css=&#8221;.vc_custom_1594394543682{background-color: #ffffff !important;}&#8221;][vc_column_text]<strong><b>La Gruy\u00e8re: a great destination for curious minds<\/b><\/strong><\/p>\n<p>If you have had your fill of natural history and art museums, La Gruy\u00e8re might be able to satisfy your craving for something a little more unconventional. The <em><i>Association des Mus\u00e9es en Gruy\u00e8re<\/i><\/em>\u00a0proposes three visits that are sure to surprise, beguile, and give your brain cells a thorough workout, without a still life or stuffed animal in sight! All you have to do is open your mind and let your curiosity guide you.[\/vc_column_text][\/vc_column_inner][\/vc_row_inner][vc_row_inner css=&#8221;.vc_custom_1594394470121{background-color: #ffffff !important;}&#8221;][vc_column_inner width=&#8221;1\/2&#8243; css=&#8221;.vc_custom_1594394550042{background-color: #ffffff !important;}&#8221;][vc_video link=&#8221;https:\/\/youtu.be\/_SRGTWBf0dc&#8221; css=&#8221;.vc_custom_1590013736791{margin-bottom: -20px !important;}&#8221;][vc_column_text]<em><i>Video: Electrobroc<\/i><\/em>[\/vc_column_text][\/vc_column_inner][vc_column_inner width=&#8221;1\/2&#8243; css=&#8221;.vc_custom_1594394559927{background-color: #ffffff !important;}&#8221;][vc_column_text]<strong><b>A hair-raising experience at Electrobroc<\/b><\/strong><\/p>\n<p>The Electrobroc Energy Information Centre invites the curious of all ages to discover the fascinating world of energy, far from any technical or moralizing prejudices.<\/p>\n<p>This is an exhibition on a huge scale: spread over close to 1,200 m<sup>2<\/sup>, it takes visitors on an extended tour of the fast-moving, topical and multifaceted subject of energy. Thanks to a wealth of explanatory panels, models, detailed presentations, demonstrations and awe-inspiring machines and equipment, you are sure to leave Electrobroc with your grey cells fully charged![\/vc_column_text][\/vc_column_inner][\/vc_row_inner][\/vc_column][\/vc_row][vc_row type=&#8221;5&#8243; bg_color=&#8221;#e20079&#8243; css=&#8221;.vc_custom_1591776004668{background-color: #e20079 !important;}&#8221;][vc_column css=&#8221;.vc_custom_1591734019964{background-color: #ffffff !important;}&#8221;][vc_row_inner][vc_column_inner][vc_column_text]The exhibition showcases the latest renewable energy trends and developments, explains the stakes for our planet and offers advice on the practical steps that we can take in our everyday lives to consume energy more responsibly. At the same time, Electrobroc highlights the indispensable role that the Sarine river has played throughout the history of electricity generation in the region, providing the canton of Fribourg with a natural, local and renewable source of energy.<\/p>\n<p>This high-voltage tour delivers a real jolt of energy to visitors of all ages.<\/p>\n<p>After the tour, you can continue your journey into this fascinating world by setting out on one of several walking trails that highlight the vital role the natural environment plays in the region\u2019s electricity production. One such trail takes you through the majestic <em><i>Gorges de la Jogne<\/i><\/em>\u00a0to the Montsalvens dam, the first double-curvature arch dam in Europe.<\/p>\n<p>Natural and cultural heritage lovers are also spoilt for choice. The Gruy\u00e8re Pays-d&#8217;Enhaut Regional Nature Park, which extends across the cantons of Fribourg and Vaud, has designed three hiking trails that show off its exceptional heritage sites to their best advantage. You can cool off with a stroll along the shores of Lake Gruy\u00e8re before enjoying some delicious traditional cuisine at <em><i>Le Gruy\u00e9rien <\/i><\/em>in Morlon.<\/p>\n<p><strong><b>Wallpaper Museum \u2013 More than a pretty pattern <\/b><\/strong><\/p>\n<div id=\"attachment_2629\" style=\"width: 560px\" class=\"wp-caption alignright\"><img loading=\"lazy\" decoding=\"async\" aria-describedby=\"caption-attachment-2629\" class=\"wp-image-2629\" src=\"https:\/\/musees-en-gruyere.ch\/wp-content\/uploads\/2020\/05\/Picture8-1-300x161.png\" alt=\"\" width=\"550\" height=\"296\" srcset=\"https:\/\/musees-en-gruyere.ch\/wp-content\/uploads\/2020\/05\/Picture8-1-300x161.png 300w, https:\/\/musees-en-gruyere.ch\/wp-content\/uploads\/2020\/05\/Picture8-1-1024x551.png 1024w, https:\/\/musees-en-gruyere.ch\/wp-content\/uploads\/2020\/05\/Picture8-1-768x413.png 768w, https:\/\/musees-en-gruyere.ch\/wp-content\/uploads\/2020\/05\/Picture8-1.png 1289w\" sizes=\"auto, (max-width: 550px) 100vw, 550px\" \/><p id=\"caption-attachment-2629\" class=\"wp-caption-text\">Video: Wallpaper Museum in M\u00e9zi\u00e8res<\/p><\/div>\n<p>The canton of Fribourg boasts a museum given over entirely to wallpaper. Nestled in the scenic pays de Gl\u00e2ne, the <em><i>Mus\u00e9e papier peint<\/i><\/em>\u00a0opened its doors in 2007. Inside the Ch\u00e2teau de M\u00e9zi\u00e8res, which was once home to the wealthy de Diesbach family, you will discover a stunning collection of lovingly restored wallpapers dating as far back as the 18<sup>th<\/sup>\u00a0century.<\/p>\n<p>This period revolutionised the art of wallpaper making. Instead of single sheets, technical advances meant that it could be produced in rolls, block-printed and decorated with distemper colours. Its popularity soared and delicately patterned paper soon adorned the walls of Europe\u2019s finest homes. As artistic fashions changed, so too did wallpaper motifs. In M\u00e9zi\u00e8res, the walls are the storytellers. They serve as an important record of design history and reflect changing tastes across the ages.<\/p>\n<p>The public can admire the fragile beauty of the original wall coverings in 12 of the mansion\u2019s rooms, which once served as the private quarters of its patrician residents. The Museum also hosts a wide range of events and temporary exhibitions throughout the year, offering visitors an unforgettable experience in these wonderful historic surroundings.<\/p>\n<p><strong><b>Take to the skies at the<\/b><\/strong><strong><em><b><i>\u00a0Espace Ballon<\/i><\/b><\/em><\/strong><\/p>\n<p>A trip to the <em><i>Espace Ballon<\/i><\/em>\u00a0provides a fitting end to this wonderfully quirky journey. The museum celebrates the amazing world of ballooning and is within easy reach from Gruy\u00e8res village.<\/p>\n<p>From the novels of Jules Verne to the record-breaking feats of Auguste Piccard, the hot-air balloon has long been the preferred mode of transport for adventurers. It fired the imagination of novelists more than two centuries ago, and daredevils through the ages feverishly dreamt of climbing into its basket and conquering the skies. But these huge balloons are benign conquerors, skimming the skyline and floating discreetly above the fields and tree tops.<\/p>\n<p>For brothers Joseph-Michel and Jacques-Etienne Montgolfier, the sky was indeed the limit. In 1783 they launched the first ever flight of its kind using an enormous balloon fashioned out of silk. Although the first attempts by the <em><i>Breitling-Orbiter<\/i><\/em>\u00a0to fly non-stop around the world failed, the history of ballooning is strewn with triumph after triumph, each one pushing the boundaries of technology a little bit further in their bid to tame the skies. Generations of dreamers and risk takers dared to imagine that they would one day succeed in defying the laws of gravity.<\/p>\n<div id=\"attachment_2630\" style=\"width: 560px\" class=\"wp-caption alignleft\"><img loading=\"lazy\" decoding=\"async\" aria-describedby=\"caption-attachment-2630\" class=\"wp-image-2630\" src=\"https:\/\/musees-en-gruyere.ch\/wp-content\/uploads\/2020\/05\/Picture3-1-300x200.png\" alt=\"\" width=\"550\" height=\"367\" srcset=\"https:\/\/musees-en-gruyere.ch\/wp-content\/uploads\/2020\/05\/Picture3-1-300x200.png 300w, https:\/\/musees-en-gruyere.ch\/wp-content\/uploads\/2020\/05\/Picture3-1.png 755w\" sizes=\"auto, (max-width: 550px) 100vw, 550px\" \/><p id=\"caption-attachment-2630\" class=\"wp-caption-text\">Everything you ever wanted to know about hot-air ballooning at the Espace Ballon in Ch\u00e2teau-d\u2019Oex<\/p><\/div>\n<p>Over time, the village of Ch\u00e2teau d\u2019Oex has emerged as the ballooning capital of Switzerland, thanks in no small part to its particularly conducive microclimate. For the last 40 years, it has organised the International Balloon Festival which draws crowds some 100 hot-air balloons from around the world eager to take part in this aerial ballet.<\/p>\n<p>Unsurprisingly, the village is also home to a museum given over entirely to these gentle giants of aviation. Once home to the local council, the building now houses an interactive exhibition that lets visitors circumnavigate this poetic world and explore the history and technology behind these magnificent flying machines. A stone&#8217;s throw from the hot air balloon\u00a0take-off site, visitors can admire the capsule\u00a0in which balloonists Bertrand Piccard and Brian Jones made their first attempt to fly non-stop around the world.<\/p>\n<p>The exhibition is an exploration of the wild blue yonder but also of the men who dared to take to reach for the sky. Luckily, few singed their wings.<\/p>\n<p style=\"text-align: right;\"><em>Ang\u00e9lique Eggenschwiler<\/em><\/p>\n<p>[\/vc_column_text][\/vc_column_inner][\/vc_row_inner][\/vc_column][\/vc_row][vc_row type=&#8221;1&#8243; bg_color=&#8221;#e20079&#8243; css=&#8221;.vc_custom_1591776013766{background-color: #e20079 !important;}&#8221;][vc_column][vc_empty_space height=&#8221;50px&#8221;][\/vc_column][\/vc_row]<\/p>\n","protected":false},"excerpt":{"rendered":"<p>[vc_row type=&#8221;1&#8243; bg_position=&#8221;center&#8221; bg_cover=&#8221;true&#8221; enable_parallax=&#8221;false&#8221; parallax_speed=&#8221;0.4&#8243; css=&#8221;.vc_custom_1590477533272{margin-bottom: 20px !important;}&#8221; bg_image=&#8221;https:\/\/musees-en-gruyere.ch\/wp-content\/uploads\/2020\/05\/Picture3-1.png&#8221; anchor=&#8221;cantorama&#8221;][vc_column][vc_row_inner][vc_column_inner el_class=&#8221;white&#8221; css=&#8221;.vc_custom_1487949275479{margin-top: 30% !important;background-color: #e20079 !important;}&#8221;][vc_column_text] Destinations for curious minds [\/vc_column_text][\/vc_column_inner][\/vc_row_inner][\/vc_column][\/vc_row][vc_row type=&#8221;4&#8243; bg_color=&#8221;#e20079&#8243; css=&#8221;.vc_custom_1589986238023{background-color: #e20079 !important;}&#8221;][vc_column css=&#8221;.vc_custom_1487949441724{background-color: #e20079 !important;}&#8221; el_class=&#8221;white&#8221;][vc_row_inner][vc_column_inner][vc_video link=&#8221;https:\/\/youtu.be\/fw2x2Xdc9xM&#8221; css=&#8221;.vc_custom_1593615249247{margin-bottom: -20px !important;}&#8221;][vc_column_text]Video: Flights of fancy[\/vc_column_text][\/vc_column_inner][\/vc_row_inner][\/vc_column][\/vc_row][vc_row type=&#8221;5&#8243; bg_color=&#8221;#e20079&#8243; css=&#8221;.vc_custom_1594394416339{background-color: #e20079 !important;}&#8221;][vc_column css=&#8221;.vc_custom_1591734001160{background-color: #ffffff !important;}&#8221;][vc_row_inner css=&#8221;.vc_custom_1594394489840{background-color: #ffffff !important;}&#8221;][vc_column_inner css=&#8221;.vc_custom_1594394543682{background-color: #ffffff !important;}&#8221;][vc_column_text]La Gruy\u00e8re: a great&hellip;<\/p>\n","protected":false},"author":1,"featured_media":0,"parent":0,"menu_order":0,"comment_status":"closed","ping_status":"closed","template":"","meta":{"_acf_changed":false},"class_list":["post-2580","page","type-page","status-publish","hentry","description-off"],"acf":[],"_links":{"self":[{"href":"https:\/\/musees-en-gruyere.ch\/en\/wp-json\/wp\/v2\/pages\/2580","targetHints":{"allow":["GET"]}}],"collection":[{"href":"https:\/\/musees-en-gruyere.ch\/en\/wp-json\/wp\/v2\/pages"}],"about":[{"href":"https:\/\/musees-en-gruyere.ch\/en\/wp-json\/wp\/v2\/types\/page"}],"author":[{"embeddable":true,"href":"https:\/\/musees-en-gruyere.ch\/en\/wp-json\/wp\/v2\/users\/1"}],"replies":[{"embeddable":true,"href":"https:\/\/musees-en-gruyere.ch\/en\/wp-json\/wp\/v2\/comments?post=2580"}],"version-history":[{"count":16,"href":"https:\/\/musees-en-gruyere.ch\/en\/wp-json\/wp\/v2\/pages\/2580\/revisions"}],"predecessor-version":[{"id":3337,"href":"https:\/\/musees-en-gruyere.ch\/en\/wp-json\/wp\/v2\/pages\/2580\/revisions\/3337"}],"wp:attachment":[{"href":"https:\/\/musees-en-gruyere.ch\/en\/wp-json\/wp\/v2\/media?parent=2580"}],"curies":[{"name":"wp","href":"https:\/\/api.w.org\/{rel}","templated":true}]}}