{"id":2578,"date":"2020-05-20T19:31:22","date_gmt":"2020-05-20T19:31:22","guid":{"rendered":"https:\/\/musees-en-gruyere.ch\/en\/?page_id=2578"},"modified":"2020-07-10T15:30:06","modified_gmt":"2020-07-10T15:30:06","slug":"art","status":"publish","type":"page","link":"https:\/\/musees-en-gruyere.ch\/en\/art\/","title":{"rendered":"Art"},"content":{"rendered":"<p>[vc_row type=&#8221;1&#8243; bg_position=&#8221;center&#8221; bg_cover=&#8221;true&#8221; enable_parallax=&#8221;false&#8221; parallax_speed=&#8221;0.4&#8243; css=&#8221;.vc_custom_1590476954260{margin-bottom: 20px !important;}&#8221; bg_image=&#8221;https:\/\/musees-en-gruyere.ch\/wp-content\/uploads\/2020\/05\/Picture4.png&#8221; anchor=&#8221;cantorama&#8221;][vc_column][vc_row_inner][vc_column_inner el_class=&#8221;white&#8221; css=&#8221;.vc_custom_1487949275479{margin-top: 30% !important;background-color: #e20079 !important;}&#8221;][vc_column_text]<\/p>\n<h1>Destinations for art lovers<\/h1>\n<p>[\/vc_column_text][\/vc_column_inner][\/vc_row_inner][\/vc_column][\/vc_row][vc_row type=&#8221;4&#8243; bg_color=&#8221;#e20079&#8243; css=&#8221;.vc_custom_1589986238023{background-color: #e20079 !important;}&#8221;][vc_column css=&#8221;.vc_custom_1487949441724{background-color: #e20079 !important;}&#8221; el_class=&#8221;white&#8221;][vc_row_inner][vc_column_inner][vc_video link=&#8221;https:\/\/www.youtube.com\/watch?v=d_K2TVUhNuE&#8221; css=&#8221;.vc_custom_1590476920459{margin-bottom: -20px !important;}&#8221;][vc_column_text]<em>Video: Destinations for art lovers<\/em>[\/vc_column_text][\/vc_column_inner][\/vc_row_inner][\/vc_column][\/vc_row][vc_row type=&#8221;5&#8243; bg_color=&#8221;#e20079&#8243; css=&#8221;.vc_custom_1591775973190{background-color: #e20079 !important;}&#8221;][vc_column css=&#8221;.vc_custom_1591733917711{background-color: #ffffff !important;}&#8221;][vc_column_text]<strong><b>La Gruy\u00e8re \u2013 a treasure trove of masterpieces <\/b><\/strong><\/p>\n<p>The collections of the <em><i>Association des Mus\u00e9es en Gruy\u00e8re<\/i><\/em>\u00a0are an art lover\u2019s dream. The rather unconventional settings in which some of these works are displayed, whether in the intimate confines of a chapel or in the heart of an imposing castle, serve only to magnify their beauty. The sinuous curves of a stained glass window at the <em><i>Vitronmus\u00e9e<\/i><\/em>\u00a0in Romont, the remarkable talent of local artists showcased at the <em><i>Mus\u00e9e de Charmey<\/i><\/em>, Buddhist art at the Tibet Museum, or Hans Ruedi Giger\u2019s unsettling and breathtaking biomechanical figures\u2026\u00a0La Gruy\u00e8re is a microcosm of the eclectic world of art.[\/vc_column_text][vc_row_inner css=&#8221;.vc_custom_1589987677662{margin-top: -30px !important;}&#8221;][vc_column_inner][vc_column_text]<strong><em><b><i>Vitromus\u00e9e Romont<\/i><\/b><\/em><\/strong><strong><b>\u00a0\u2013 a window on glass art<\/b><\/strong><\/p>\n<p>&nbsp;<\/p>\n<div id=\"attachment_2613\" style=\"width: 570px\" class=\"wp-caption alignleft\"><img loading=\"lazy\" decoding=\"async\" aria-describedby=\"caption-attachment-2613\" class=\"wp-image-2613 size-full\" src=\"https:\/\/musees-en-gruyere.ch\/wp-content\/uploads\/2020\/05\/Picture4-1.png\" alt=\"\" width=\"560\" height=\"350\" srcset=\"https:\/\/musees-en-gruyere.ch\/wp-content\/uploads\/2020\/05\/Picture4-1.png 560w, https:\/\/musees-en-gruyere.ch\/wp-content\/uploads\/2020\/05\/Picture4-1-300x188.png 300w\" sizes=\"auto, (max-width: 560px) 100vw, 560px\" \/><p id=\"caption-attachment-2613\" class=\"wp-caption-text\">The works in the museum\u2019s collection are as diverse as they are poetic, and document the evolution of stained glass art during the 19th century.<\/p><\/div>\n<p>In the south of the canton of Fribourg, art finds expression in the half light of day which is delicately captured in the stained glass of the <em><i>Vitromus\u00e9e Romont<\/i><\/em>. Tiny rods of skilfully moulded lead lock in the luminescent rays in works which are unspoiled by the passage of time. Glass art offers us a window into the far and near reaches of history, tempting us to lean over the guardrails to bathe our faces in the gleaming light of the past, and the present. Resettled from their original religious and secular homes, the works in the museum collection keep alive the memory of the countless sunrises that have added to their aesthetic charm.<\/p>\n<p>In addition to many examples of stained glass ranging from 5<sup>th<\/sup>\u00a0century archaeological fragments to contemporary works, the <em><i>Vitromus\u00e9e Romont<\/i><\/em>\u00a0is home to one of the largest collections of reverse paintings on glass. The 300 or so works on public display take visitors on a journey through time, conjuring up images of the drawing rooms of emperors and generations of wealthy \u00a0\u00a0connoisseurs of this exquisite art form. Glass is a fragile and noble substance which requires a deft and experienced hand to tame its capricious nature, but whose brilliance is instantly evident.<\/p>\n<p><strong><b>HR Giger Museum \u2013 Where poetry and science fiction meet<\/b><\/strong><\/p>\n<p>Born in Chur in 1940, the painter, sculptor and designer Hans Ruedi Giger is considered a master of fantastic realism. His unmistakeable style straddles the world of poetry and science fiction. His works exist in a parallel universe where the darkest recesses of the human psyche come to life in the form of hybrid creatures of exquisite but deeply disturbing beauty. The sepulchral lighting of the museum accentuates the repulsive, disconcertingly attractive contours of our deepest fears made flesh.<\/p>\n<p>HR Giger adroitly appropriates an unsettling aesthetic that blurs the boundaries between nightmare and fantasy and unites them in a macabre and beguiling dance. Fraught with tension and ridden with the organic violence that lies dormant in the human mind, Giger\u2019s works plunge the viewer into an unnerving yet strangely familiar universe.<\/p>\n<p>The HR Giger Museum, which opened in 1998 in the heart of medieval Gruy\u00e8res, is home to the largest collection of the artist\u2019s work, including airbrush paintings, sculptures, furniture and a plethora of other decorative objects. Together, they document how the output of this singular artist evolved over time. One of the main attractions are his iconic creations that feature heavily in Ridley Scott\u2019s cult classic <em><i>Alien<\/i><\/em>. The otherworldly experience continues in the bar next door. It is the last major work completed by the artist before his death and is an integral part of the exhibition. Here, visitors are drawn ever deeper into Giger\u2019s extraterrestrial, stygian universe. It is the stuff of deliciously dark nightmares.<\/p>\n<p><iframe loading=\"lazy\" src=\"https:\/\/www.youtube.com\/embed\/8FivCBymwu4\" width=\"496\" height=\"279\" frameborder=\"0\" allowfullscreen=\"allowfullscreen\"><\/iframe><\/p>\n<p><strong><b>Tibet Museum \u2013 A bridge between two worlds<\/b><\/strong><\/p>\n<p>The Tibet Museum, in the heart of the medieval town of Gruy\u00e8res, boasts one of the largest collections of Buddhist art in the world. The paintings, sculptures and other religious artefacts, the earliest of which date from the first century, are beautifully displayed in the basement of the Chapel of Saint Joseph. Under the benevolent watch of the Christian saints that populate the choir\u2019s stained glass windows of the choir, the collection not only documents the history of Buddhist art but also unites two worlds through their shared belief in a universe that transcends the material world.<\/p>\n<div id=\"attachment_2614\" style=\"width: 560px\" class=\"wp-caption alignright\"><img loading=\"lazy\" decoding=\"async\" aria-describedby=\"caption-attachment-2614\" class=\"wp-image-2614\" src=\"https:\/\/musees-en-gruyere.ch\/wp-content\/uploads\/2020\/05\/Picture5-1-300x169.png\" alt=\"\" width=\"550\" height=\"310\" srcset=\"https:\/\/musees-en-gruyere.ch\/wp-content\/uploads\/2020\/05\/Picture5-1-300x169.png 300w, https:\/\/musees-en-gruyere.ch\/wp-content\/uploads\/2020\/05\/Picture5-1-1024x576.png 1024w, https:\/\/musees-en-gruyere.ch\/wp-content\/uploads\/2020\/05\/Picture5-1-768x432.png 768w, https:\/\/musees-en-gruyere.ch\/wp-content\/uploads\/2020\/05\/Picture5-1.png 1361w\" sizes=\"auto, (max-width: 550px) 100vw, 550px\" \/><p id=\"caption-attachment-2614\" class=\"wp-caption-text\">Museums in La Gruy\u00e8re \u2013 Destinations for art lovers<\/p><\/div>\n<p>Through the delicate plumes of burning incense, visitors might discern St Francis of Assisi and Milarepa exchanging a knowing glance. As day hesitantly breaks through the windows, the crown on the glass sculpture of Jesus Christ envelopes the tranquil bodhisattvas in a halo of light. This inner sanctum, at the crossroads between the Occident and the Levant, prompts visitors to question what they though they knew and believed, setting them on a more enlightened path.<\/p>\n<p>To stay in the artistic universe, the Fer de lance shop welcomes you in the old town of Gruy\u00e8res where you will discover a wide range of crafts and mineralogy coming directly from the Himalayan mountains.<\/p>\n<p><strong><b>Ch\u00e2teau de Gruy\u00e8res and the noble spirit of adventure <\/b><\/strong><\/p>\n<p>Only a few kilometres separate the region\u2019s capital Bulle and the Ch\u00e2teau de Gruy\u00e8res. A few kilometres away from the region\u2019s capital stands the Ch\u00e2teau de Gruy\u00e8re. Built in the 13<sup>th<\/sup>\u00a0century on the hill overlooking the charming medieval town of the same name, the castle was the seat of one of the region\u2019s most powerful noble families, the Counts of Gruy\u00e8re, for nearly 500 years. The last member of the family to reside there, Count Michel was forced to surrender his ancestral home in 1554 to settle the substantial debts he owed the cities of Bern and Fribourg.<\/p>\n<p>Subsequently, the Ch\u00e2teau became the home of a succession of bailiffs and prefects appointed by the Fribourg administration to govern the region. In 1848, a wealthy family from Geneva purchased the medieval fortress and transformed it into a sanctuary for artists. Painters, sculptors, musicians and writers flocked to the <em><i>Ch\u00e2teau de Gruy\u00e8res<\/i><\/em>\u00a0in search of inspiration in these exhilarating and august surroundings. The beauty and timeless quality of the setting did indeed spark their creative imagination and many of these art works still adorn the castle\u2019s walls and rooms today.<\/p>\n<div id=\"attachment_2615\" style=\"width: 510px\" class=\"wp-caption alignleft\"><img loading=\"lazy\" decoding=\"async\" aria-describedby=\"caption-attachment-2615\" class=\"wp-image-2615\" src=\"https:\/\/musees-en-gruyere.ch\/wp-content\/uploads\/2020\/05\/Picture6-1-300x98.png\" alt=\"\" width=\"500\" height=\"163\" srcset=\"https:\/\/musees-en-gruyere.ch\/wp-content\/uploads\/2020\/05\/Picture6-1-300x98.png 300w, https:\/\/musees-en-gruyere.ch\/wp-content\/uploads\/2020\/05\/Picture6-1-1024x333.png 1024w, https:\/\/musees-en-gruyere.ch\/wp-content\/uploads\/2020\/05\/Picture6-1-768x250.png 768w, https:\/\/musees-en-gruyere.ch\/wp-content\/uploads\/2020\/05\/Picture6-1.png 1098w\" sizes=\"auto, (max-width: 500px) 100vw, 500px\" \/><p id=\"caption-attachment-2615\" class=\"wp-caption-text\">Ch\u00e2teau de Gruy\u00e8res: a fortress nestled in the foothills of the Pre-Alps, https:\/\/www.chateau-gruyeres.ch\/chateau-et-collections\/histoire\/chateau-medieval<\/p><\/div>\n<p>Memories of its colourful history are etched into the stone of the Ch\u00e2teau de Gruy\u00e8res. From medieval treasures to paintings by Camille Corot not to mention the sumptuous Ancien R\u00e9gime decor, the castle provides a visual account of the events which have shaped the landscape of La Gruy\u00e8re over time. The castle\u2019s collections, tucked safely behind its centuries-old walls, document an enthralling and multifaceted history which has more to tell than classic tales of knights in shining armour.<\/p>\n<p><strong><em><b><i>Mus\u00e9e de Charmey<\/i><\/b><\/em><\/strong><strong><b>\u00a0\u2013 a showcase of local talent<\/b><\/strong><\/p>\n<p>With its glimpse into the life of Valsainte Charterhouse, the <em><i>Mus\u00e9e de Charmey<\/i><\/em>\u00a0offers visitors a seamless transition from Buddhism to Christianity.<\/p>\n<p>Valsainte, the only working Charterhouse monastery in Switzerland, has long been closed to the public so that its community of monks can practise their faith in peace, solitude and silence. Only a few hours walk from the village of Charmey but far, far removed from contemporary life, the monastery is a jealous guardian of its secrets.<\/p>\n<p>The permanent exhibition at the <em><i>Mus\u00e9e de Charmey<\/i><\/em>\u00a0offers a tiny peak into this clandestine world.<\/p>\n<p>Housed in the former <em><i>Platzhaus<\/i><\/em> in the village of Jaun (17<sup>th<\/sup>\u00a0century), the <em><i>Mus\u00e9e de Charmey<\/i><\/em>\u00a0is an important repository of regional history and heritage. Its temporary exhibitions offer a contemporary take on the alpine economy and showcase the work of local applied artists who principally use natural materials like wood, paper and soil.<\/p>\n<p>It hosts the International Paper Triennial founded in 1993 in partnership with local artist Viviane Fontaine. This exhibition-competition that is open to all artists who use this rich and protean material as the primary medium for their works. Paper art is a fully-fledged part of the contemporary art scene and provides applied artists the world over with a unique and quirky medium of expression.<\/p>\n<p><em>Ang\u00e9lique Eggenschwiler<\/em><\/p>\n<div id=\"attachment_2616\" style=\"width: 560px\" class=\"wp-caption alignleft\"><img loading=\"lazy\" decoding=\"async\" aria-describedby=\"caption-attachment-2616\" class=\"wp-image-2616\" src=\"https:\/\/musees-en-gruyere.ch\/wp-content\/uploads\/2020\/05\/Picture7-1-300x214.png\" alt=\"\" width=\"550\" height=\"392\" srcset=\"https:\/\/musees-en-gruyere.ch\/wp-content\/uploads\/2020\/05\/Picture7-1-300x214.png 300w, https:\/\/musees-en-gruyere.ch\/wp-content\/uploads\/2020\/05\/Picture7-1-1024x730.png 1024w, https:\/\/musees-en-gruyere.ch\/wp-content\/uploads\/2020\/05\/Picture7-1-768x547.png 768w, https:\/\/musees-en-gruyere.ch\/wp-content\/uploads\/2020\/05\/Picture7-1.png 1440w\" sizes=\"auto, (max-width: 550px) 100vw, 550px\" \/><p id=\"caption-attachment-2616\" class=\"wp-caption-text\">The Mus\u00e9e de Charmey has hosted hundreds of artists from around the globe since the inaugural edition of the International Paper Triennial in 1993<\/p><\/div>\n<p>[\/vc_column_text][\/vc_column_inner][\/vc_row_inner][\/vc_column][\/vc_row][vc_row type=&#8221;1&#8243; bg_color=&#8221;#e20079&#8243; css=&#8221;.vc_custom_1591775985859{background-color: #e20079 !important;}&#8221;][vc_column][vc_empty_space height=&#8221;50px&#8221;][\/vc_column][\/vc_row]<\/p>\n","protected":false},"excerpt":{"rendered":"<p>[vc_row type=&#8221;1&#8243; bg_position=&#8221;center&#8221; bg_cover=&#8221;true&#8221; enable_parallax=&#8221;false&#8221; parallax_speed=&#8221;0.4&#8243; css=&#8221;.vc_custom_1590476954260{margin-bottom: 20px !important;}&#8221; bg_image=&#8221;https:\/\/musees-en-gruyere.ch\/wp-content\/uploads\/2020\/05\/Picture4.png&#8221; anchor=&#8221;cantorama&#8221;][vc_column][vc_row_inner][vc_column_inner el_class=&#8221;white&#8221; css=&#8221;.vc_custom_1487949275479{margin-top: 30% !important;background-color: #e20079 !important;}&#8221;][vc_column_text] Destinations for art lovers [\/vc_column_text][\/vc_column_inner][\/vc_row_inner][\/vc_column][\/vc_row][vc_row type=&#8221;4&#8243; bg_color=&#8221;#e20079&#8243; css=&#8221;.vc_custom_1589986238023{background-color: #e20079 !important;}&#8221;][vc_column css=&#8221;.vc_custom_1487949441724{background-color: #e20079 !important;}&#8221; el_class=&#8221;white&#8221;][vc_row_inner][vc_column_inner][vc_video link=&#8221;https:\/\/www.youtube.com\/watch?v=d_K2TVUhNuE&#8221; css=&#8221;.vc_custom_1590476920459{margin-bottom: -20px !important;}&#8221;][vc_column_text]Video: Destinations for art lovers[\/vc_column_text][\/vc_column_inner][\/vc_row_inner][\/vc_column][\/vc_row][vc_row type=&#8221;5&#8243; bg_color=&#8221;#e20079&#8243; css=&#8221;.vc_custom_1591775973190{background-color: #e20079 !important;}&#8221;][vc_column css=&#8221;.vc_custom_1591733917711{background-color: #ffffff !important;}&#8221;][vc_column_text]La Gruy\u00e8re \u2013 a treasure trove of masterpieces The&hellip;<\/p>\n","protected":false},"author":1,"featured_media":0,"parent":0,"menu_order":0,"comment_status":"closed","ping_status":"closed","template":"","meta":{"_acf_changed":false},"class_list":["post-2578","page","type-page","status-publish","hentry","description-off"],"acf":[],"_links":{"self":[{"href":"https:\/\/musees-en-gruyere.ch\/en\/wp-json\/wp\/v2\/pages\/2578","targetHints":{"allow":["GET"]}}],"collection":[{"href":"https:\/\/musees-en-gruyere.ch\/en\/wp-json\/wp\/v2\/pages"}],"about":[{"href":"https:\/\/musees-en-gruyere.ch\/en\/wp-json\/wp\/v2\/types\/page"}],"author":[{"embeddable":true,"href":"https:\/\/musees-en-gruyere.ch\/en\/wp-json\/wp\/v2\/users\/1"}],"replies":[{"embeddable":true,"href":"https:\/\/musees-en-gruyere.ch\/en\/wp-json\/wp\/v2\/comments?post=2578"}],"version-history":[{"count":11,"href":"https:\/\/musees-en-gruyere.ch\/en\/wp-json\/wp\/v2\/pages\/2578\/revisions"}],"predecessor-version":[{"id":3274,"href":"https:\/\/musees-en-gruyere.ch\/en\/wp-json\/wp\/v2\/pages\/2578\/revisions\/3274"}],"wp:attachment":[{"href":"https:\/\/musees-en-gruyere.ch\/en\/wp-json\/wp\/v2\/media?parent=2578"}],"curies":[{"name":"wp","href":"https:\/\/api.w.org\/{rel}","templated":true}]}}