{"id":2367,"date":"2020-05-19T13:16:30","date_gmt":"2020-05-19T13:16:30","guid":{"rendered":"https:\/\/musees-en-gruyere.ch\/en\/?page_id=2367"},"modified":"2020-06-11T13:46:42","modified_gmt":"2020-06-11T13:46:42","slug":"tibet-museum-alain-bordier-foundation","status":"publish","type":"page","link":"https:\/\/musees-en-gruyere.ch\/en\/tibet-museum-alain-bordier-foundation\/","title":{"rendered":"Tibet Museum Alain Bordier Foundation"},"content":{"rendered":"<p>[vc_row type=&#8221;1&#8243; bg_position=&#8221;center&#8221; enable_parallax=&#8221;false&#8221; parallax_speed=&#8221;0.4&#8243; css=&#8221;.vc_custom_1527254881035{margin-bottom: 20px !important;}&#8221; bg_image=&#8221;https:\/\/musees-en-gruyere.ch\/wp-content\/uploads\/2018\/05\/tibet-musee.jpg&#8221; anchor=&#8221;tibet&#8221;][vc_column][vc_row_inner][vc_column_inner el_class=&#8221;white&#8221; css=&#8221;.vc_custom_1591793519312{margin-top: 35% !important;background-color: #e20079 !important;}&#8221;][vc_column_text]<\/p>\n<h3>Tibet Museum Fondation Bordier<br \/>\nBuddhist sculptures, paintings and ritual objects<\/h3>\n<p>[\/vc_column_text][\/vc_column_inner][\/vc_row_inner][\/vc_column][\/vc_row][vc_row type=&#8221;1&#8243; bg_color=&#8221;#e20079&#8243;][vc_column css=&#8221;.vc_custom_1487949567830{background-color: #e20079 !important;}&#8221; el_class=&#8221;white&#8221;][vc_column_text]In April 2009, the Alain Bordier Foundation inaugurated the Tibet Museum right in the heart of medieval Gruy\u00e8res. Its permanent exhibition encompasses a remarkable collection of buddhist sculptures, paintings and ritual objects. Some of these originate from Tibet\u2019s neighboring regions such as Nepal, Kashmir, North India or Burma. This exhibition of extraordinary beauty can be discovered and contemplated within the walls of a restaured chapel dedicated to Saint Joseph.[\/vc_column_text][\/vc_column][\/vc_row][vc_row type=&#8221;1&#8243; bg_color=&#8221;#e20079&#8243;][vc_column][vc_row_inner][vc_column_inner css=&#8221;.vc_custom_1487857525401{background-color: #ffffff !important;}&#8221;][vc_column_text]<\/p>\n<h3>Agenda<\/h3>\n<p>[\/vc_column_text][vc_column_text]<!-- EventON Calendar --><div id='evcal_calendar_475' class='list_cal ajde_evcal_calendar  ul box_2 ' ><div id='evcal_head' class='calendar_header ' ><div class='evo_cal_above'><span class='evo-gototoday-btn' style='display:none' data-mo='4' data-yr='2026' data-dy=''>Current Month<\/span><\/div><div class='evo_cal_above_content'><\/div><div class='clear'><\/div><\/div><div id='eventon_loadbar_section'><div id='eventon_loadbar'><\/div><\/div><!-- Events List --><div id='evcal_list' class='eventon_events_list sep_months evcal_list_month'><div class='evcal_month_line' data-d='eml_4_2026'><p>april<\/p><\/div><div class='sep_month_events ' data-d='eml_4_2026'><div id=\"event_4597_0\" class=\"eventon_list_event evo_eventtop scheduled  event event_4597_0\" data-event_id=\"4597\" data-ri=\"0r\" data-time=\"1777059000-1777064400\" data-colr=\"#e20079\" itemscope itemtype='http:\/\/schema.org\/Event'><div class=\"evo_event_schema\" style=\"display:none\" ><a itemprop='url'  href='https:\/\/musees-en-gruyere.ch\/en\/events\/road-to-harmony-concert-acoustique-de-dechen-shak-dagsay\/var\/ri-0.l-L2'><\/a><meta itemprop='image'  \/><meta itemprop='startDate' content=\"2026-4-24T19:30+0:00\" \/><meta itemprop='endDate' content=\"2026-4-24T21:00+0:00\" \/><meta itemprop='eventStatus' content=\"https:\/\/schema.org\/EventScheduled\" \/><item style=\"display:none\" itemprop=\"eventAttendanceMode\" itemscope itemtype=\"https:\/\/schema.org\/OfflineEventAttendanceMode\"><\/item><script type=\"application\/ld+json\">{\"@context\": \"http:\/\/schema.org\",\"@type\": \"Event\",\n\t\t\t\t\t\"@id\": \"event_4597_0\",\n\t\t\t\t\t\"eventAttendanceMode\":\"https:\/\/schema.org\/OfflineEventAttendanceMode\",\n\t\t\t\t\t\"name\": \"Road to Harmony - Concert acoustique de Dechen Shak-Dagsay\",\n\t\t\t\t\t\"url\": \"https:\/\/musees-en-gruyere.ch\/en\/events\/road-to-harmony-concert-acoustique-de-dechen-shak-dagsay\/var\/ri-0.l-L2\",\n\t\t\t\t\t\"startDate\": \"2026-4-24T19:30+0:00\",\n\t\t\t\t\t\"endDate\": \"2026-4-24T21:00+0:00\",\n\t\t\t\t\t\"image\":\"\", \n\t\t\t\t\t\"description\":\"'Road to Harmony - Concert acoustique de Dechen Shak-Dagsay'\",\"eventStatus\":\"https:\/\/schema.org\/EventScheduled\"}<\/script><\/div>\r\n\t\t\t\t<p class=\"desc_trig_outter\" style=\"\"><a data-gmtrig=\"1\" data-exlk=\"0\" style=\"border-color: #e20079;\" id=\"evc_17770590004597\" class=\"desc_trig evo_concert evo_concert evo_konzert sin_val evcal_list_a\" data-ux_val=\"1\"  ><span class='evcal_cblock ' data-bgcolor='#e20079' data-smon='april' data-syr='2026'><span class='evo_start '><em class='date'>24<\/em><em class='month'>apr<\/em><em class='time'>19:30<\/em><\/span><span class='evo_end only_time'><em class='time'>21:00<\/em><\/span><em class='clear'><\/em><\/span><span class='evcal_desc evo_info hide_eventtopdata '  ><span class='evo_above_title'><\/span><span class='evcal_desc2 evcal_event_title french' itemprop='name'>Road to Harmony - Concert acoustique de Dechen Shak-Dagsay<\/span><span class='evcal_desc2 evcal_event_title english' itemprop='name'>Road to Harmony - Concert acoustique de Dechen Shak-Dagsay<\/span><span class='evcal_desc2 evcal_event_title deutch' itemprop='name'>Road to Harmony - Concert acoustique de Dechen Shak-Dagsay<\/span><span class='evo_below_title'><\/span><span class='evcal_desc_info' ><\/span><span class='evcal_desc3'><span class='evcal_event_types ett1'><em><i>French:<\/i><\/em><em data-filter='event_type'>Concert<\/em><i class='clear'><\/i><\/span><span class='evcal_event_types ett2'><em><i>English:<\/i><\/em><em data-filter='event_type_2'>Concert<\/em><i class='clear'><\/i><\/span><span class='evcal_event_types ett3'><em><i>German:<\/i><\/em><em data-filter='event_type_3'>Konzert<\/em><i class='clear'><\/i><\/span><\/span><\/span><em class='clear'><\/em><\/a><\/p><div class='event_description evcal_eventcard ' style=\"display:none\"><div class='evo_metarow_cusF1 evorow evcal_evdata_row bordb evcal_evrow_sm '>\n\t\t\t\t\t\t\t<span class='evcal_evdata_custometa_icons'><i class='fa fa-info'><\/i><\/span>\n\t\t\t\t\t\t\t<div class='evcal_evdata_cell'>\t\t\t\t\t\t\t\n\t\t\t\t\t\t\t\t<h3 class='evo_h3'>DESCRIPTION DE L&#039;\u00e9V\u00e8NEMENT<\/h3><div class='evo_custom_content evo_data_val'><p>Profiter du calme et de l&#8217;acoustique exceptionnels de la chapelle du Tibet Museum pour \u00e9couter les mantras chant\u00e9s par Dechen Shak-Dagsay, accompagn\u00e9e \u00e0 la fl\u00fbte par J\u00fcrg Zurm\u00fchle. Un moment suspendu&#8230;<\/p>\n<p>&nbsp;<\/p>\n<p>Dechen Shak-Dagsay est une chanteuse suisse n\u00e9e de parents tib\u00e9tains. Elle a d\u00e9j\u00e0 donn\u00e9 plusieurs concerts au Tibet Museum qui ont chaque fois fait salle comble.<\/p>\n<p>N\u00e9e au N\u00e9pal, Dechen Shak Dagsay et ses parents se r\u00e9fugient en Suisse en 1963. Sa famille \u00e9tant pr\u00e9occup\u00e9e par la conservation de la culture tib\u00e9taine, elle \u00e9tudie la danse et la musique tib\u00e9taine pendant son enfance et son adolescence. En 1989, elle fait ses d\u00e9buts dans la musique avec le maxi-single Bodhicitta. Elle travaille ensuite sur le film Little Buddha de Bernardo Bertolucci \u00e0 Londres. Son premier album Dewa Che, est sorti en 1999, en 2002, elle a r\u00e9alis\u00e9 son deuxi\u00e8me album, Shi De, a call for worldpeace, et 2004 son troisi\u00e8me CD Dcham Sem. En 2011 et 2014, elle enregistre deux albums avec Tina Turner, Regula Curti et Sawani Shende-Sathaye. Elle enregistre 13 albums et donne de nombreux concerts \u00e0 travers le monde.<br \/>\nLe 24 avril 2026, elle propose au Tibet Museum une version acoustique accompagn\u00e9e par le fl\u00fbtiste J\u00fcrg Zurm\u00fchle.<\/p>\n<p>RESERVATION OBLIGATOIRE: info@tibetmuseum.ch<img loading=\"lazy\" decoding=\"async\" class=\"alignnone size-medium wp-image-4598\" src=\"https:\/\/musees-en-gruyere.ch\/wp-content\/uploads\/2026\/04\/Affiche_dechen_2026-213x300.jpg\" alt=\"\" width=\"213\" height=\"300\" srcset=\"https:\/\/musees-en-gruyere.ch\/wp-content\/uploads\/2026\/04\/Affiche_dechen_2026-213x300.jpg 213w, https:\/\/musees-en-gruyere.ch\/wp-content\/uploads\/2026\/04\/Affiche_dechen_2026-728x1024.jpg 728w, https:\/\/musees-en-gruyere.ch\/wp-content\/uploads\/2026\/04\/Affiche_dechen_2026-768x1080.jpg 768w, https:\/\/musees-en-gruyere.ch\/wp-content\/uploads\/2026\/04\/Affiche_dechen_2026-1093x1536.jpg 1093w, https:\/\/musees-en-gruyere.ch\/wp-content\/uploads\/2026\/04\/Affiche_dechen_2026.jpg 1146w\" sizes=\"auto, (max-width: 213px) 100vw, 213px\" \/><\/p>\n<\/div><\/div><\/div><div class='evo_metarow_time_location evorow bordb '>\n\t\t\t\t\t\t\t<div class='tb' >\n\t\t\t\t\t\t\t\t<div class='tbrow'>\n\t\t\t\t\t\t\t\t<div class='evcal_col50 bordr'>\n\t\t\t\t\t\t\t\t\t<div class='evcal_evdata_row evo_time'>\n\t\t\t\t\t\t\t\t\t\t<span class='evcal_evdata_icons'><i class='fa fa-clock-o'><\/i><\/span>\n\t\t\t\t\t\t\t\t\t\t<div class='evcal_evdata_cell'>\t\t\t\t\t\t\t\n\t\t\t\t\t\t\t\t\t\t\t<h3 class='evo_h3'><span class='evcal_evdata_icons'><i class='fa fa-clock-o'><\/i><\/span>Time<\/h3>\n\t\t\t\t\t\t\t\t\t\t\t<p>(Friday) 19:30 - 21:00<\/p>\n\t\t\t\t\t\t\t\t\t\t<\/div>\n\t\t\t\t\t\t\t\t\t<\/div>\n\t\t\t\t\t\t\t\t<\/div><div class='evcal_col50'>\n\t\t\t\t\t\t\t\t\t<div class='evcal_evdata_row evo_location'>\n\t\t\t\t\t\t\t\t\t\t<span class='evcal_evdata_icons'><i class='fa fa-map-marker'><\/i><\/span>\n\t\t\t\t\t\t\t\t\t\t<div class='evcal_evdata_cell' data-loc_tax_id='32'><h3 class='evo_h3'><span class='evcal_evdata_icons'><i class='fa fa-map-marker'><\/i><\/span>Location<\/h3><p class='evo_location_name'>Tibet Museum<\/p><p class='evo_location_address'><\/p><\/div>\n\t\t\t\t\t\t\t\t\t<\/div>\n\t\t\t\t\t\t\t\t<\/div><div class='clear'><\/div>\n\t\t\t\t\t\t\t\t<\/div><\/div>\n\t\t\t\t\t\t\t<\/div><div class='evo_metarow_gmap evorow evcal_gmaps bordb evc177705900069dcdfe11f5824597_gmap' id='evc177705900069dcdfe11f5824597_gmap' style='max-width:none'><\/div><div class='bordb evo_metarow_socialmedia evcal_evdata_row '><div class='evo_sm FacebookShare'><a class=\" evo_ss\" target=\"_blank\" onclick=\"javascript:window.open(this.href, '', 'left=50,top=50,width=600,height=350,toolbar=0');return false;\"\r\n\t\t\t\t\t\t\t\thref=\"\/\/www.facebook.com\/sharer.php?u=https%3A%2F%2Fmusees-en-gruyere.ch%2Fen%2Fevents%2Froad-to-harmony-concert-acoustique-de-dechen-shak-dagsay%2F\" title=\"Share on facebook\"><i class=\"fa fa-facebook\"><\/i><\/a><\/div><div class='evo_sm Twitter'><a class=\"tw evo_ss\" onclick=\"javascript:window.open(this.href, '', 'menubar=no,toolbar=no,resizable=yes,scrollbars=yes,height=300,width=600');return false;\" href=\"\/\/twitter.com\/intent\/tweet?text=Road to Harmony &#8211; Concert acoustique de Dechen Shak-Dagsay&#32;-&#32;&url=https%3A%2F%2Fmusees-en-gruyere.ch%2Fen%2Fevents%2Froad-to-harmony-concert-acoustique-de-dechen-shak-dagsay%2F\" title=\"Share on Twitter\" rel=\"nofollow\" target=\"_blank\" data-url=\"https%3A%2F%2Fmusees-en-gruyere.ch%2Fen%2Fevents%2Froad-to-harmony-concert-acoustique-de-dechen-shak-dagsay%2F\"><i class=\"fa fa-twitter\"><\/i><\/a><\/div><div class='evo_sm LinkedIn'><a class=\"li evo_ss\" href=\"\/\/www.linkedin.com\/shareArticle?mini=true&url=https%3A%2F%2Fmusees-en-gruyere.ch%2Fen%2Fevents%2Froad-to-harmony-concert-acoustique-de-dechen-shak-dagsay%2F&title=Road%20to%20Harmony%20%26%238211%3B%20Concert%20acoustique%20de%20Dechen%20Shak-Dagsay&summary=--\" target=\"_blank\" title=\"Share on Linkedin\"><i class=\"fa fa-linkedin\"><\/i><\/a><\/div><div class='evo_sm EmailShare'><a class=\"em evo_ss\" href=\"mailto:?subject=Road to Harmony %26#8211; Concert acoustique de Dechen Shak-Dagsay&body=Event Name: Road to Harmony %26#8211; Concert acoustique de Dechen Shak-Dagsay%0AEvent Date: April 24, 2026 19:30 - 21:00%0ALink: https%3A%2F%2Fmusees-en-gruyere.ch%2Fen%2Fevents%2Froad-to-harmony-concert-acoustique-de-dechen-shak-dagsay%2F%0A\" target=\"_blank\"><i class=\"fa fa-envelope\"><\/i><\/a><\/div><div class='clear'><\/div><\/div><div class='evo_card_row_end evcal_close' title='Close'><\/div><\/div><div class='clear end'><\/div><\/div><\/div>\t\t\t<div class='clear'><\/div>\r\n\t\t\t<\/div>\r\n\t\t\t<div class='clear'><\/div>\r\n\t\t\t\t\t \t<div id='evcal_footer' class='evo_bottom' style='display:none'>\r\n\t\t \t\t<div class='evo_cal_data'  data-sc='{\"_cal_evo_rtl\":\"no\",\"accord\":\"no\",\"cal_id\":\"\",\"cal_init_nonajax\":\"no\",\"calendar_type\":\"list\",\"etc_override\":\"no\",\"evc_open\":\"no\",\"event_count\":\"5\",\"event_location\":\"32\",\"event_order\":\"ASC\",\"event_organizer\":\"all\",\"event_past_future\":\"all\",\"event_tag\":\"all\",\"event_type\":\"all\",\"event_type_2\":\"all\",\"event_type_3\":\"all\",\"event_type_4\":\"all\",\"event_type_5\":\"all\",\"eventtop_style\":0,\"exp_jumper\":\"no\",\"exp_so\":\"no\",\"filter_relationship\":\"AND\",\"filter_show_set_only\":\"no\",\"filter_type\":\"default\",\"filters\":\"yes\",\"fixed_month\":\"4\",\"fixed_year\":\"2026\",\"focus_end_date_range\":\"1788220799\",\"focus_start_date_range\":\"1775001600\",\"ft_event_priority\":\"no\",\"hide_arrows\":\"no\",\"hide_empty_months\":\"yes\",\"hide_end_time\":\"no\",\"hide_ft\":\"no\",\"hide_month_headers\":\"no\",\"hide_mult_occur\":\"yes\",\"hide_past\":\"no\",\"hide_past_by\":\"ee\",\"hide_so\":\"no\",\"ics\":\"no\",\"jumper\":\"no\",\"jumper_count\":5,\"jumper_offset\":\"0\",\"lang\":\"L2\",\"layout_changer\":\"no\",\"mapformat\":\"roadmap\",\"mapiconurl\":\"\",\"maps_load\":\"yes\",\"mapscroll\":\"true\",\"mapzoom\":\"18\",\"members_only\":\"no\",\"ml_priority\":\"no\",\"month_incre\":0,\"number_of_months\":\"5\",\"only_ft\":\"no\",\"pec\":\"\",\"s\":\"\",\"search\":\"\",\"search_all\":\"no\",\"sep_month\":\"yes\",\"show_et_ft_img\":\"no\",\"show_limit\":\"yes\",\"show_limit_ajax\":\"no\",\"show_limit_paged\":1,\"show_limit_redir\":\"\",\"show_repeats\":\"no\",\"show_upcoming\":0,\"show_year\":\"no\",\"sort_by\":\"sort_date\",\"tile_bg\":0,\"tile_count\":2,\"tile_height\":0,\"tile_style\":0,\"tiles\":\"no\",\"ux_val\":\"0\",\"view_switcher\":\"no\",\"wpml_l1\":\"\",\"wpml_l2\":\"\",\"wpml_l3\":\"\",\"yl_priority\":\"no\",\"fixed_day\":\"13\",\"_cver\":\"2.8.9\"}' data-od='{\"lang_no_events\":\"No Events\"}'><\/div>\r\n\t\t \t\t<div class='evo_cal_events' data-events=\"\"><\/div>\r\n\t\t \t<\/div>\r\n\t\t\t\t\r\n\t\t\t\r\n\t\t\t\t\t\t<\/div><!-- EventON End -->\r\n\t\t\t[\/vc_column_text][\/vc_column_inner][\/vc_row_inner][vc_row_inner css=&#8221;.vc_custom_1487857749145{background-color: #ffffff !important;}&#8221;][vc_column_inner width=&#8221;1\/3&#8243;][vc_column_text]<strong>More information<\/strong><br \/>\n<a class=\"blue\" href=\"http:\/\/tibetmuseum.ch\/en\" target=\"_blank\" rel=\"noopener noreferrer\">http:\/\/www.tibetmuseum.ch<br \/>\n<\/a><a href=\"mailto:info@tibetmuseum.ch\">info@tibetmuseum.ch<\/a>[\/vc_column_text][\/vc_column_inner][vc_column_inner width=&#8221;1\/3&#8243;][vc_column_text]<strong>Opening hours<\/strong><br \/>\nEaster to October :<br \/>\nDaily from 11am to 6pm<\/p>\n<p>November to Easter :<br \/>\nTuesday to Friday from 1pm to 5pm<br \/>\nSaturday and Sunday from 11am to 6 pm<br \/>\nMonday closed<\/p>\n<p><strong>Entrance fee<\/strong><br \/>\nAdults : CHF 10.-<br \/>\nSeniors, students (with card) : CHF 8.-<br \/>\nChildren (6 to 16) : CHF 5.-<br \/>\nCombined ticket (Castle + Tibet Museum) : CHF 17.-<br \/>\nSwiss Museum Pass : Free<br \/>\nRaiffeisen Swiss (card with logo PLUS) : Free<br \/>\nGroup (12 persons and more) : special price on request[\/vc_column_text][\/vc_column_inner][vc_column_inner width=&#8221;1\/3&#8243;][vc_column_text]<strong>Address<\/strong><br \/>\nRue du Ch\u00e2teau 4<br \/>\n1663 Gruy\u00e8res (Suisse)<br \/>\nT\u00e9l. +41 26 921 30 10[\/vc_column_text][vc_icon type=&#8221;monosocial&#8221; icon_monosocial=&#8221;vc-mono vc-mono-facebook&#8221; link=&#8221;url:https%3A%2F%2Fwww.facebook.com%2FTibet-Museum-Gruy%25C3%25A8res-122574904483272%2F|title:Tibet%20Museum%20Fondation%20Alain%20Bordier|target:%20_blank|&#8221;][vc_icon icon_fontawesome=&#8221;fa fa-instagram&#8221; link=&#8221;url:https%3A%2F%2Fwww.instagram.com%2Fexplore%2Flocations%2F380838275%2F|title:Tibet%20Museum%20Fondation%20Alain%20Bordier|target:%20_blank|&#8221;][vc_icon type=&#8221;monosocial&#8221; icon_monosocial=&#8221;vc-mono vc-mono-googleplus&#8221; link=&#8221;url:https%3A%2F%2Fplus.google.com%2F114553115771301714575|title:Tibet%20Museum%20Fondation%20Alain%20Bordier|target:%20_blank|&#8221;][vc_icon type=&#8221;monosocial&#8221; icon_monosocial=&#8221;vc-mono vc-mono-youtube&#8221; link=&#8221;url:https%3A%2F%2Fwww.youtube.com%2Fwatch%3Fv%3D1qyRGLxx1uE|title:Tibet%20Museum%20Fondation%20Alain%20Bordier|target:%20_blank|&#8221;][vc_icon icon_fontawesome=&#8221;fa fa-tripadvisor&#8221; link=&#8221;url:https%3A%2F%2Ffr.tripadvisor.ch%2FAttraction_Review-g198820-d2039406-Reviews-Tibet_Museum-Gruyeres_La_Gruyere_Canton_of_Fribourg.html|title:Tibet%20Museum%20Fondation%20Alain%20Bordier|target:%20_blank|&#8221;][\/vc_column_inner][\/vc_row_inner][\/vc_column][\/vc_row][vc_row type=&#8221;1&#8243; bg_color=&#8221;#e20079&#8243; css=&#8221;.vc_custom_1487857841894{background-color: #e20079 !important;}&#8221;][vc_column][vc_empty_space height=&#8221;50px&#8221;][\/vc_column][\/vc_row]<\/p>\n","protected":false},"excerpt":{"rendered":"<p>[vc_row type=&#8221;1&#8243; bg_position=&#8221;center&#8221; enable_parallax=&#8221;false&#8221; parallax_speed=&#8221;0.4&#8243; css=&#8221;.vc_custom_1527254881035{margin-bottom: 20px !important;}&#8221; bg_image=&#8221;https:\/\/musees-en-gruyere.ch\/wp-content\/uploads\/2018\/05\/tibet-musee.jpg&#8221; anchor=&#8221;tibet&#8221;][vc_column][vc_row_inner][vc_column_inner el_class=&#8221;white&#8221; css=&#8221;.vc_custom_1591793519312{margin-top: 35% !important;background-color: #e20079 !important;}&#8221;][vc_column_text] Tibet Museum Fondation Bordier Buddhist sculptures, paintings and ritual objects [\/vc_column_text][\/vc_column_inner][\/vc_row_inner][\/vc_column][\/vc_row][vc_row type=&#8221;1&#8243; bg_color=&#8221;#e20079&#8243;][vc_column css=&#8221;.vc_custom_1487949567830{background-color: #e20079 !important;}&#8221; el_class=&#8221;white&#8221;][vc_column_text]In April 2009, the Alain Bordier Foundation inaugurated the Tibet Museum right in the heart of medieval Gruy\u00e8res. Its permanent exhibition encompasses a&hellip;<\/p>\n","protected":false},"author":1,"featured_media":0,"parent":0,"menu_order":0,"comment_status":"closed","ping_status":"closed","template":"","meta":{"_acf_changed":false},"class_list":["post-2367","page","type-page","status-publish","hentry","description-off"],"acf":[],"_links":{"self":[{"href":"https:\/\/musees-en-gruyere.ch\/en\/wp-json\/wp\/v2\/pages\/2367","targetHints":{"allow":["GET"]}}],"collection":[{"href":"https:\/\/musees-en-gruyere.ch\/en\/wp-json\/wp\/v2\/pages"}],"about":[{"href":"https:\/\/musees-en-gruyere.ch\/en\/wp-json\/wp\/v2\/types\/page"}],"author":[{"embeddable":true,"href":"https:\/\/musees-en-gruyere.ch\/en\/wp-json\/wp\/v2\/users\/1"}],"replies":[{"embeddable":true,"href":"https:\/\/musees-en-gruyere.ch\/en\/wp-json\/wp\/v2\/comments?post=2367"}],"version-history":[{"count":4,"href":"https:\/\/musees-en-gruyere.ch\/en\/wp-json\/wp\/v2\/pages\/2367\/revisions"}],"predecessor-version":[{"id":3147,"href":"https:\/\/musees-en-gruyere.ch\/en\/wp-json\/wp\/v2\/pages\/2367\/revisions\/3147"}],"wp:attachment":[{"href":"https:\/\/musees-en-gruyere.ch\/en\/wp-json\/wp\/v2\/media?parent=2367"}],"curies":[{"name":"wp","href":"https:\/\/api.w.org\/{rel}","templated":true}]}}