{"id":2157,"date":"2019-10-22T07:21:25","date_gmt":"2019-10-22T07:21:25","guid":{"rendered":"https:\/\/musees-en-gruyere.ch\/en\/museumsnacht\/"},"modified":"2026-02-20T13:06:01","modified_gmt":"2026-02-20T13:06:01","slug":"museums-night","status":"publish","type":"page","link":"https:\/\/musees-en-gruyere.ch\/en\/museums-night\/","title":{"rendered":"Museums&#8217; Night"},"content":{"rendered":"<p>[vc_row type=&#8221;1&#8243; bg_position=&#8221;center&#8221; enable_parallax=&#8221;false&#8221; parallax_speed=&#8221;0.4&#8243; css=&#8221;.vc_custom_1571732346016{margin-bottom: 20px !important;}&#8221; bg_image=&#8221;https:\/\/musees-en-gruyere.ch\/wp-content\/uploads\/2017\/10\/Photo-pretexte_LR_2015-e1507038869214.jpg&#8221; anchor=&#8221;cantorama&#8221;][vc_column][vc_row_inner][vc_column_inner el_class=&#8221;white&#8221; css=&#8221;.vc_custom_1487949275479{margin-top: 30% !important;background-color: #e20079 !important;}&#8221;][vc_column_text]<\/p>\n<h2>Museums&#8217; Night | Gruy\u00e8re, Gl\u00e2ne and Pays-d&#8217;Enhaut<\/h2>\n<p>[\/vc_column_text][\/vc_column_inner][\/vc_row_inner][\/vc_column][\/vc_row][vc_row type=&#8221;1&#8243; bg_color=&#8221;#e20079&#8243; css=&#8221;.vc_custom_1771592766760{background-color: #e20079 !important;}&#8221;][vc_column css=&#8221;.vc_custom_1487949441724{background-color: #e20079 !important;}&#8221; el_class=&#8221;white&#8221;][vc_row_inner][vc_column_inner][vc_column_text]<\/p>\n<h3>The Museums&#8217; Night in La Gruy\u00e8re, Gl\u00e2ne and Pays d&#8217;Enhaut will take place on November 7, 2026.<\/h3>\n<p>[\/vc_column_text][\/vc_column_inner][\/vc_row_inner][\/vc_column][\/vc_row][vc_row type=&#8221;1&#8243; bg_color=&#8221;#e20079&#8243; css=&#8221;.vc_custom_1759487382747{background-color: #e20079 !important;}&#8221;][vc_column][vc_row_inner css=&#8221;.vc_custom_1487857749145{background-color: #ffffff !important;}&#8221;][vc_column_inner][vc_column_text]<!--StartFragment --><\/p>\n<h3><span class=\"cf0\">Fribourg Museum Nights Pass 2026<\/span><\/h3>\n<p><span class=\"cf0\">Explore more <\/span><span class=\"cf0\">than<\/span><span class=\"cf0\"> 30 <\/span><span class=\"cf0\">museums<\/span> <span class=\"cf0\">across<\/span><span class=\"cf0\"> the canton <\/span><span class=\"cf0\">with<\/span><span class=\"cf0\"> a single pass for CHF 25!<\/span><\/p>\n<p><span class=\"cf0\">On the programme: <\/span><span class=\"cf0\">activities<\/span><span class=\"cf0\">, <\/span><span class=\"cf0\">special<\/span><span class=\"cf0\"> tours, workshops, <\/span><span class=\"cf0\">discoveries<\/span><span class=\"cf0\">, surprises\u2026 and a cultural <\/span><span class=\"cf0\">journey<\/span> <span class=\"cf0\">into<\/span><span class=\"cf0\"> the <\/span><span class=\"cf0\">heart<\/span><span class=\"cf0\"> of <\/span><span class=\"cf0\">Fribourg\u2019s<\/span> <span class=\"cf0\">heritage<\/span> <span class=\"cf1\">\ud83c\udfdb\ufe0f\u2728<\/span><\/p>\n<p>&nbsp;<\/p>\n<p><span class=\"cf1\">\ud83d\udcc5<\/span> <span class=\"cf0\">Two<\/span> <span class=\"cf0\">nights<\/span><span class=\"cf0\">, one single Pass:<\/span><\/p>\n<p><span class=\"cf2\">\u2022 09.05.2026: Museum Night Fribourg, Broye, Lake<\/span><\/p>\n<p><span class=\"cf2\">\u2022 07.11.2026: Museum Night in Gruy<\/span><span class=\"cf0\">\u00e8re, <\/span><span class=\"cf0\">Gl\u00e2ne<\/span><span class=\"cf0\"> and Pays-<\/span><span class=\"cf0\">d\u2019Enhaut<\/span><\/p>\n<p>&nbsp;<\/p>\n<p><span class=\"cf1\">\ud83c\udf10<\/span><span class=\"cf0\"> On sale at the <\/span><span class=\"cf0\">following<\/span><span class=\"cf0\"> locations:<\/span><\/p>\n<p><span class=\"cf2\">\u2022 Fribourg Tourisme et R<\/span><span class=\"cf0\">\u00e9gion, Fribourg<\/span><\/p>\n<p><span class=\"cf2\">\u2022 La Gruy<\/span><span class=\"cf0\">\u00e8re Tourisme, Bulle<\/span><\/p>\n<p><span class=\"cf2\">\u2022 Morat Tourisme<\/span><\/p>\n<p><span class=\"cf2\">\u2022 Mus<\/span><span class=\"cf0\">\u00e9e d\u2019histoire naturelle Fribourg<\/span><\/p>\n<p><span class=\"cf2\">\u2022 Mus<\/span><span class=\"cf0\">\u00e9e du Papier peint, M\u00e9zi\u00e8res<\/span><\/p>\n<p><span class=\"cf2\">\u2022 <\/span><span class=\"cf2\">Sensler<\/span><span class=\"cf2\"> Museum, <\/span><span class=\"cf2\">Tafers<\/span><\/p>\n<p><span class=\"cf2\">\u2022 Kunsthalle <\/span><span class=\"cf2\">Friart<\/span><\/p>\n<p><span class=\"cf2\">\u2022 Ch<\/span><span class=\"cf0\">\u00e2teau de Gruy\u00e8res<\/span><\/p>\n<p><span class=\"cf2\">\u2022 Tibet Museum, Gruy<\/span><span class=\"cf0\">\u00e8res<\/span><\/p>\n<p><span class=\"cf2\">\u2022 <\/span><span class=\"cf2\">Vitromus<\/span><span class=\"cf0\">\u00e9e<\/span><span class=\"cf0\"> Romont<\/span><\/p>\n<p><span class=\"cf2\">\u2022 Mus<\/span><span class=\"cf0\">\u00e9e d\u2019Estavayer-le-Lac et ses grenouilles<\/span><\/p>\n<p><span class=\"cf2\">\u2022 La Maison du Gruy<\/span><span class=\"cf0\">\u00e8re, Pringy<\/span><\/p>\n<p><span class=\"cf2\">\u2022 Swiss Bier Museum, Fribourg<\/span><\/p>\n<p><span class=\"cf2\">\u2022 Murten Museum<\/span><\/p>\n<p><span class=\"cf2\">\u2022 Abbatiale de Payerne<\/span><\/p>\n<p><!--EndFragment -->[\/vc_column_text][\/vc_column_inner][\/vc_row_inner][\/vc_column][\/vc_row][vc_row type=&#8221;1&#8243; bg_color=&#8221;#e20079&#8243; css=&#8221;.vc_custom_1765531999467{background-color: #e20079 !important;}&#8221; el_class=&#8221;hide&#8221;][vc_column css=&#8221;.vc_custom_1487949441724{background-color: #e20079 !important;}&#8221; el_class=&#8221;white&#8221;][vc_row_inner][vc_column_inner][vc_column_text]<\/p>\n<h3>November 8th, 2025 (from 5 to 11 pm)<\/h3>\n<p>[\/vc_column_text][vc_column_text]The Museums\u2019 Night is an event not to be missed in the regions of La Gruy\u00e8re, Gl\u00e2ne and Pays d\u2019Enhaut. Discover the museums in a very special atmosphere.<br \/>\nFrom 5:00 pm until 11:00 pm, visits and various activities take place in the museums.<br \/>\nMost of the museums offer free visits with the bracelet (CHF 10.-\/adult, for free for children under 16) during the evening other offer also special animations.<\/p>\n<p>Full programm (in French) <a href=\"https:\/\/musees-en-gruyere.ch\/wp-content\/uploads\/2025\/10\/P01622_Programme-A4-1.pdf\" target=\"_blank\" rel=\"noopener\">here<\/a>.[\/vc_column_text][\/vc_column_inner][\/vc_row_inner][\/vc_column][\/vc_row][vc_row type=&#8221;1&#8243; bg_color=&#8221;#e20079&#8243; css=&#8221;.vc_custom_1765531983879{background-color: #e20079 !important;}&#8221; el_class=&#8221;hide&#8221;][vc_column][vc_row_inner css=&#8221;.vc_custom_1487857749145{background-color: #ffffff !important;}&#8221;][vc_column_inner width=&#8221;1\/3&#8243;][vc_column_text]<strong>They take part<\/strong><\/p>\n<ol>\n<li>Vitromus\u00e9e Romont: Nature en verre<\/li>\n<li>Mus\u00e9e du papier peint: L\u2019oreille aux aguets, devinez qui chante, qui croque&#8230;! Venez jouer avec les voix de la nature.<\/li>\n<li>Office du Tourisme de Romont et sa R\u00e9gion: Visite guid\u00e9e nocturne de la ville m\u00e9di\u00e9vale de Romont<\/li>\n<li>Electrobroc: D\u00e9couvrez la nouvelle exposition<\/li>\n<li>Maison Cailler: Maison Cailler en fleurs<\/li>\n<li>Mus\u00e9e de Charmey: Petites histoires de nature<\/li>\n<li>La Maison du Gruy\u00e8re: Le Gruy\u00e8re AOP, 100% nature !<\/li>\n<li>HR Giger Museum: Le jardin de HRG<\/li>\n<li>Tibet Museum: Yak \u00e0 venir !<\/li>\n<li>Ch\u00e2teau de Gruy\u00e8res: \u00c0 vos jumelles !<\/li>\n<li>Espace Ballon: Entre ciel et nature<\/li>\n<li>Mus\u00e9e du Pays-d\u2019Enhaut &amp; Centre Suisse du Papier D\u00e9coup\u00e9: Le Pays d\u2019Enhaut, une nature forg\u00e9e par la main de l\u2019homme<\/li>\n<\/ol>\n<p>[\/vc_column_text][\/vc_column_inner][vc_column_inner width=&#8221;1\/3&#8243;][vc_column_text]<strong>Price<\/strong><\/p>\n<p>Adults : CHF 10.00 | Children (under 16): Free<\/p>\n<p>The various free cards and other cultural passports cannot be used as admission tickets. Holders of a Frimobil subscription or Caritas culture card are eligible for a preferential rate.<\/p>\n<ul>\n<li>Advance sales: From October 21, 2025, in the tourist offices in Bulle, Gruy\u00e8res and Fribourg, and in participating museums.<\/li>\n<li>Tickets can also be purchased at the museums during the event.<\/li>\n<\/ul>\n<p>The bracelet gives access to all the museums and their programme of events. It can also be used as a ticket for all Frimobil zones (valid all day, including return journeys by night bus). It also includes entry to the after-party for the Nuit des Mus\u00e9es, the legendary Silent Party at Ebullition.[\/vc_column_text][\/vc_column_inner][vc_column_inner width=&#8221;1\/3&#8243;][vc_column_text]<strong>Useful information<br \/>\n<\/strong><a href=\"https:\/\/frimobil.ch\/plans-de-zones\" target=\"_blank\" rel=\"noopener noreferrer\">Public transportation timetable<\/a><\/p>\n<p>Questions:<br \/>\nLA GRUYE\u0300RE TOURISME<br \/>\nPlace des Alpes 26<br \/>\n1630 Bulle<br \/>\nPhone +41 (0)26\u00a0919 85 00[\/vc_column_text][\/vc_column_inner][\/vc_row_inner][\/vc_column][\/vc_row][vc_row type=&#8221;1&#8243; bg_color=&#8221;#e20079&#8243; css=&#8221;.vc_custom_1765531972343{background-color: #e20079 !important;}&#8221; el_class=&#8221;hide&#8221;][vc_column][vc_empty_space height=&#8221;50px&#8221;][vc_single_image image=&#8221;4311&#8243; img_size=&#8221;1200 x 200&#8243; alignment=&#8221;center&#8221;][\/vc_column][\/vc_row][vc_row type=&#8221;1&#8243; bg_color=&#8221;#e20079&#8243; css=&#8221;.vc_custom_1487857841894{background-color: #e20079 !important;}&#8221;][vc_column][vc_empty_space height=&#8221;50px&#8221;][\/vc_column][\/vc_row]<\/p>\n","protected":false},"excerpt":{"rendered":"<p>[vc_row type=&#8221;1&#8243; bg_position=&#8221;center&#8221; enable_parallax=&#8221;false&#8221; parallax_speed=&#8221;0.4&#8243; css=&#8221;.vc_custom_1571732346016{margin-bottom: 20px !important;}&#8221; bg_image=&#8221;https:\/\/musees-en-gruyere.ch\/wp-content\/uploads\/2017\/10\/Photo-pretexte_LR_2015-e1507038869214.jpg&#8221; anchor=&#8221;cantorama&#8221;][vc_column][vc_row_inner][vc_column_inner el_class=&#8221;white&#8221; css=&#8221;.vc_custom_1487949275479{margin-top: 30% !important;background-color: #e20079 !important;}&#8221;][vc_column_text] Museums&#8217; Night | Gruy\u00e8re, Gl\u00e2ne and Pays-d&#8217;Enhaut [\/vc_column_text][\/vc_column_inner][\/vc_row_inner][\/vc_column][\/vc_row][vc_row type=&#8221;1&#8243; bg_color=&#8221;#e20079&#8243; css=&#8221;.vc_custom_1771592766760{background-color: #e20079 !important;}&#8221;][vc_column css=&#8221;.vc_custom_1487949441724{background-color: #e20079 !important;}&#8221; el_class=&#8221;white&#8221;][vc_row_inner][vc_column_inner][vc_column_text] The Museums&#8217; Night in La Gruy\u00e8re, Gl\u00e2ne and Pays d&#8217;Enhaut will take place on November 7, 2026. [\/vc_column_text][\/vc_column_inner][\/vc_row_inner][\/vc_column][\/vc_row][vc_row type=&#8221;1&#8243; bg_color=&#8221;#e20079&#8243; css=&#8221;.vc_custom_1759487382747{background-color: #e20079&hellip;<\/p>\n","protected":false},"author":1,"featured_media":0,"parent":0,"menu_order":0,"comment_status":"closed","ping_status":"closed","template":"","meta":{"_acf_changed":false},"class_list":["post-2157","page","type-page","status-publish","hentry","description-off"],"acf":[],"_links":{"self":[{"href":"https:\/\/musees-en-gruyere.ch\/en\/wp-json\/wp\/v2\/pages\/2157","targetHints":{"allow":["GET"]}}],"collection":[{"href":"https:\/\/musees-en-gruyere.ch\/en\/wp-json\/wp\/v2\/pages"}],"about":[{"href":"https:\/\/musees-en-gruyere.ch\/en\/wp-json\/wp\/v2\/types\/page"}],"author":[{"embeddable":true,"href":"https:\/\/musees-en-gruyere.ch\/en\/wp-json\/wp\/v2\/users\/1"}],"replies":[{"embeddable":true,"href":"https:\/\/musees-en-gruyere.ch\/en\/wp-json\/wp\/v2\/comments?post=2157"}],"version-history":[{"count":41,"href":"https:\/\/musees-en-gruyere.ch\/en\/wp-json\/wp\/v2\/pages\/2157\/revisions"}],"predecessor-version":[{"id":4548,"href":"https:\/\/musees-en-gruyere.ch\/en\/wp-json\/wp\/v2\/pages\/2157\/revisions\/4548"}],"wp:attachment":[{"href":"https:\/\/musees-en-gruyere.ch\/en\/wp-json\/wp\/v2\/media?parent=2157"}],"curies":[{"name":"wp","href":"https:\/\/api.w.org\/{rel}","templated":true}]}}