{"id":2754,"date":"2020-05-20T22:58:42","date_gmt":"2020-05-20T22:58:42","guid":{"rendered":"https:\/\/musees-en-gruyere.ch\/de\/?page_id=2754"},"modified":"2020-07-10T15:30:54","modified_gmt":"2020-07-10T15:30:54","slug":"kunst","status":"publish","type":"page","link":"https:\/\/musees-en-gruyere.ch\/de\/kunst\/","title":{"rendered":"Kunst"},"content":{"rendered":"<p>[vc_row type=&#8221;1&#8243; bg_position=&#8221;center&#8221; bg_cover=&#8221;true&#8221; enable_parallax=&#8221;false&#8221; parallax_speed=&#8221;0.4&#8243; css=&#8221;.vc_custom_1590476936411{margin-bottom: 20px !important;}&#8221; bg_image=&#8221;https:\/\/musees-en-gruyere.ch\/wp-content\/uploads\/2020\/05\/Picture4.png&#8221; anchor=&#8221;cantorama&#8221;][vc_column][vc_row_inner][vc_column_inner el_class=&#8221;white&#8221; css=&#8221;.vc_custom_1487949275479{margin-top: 30% !important;background-color: #e20079 !important;}&#8221;][vc_column_text]<\/p>\n<h1>Eine Reise ins Herz der Kunst<\/h1>\n<p>[\/vc_column_text][\/vc_column_inner][\/vc_row_inner][\/vc_column][\/vc_row][vc_row type=&#8221;4&#8243; bg_color=&#8221;#e20079&#8243; css=&#8221;.vc_custom_1589986238023{background-color: #e20079 !important;}&#8221;][vc_column css=&#8221;.vc_custom_1487949441724{background-color: #e20079 !important;}&#8221; el_class=&#8221;white&#8221;][vc_row_inner][vc_column_inner][vc_video link=&#8221;https:\/\/www.youtube.com\/watch?v=d_K2TVUhNuE&#8221; css=&#8221;.vc_custom_1590476926278{margin-bottom: -20px !important;}&#8221;][vc_column_text]<em><i>Pr\u00e4sentationsvideo \u2013 eine Reise ins Herz der Kunst\u00a0<\/i><\/em>[\/vc_column_text][\/vc_column_inner][\/vc_row_inner][\/vc_column][\/vc_row][vc_row type=&#8221;5&#8243; bg_color=&#8221;#e20079&#8243; css=&#8221;.vc_custom_1591775560927{background-color: #e20079 !important;}&#8221;][vc_column css=&#8221;.vc_custom_1591734465310{background-color: #ffffff !important;}&#8221;][vc_column_text]<strong><b>Kunst im Greyerzerland, auf Entdeckungstour zu Meisterwerken<\/b><\/strong><\/p>\n<p>Sind Sie Kunstliebhaber? Dann lassen Sie sich von den reichen Sammlungen des Vereins \u00abMus\u00e9es en Gruy\u00e8re\u00bb \u00fcberraschen. Unternehmen sie eine Entdeckungstour zu den Sch\u00e4tzen der Region, die Sie in ungew\u00f6hnlichen R\u00e4umen, in der Intimit\u00e4t einer Kapelle oder in den S\u00e4len eines Schlosses, finden. Geniessen Sie die subtilen Schw\u00fcnge eines Glasfensters im Vitromus\u00e9e Romont, entdecken Sie das Talent regionaler Kunstschaffender im Museum Charmey, machen Sie sich mit buddhistischer Kunst im Tibet Museum vertraut oder betrachten Sie mit Schaudern die biomechanischen Gesch\u00f6pfe von Hans Ruedi Giger: \u00dcberall \u00f6ffnen sich Tore zur Welt der Kunst, um Ihnen die vielf\u00e4ltigen k\u00fcnstlerischen Ausdrucksformen im Greyerzerland und in dessen Umgebung n\u00e4herzubringen.[\/vc_column_text][vc_row_inner css=&#8221;.vc_custom_1589987677662{margin-top: -30px !important;}&#8221;][vc_column_inner][vc_column_text]<\/p>\n<div id=\"attachment_2757\" style=\"width: 570px\" class=\"wp-caption alignleft\"><img loading=\"lazy\" decoding=\"async\" aria-describedby=\"caption-attachment-2757\" class=\"wp-image-2757 size-full\" src=\"https:\/\/musees-en-gruyere.ch\/wp-content\/uploads\/2020\/05\/Picture4-2.png\" alt=\"\" width=\"560\" height=\"350\" srcset=\"https:\/\/musees-en-gruyere.ch\/wp-content\/uploads\/2020\/05\/Picture4-2.png 560w, https:\/\/musees-en-gruyere.ch\/wp-content\/uploads\/2020\/05\/Picture4-2-300x188.png 300w\" sizes=\"auto, (max-width: 560px) 100vw, 560px\" \/><p id=\"caption-attachment-2757\" class=\"wp-caption-text\">Zu den Sch\u00e4tzen des Museums geh\u00f6ren Werke, die kontrastreich und poetisch die Geschichte der Glaskunst im 19. Jahrhundert erz\u00e4hlen.<\/p><\/div>\n<p>Die Kunst im s\u00fcdlichen Teil des Kantons Freiburg bringt im Vitromus\u00e9e Romont eine in Glas geschmolzene D\u00e4mmerstimmung hervor. Geschickt gearbeitete kleine Bleiruten helfen das Licht in die Zeiten \u00fcberdauernden Werken einzufangen. Sich wie ein Fenster auf vergangene Jahrhunderte \u00f6ffnend, l\u00e4dt uns die Glaskunst ein, uns \u00fcber die Br\u00fcstung zu beugen, um die Glanzlichter von gestern und heute mit einem Blick zu erfassen. Auch wenn die hier vereinten Werke die Kapellen und Privath\u00e4user verlassen mussten, erinnern sie sich an die unz\u00e4hligen Strahlen, die ihre Motive im Laufe der Zeit zur Geltung brachten.<\/p>\n<p>Neben einer bunten Vielfalt an Glasgem\u00e4lden, die von arch\u00e4ologischen Fragmenten aus dem 5. Jahrhundert bis zu zeitgen\u00f6ssischen Arbeiten reichen, beherbergt das Vitromus\u00e9e Romont eine der bedeutendsten Sammlungen von Unterglasmalereien der Welt. Eine Auswahl von fast 300 Werken nimmt Sie mit in die Salons von Kaisern und wohlhabenden Sammlern, die sich seit jeher f\u00fcr diese raffinierte Kunst begeisterten. Als zugleich edles und zerbrechliches Material erfordert Glas geschickte H\u00e4nde und jahrelange \u00dcbung, um seine Launen zu b\u00e4ndigen. Wenige Augenblicke gen\u00fcgen, um seine Pracht zu geniessen.<\/p>\n<p><strong><b>Das HR Giger Museum, zwischen Poesie und Science-Fiction<\/b><\/strong><\/p>\n<p>Der Anfang 1940 in Chur geborene Maler, Bildhauer und Designer Hans Ruedi Giger verstand es, sich kraft seines unnachahmlichen Stils international durchzusetzen, und gilt heute als einer der Hauptvertreter des fantastischen Realismus. Zwischen Poesie und Science-Fiction erkundet sein Werk Parallelwelten, in denen dunkelste Fantasien ihren Ausdruck finden, um Mischwesen zu geb\u00e4ren, die ebenso unheimlich wie verst\u00f6rend sind. Biomechanische Frauen und H\u00f6llenmaschinen entfalten ihren vieldeutigen Charme in einem Grabeslicht, das die geschwungenen Linien dieser Gesch\u00f6pfe aus Fleisch und \u00c4ngsten aufscheinen l\u00e4sst.<\/p>\n<p>Dem K\u00fcnstler ist es gelungen, eine d\u00fcstere \u00c4sthetik zu schaffen, in der sich Alptr\u00e4ume und Fantasien in einem zugleich sublimen und morbiden Walzer umschlingen. Seine spannungsgeladenen Werke strahlen eine organische Gewalt aus den Tiefen der Psyche aus, um den Betrachter an die Grenzen des Absonderlichen zu f\u00fchren.<\/p>\n<p>Seit seiner Er\u00f6ffnung im Jahr 1998 vereint das im St\u00e4dtchen Greyerz gelegene HR Giger Museum die gr\u00f6sste Sammlung von Gem\u00e4lden und Skulpturen des K\u00fcnstlers. Mit der Spritzpistole geschaffene Bilder, M\u00f6bel und Dekorationen aller Art reihen sich aneinander, um uns die Entwicklung dieses aussergew\u00f6hnlichen Oeuvre vor Augen zu f\u00fchren. Wer sich ins Innere wagt, erkennt die Gesch\u00f6pfe wieder, die uns aus Ridley Scotts Kultfilm <em><i>Alien<\/i><\/em>\u00a0vertraut sind. Ein verst\u00f6rendes Erlebnis, das sich in der benachbarten Bar fortsetzt, dem letzten Hauptwerk des K\u00fcnstlers, das integrierender Bestandteil der Ausstellung ist und uns noch tiefer in dieses ausserirdische Universum eintauchen l\u00e4sst. K\u00f6stliche Alptr\u00e4ume, die jenen der G\u00e4ste neue Nahrung geben d\u00fcrften.<br \/>\n<iframe loading=\"lazy\" src=\"https:\/\/www.youtube.com\/embed\/8FivCBymwu4\" width=\"496\" height=\"279\" frameborder=\"0\" allowfullscreen=\"allowfullscreen\"><\/iframe><\/p>\n<p><strong><b>Dialog zwischen zwei Welten im Tibet Museum<\/b><\/strong><\/p>\n<p>Kunst im Greyerzerland ist auch Kunst im St\u00e4dtchen Greyerz, wo Sie im Tibet Museum eine der weltweit wichtigsten Sammlungen buddhistischer Sakralkunst bewundern k\u00f6nnen. Gem\u00e4lde, Skulpturen und andere Kultgegenst\u00e4nde \u2013 die \u00e4ltesten datieren aus dem 1.\u00a0Jahrhundert \u2013 sind hier im Refugium der Josephskapelle vereint. Im sch\u00fctzenden Schatten der christlichen Heiligen, welche die Chorfenster beleben, zeichnen diese St\u00fccke die uralte Entwicklung der buddhistischen Kunst nach, um im Bereich des Sakralen zwei Welten und zwei Kulturen umso besser vers\u00f6hnend zusammenzuf\u00fchren.<\/p>\n<div id=\"attachment_2758\" style=\"width: 560px\" class=\"wp-caption alignright\"><img loading=\"lazy\" decoding=\"async\" aria-describedby=\"caption-attachment-2758\" class=\"wp-image-2758\" src=\"https:\/\/musees-en-gruyere.ch\/wp-content\/uploads\/2020\/05\/Picture5-2-300x169.png\" alt=\"\" width=\"550\" height=\"310\" srcset=\"https:\/\/musees-en-gruyere.ch\/wp-content\/uploads\/2020\/05\/Picture5-2-300x169.png 300w, https:\/\/musees-en-gruyere.ch\/wp-content\/uploads\/2020\/05\/Picture5-2-1024x576.png 1024w, https:\/\/musees-en-gruyere.ch\/wp-content\/uploads\/2020\/05\/Picture5-2-768x432.png 768w, https:\/\/musees-en-gruyere.ch\/wp-content\/uploads\/2020\/05\/Picture5-2.png 1361w\" sizes=\"auto, (max-width: 550px) 100vw, 550px\" \/><p id=\"caption-attachment-2758\" class=\"wp-caption-text\">Im Innern der Josephskapelle setzt am Schnittpunkt der Kulturen ein Dialog zwischen zwei Welten ein.<\/p><\/div>\n<p>Ein eigent\u00fcmlicher Dialog setzt so ein zwischen dem hl. Franz von Assisi und Milarepa, die im Dunst des Weihrauchs augenzwinkernd Blicke austauschen. Verhaltenes Tageslicht dringt durch die Krone eines Christus aus Glas, um in sich versunkene Bodhisattvas zu beleuchten. Ein Heiligtum fern des Diesseits, das Sie einl\u00e4dt, Ihre eigene Welt in neuem Licht zu sehen, zwischen Orient und Okzident, auf dem Weg der Erleuchtung.<\/p>\n<p>Um weiterhin in der Welt der Kunst zu bleiben, bietet Ihnen die Boutique du Fer de lance im historischen St\u00e4dtchen Greyerz eine breite Palette an Kunsthandwerk und Mineralien an, die direkt aus dem Himalaya stammen.<\/p>\n<p><strong><b>Ein spannendes Abenteuer auf Schloss Greyerz<\/b><\/strong><\/p>\n<p>Wenige Kilometer trennen den Hauptort des Greyerzbezirks vom Schloss Greyerz, das den h\u00f6chsten Punkt des charmanten gleichnamigen mittelalterlichen St\u00e4dtchens einnimmt. Im 13.\u00a0Jahrhundert erbaut, um einer der bedeutendsten Adelsfamilien der Region als Wohnsitz zu dienen, beherbergte das Bauwerk fast 500 Jahre lang die Grafen von Greyerz, bevor deren G\u00fcter 1554 in die H\u00e4nde von Bern und Freiburg, den Hauptgl\u00e4ubigern des Grafen Michael, gelangten, der gezwungen war, seine Besitzt\u00fcmer abzutreten, um seine Schulden zu begleichen.<\/p>\n<p>Als Verwaltungssitz der Freiburger Obrigkeit beherbergte das Schloss bis zu seinem Verkauf eine lange Reihe von Landv\u00f6gten und Oberamtm\u00e4nnern. 1848 von einer wohlhabenden Genfer Familie erworben, wurde es unter der Initiative seiner neuen Besitzer zum Mittelpunkt eines ungew\u00f6hnlichen k\u00fcnstlerischen Abenteuers. Ein kreatives Fieber erfasste das Schloss, in dessen einzigartigem Rahmen Maler, Bildhauer, Musiker und Schriftsteller ihre Inspiration suchten. Die kleine Gemeinschaft liess sich vom malerischen Reiz dieses zeitlosen Orts anstecken und entfaltete ihre Talente in Werken, die noch heute die W\u00e4nde verschiedener R\u00e4ume zieren.<\/p>\n<div id=\"attachment_2759\" style=\"width: 560px\" class=\"wp-caption alignleft\"><img loading=\"lazy\" decoding=\"async\" aria-describedby=\"caption-attachment-2759\" class=\"wp-image-2759\" src=\"https:\/\/musees-en-gruyere.ch\/wp-content\/uploads\/2020\/05\/Picture6-4-300x98.png\" alt=\"\" width=\"550\" height=\"179\" srcset=\"https:\/\/musees-en-gruyere.ch\/wp-content\/uploads\/2020\/05\/Picture6-4-300x98.png 300w, https:\/\/musees-en-gruyere.ch\/wp-content\/uploads\/2020\/05\/Picture6-4-1024x333.png 1024w, https:\/\/musees-en-gruyere.ch\/wp-content\/uploads\/2020\/05\/Picture6-4-768x250.png 768w, https:\/\/musees-en-gruyere.ch\/wp-content\/uploads\/2020\/05\/Picture6-4.png 1098w\" sizes=\"auto, (max-width: 550px) 100vw, 550px\" \/><p id=\"caption-attachment-2759\" class=\"wp-caption-text\">Schloss Greyerz \u2013 eine Festung zu F\u00fcssen der Voralpen<\/p><\/div>\n<p>Das Schloss Greyerz bewahrt die Erinnerung an diese verschiedenen Epochen, als w\u00e4ren sie in seine Mauern gegraben. Von den mittelalterlichen Sch\u00e4tzen \u00fcber die prachtvollen Dekorationen des Ancien R\u00e9gime bis zu den Malereien von Camille Corot folgen Sie den Etappen, welche die Greyerzer Landschaft gepr\u00e4gt haben. Im Schutz der alten Gem\u00e4uer lassen die Sammlungen des Schlosses eine fesselnde Geschichte wiederaufleben, die Sie weit \u00fcber die Ritterromane hinausf\u00fchrt.<\/p>\n<p><strong><b>Regionale Kunst im Museum Charmey<\/b><\/strong><\/p>\n<p>Vom Buddhismus zum Christentum ist es nur ein Schritt, den das Museum Charmey unbek\u00fcmmert macht, indem es Einblicke in das Leben der M\u00f6nche der Kartause La Valsainte gew\u00e4hrt.<\/p>\n<p>Als einzige bestehende Kartause der Schweiz hat die Valsainte ihre T\u00fcren seit langem f\u00fcr die \u00d6ffentlichkeit geschlossen, um die Ruhe der M\u00f6nche zu sch\u00fctzen, die hier in Einsamkeit und Stille ganz f\u00fcr Gott leben. So bewahrt das Kloster ein St\u00fcck seines Mysteriums, als w\u00e4re es mehrere Jahrhunderte und nicht nur ein paar Gehstunden von Charmey entfernt.<\/p>\n<p>In seinem Innern l\u00fcftet das Museum Charmey in einer Dauerausstellung, die dem Leben der Kart\u00e4user gewidmet ist, ein wenig den Schleier \u00fcber dieser abgeschotteten Welt.<\/p>\n<p>Das Museum Charmey, das im ehemaligen Platzhaus von Jaun (17. Jahrhundert) untergebracht ist, birgt wertvolle Zeugnisse des regionalen Kulturerbes. Mit seinen Wechselausstellungen gew\u00e4hrt es einen gegenwartsnahen Blick auf Alpwirtschaft und Kunsthandwerk, wobei vor allem nat\u00fcrliche Materialien wie Holz, Papier und Erde im Mittelpunkt stehen.<\/p>\n<p>Das Museum beherbergt die Internationale Papiertriennale, die 1993 in Zusammenarbeit mit der K\u00fcnstlerin Viviane Fontaine ins Leben gerufen wurde. Dieser Ausstellungswettbewerb steht allen Kunstschaffenden offen, die Papier nicht nur als Tr\u00e4ger verstehen, sondern dieses reiche und vielgestaltige Material zum Leben zu erwecken suchen. Als Bestandteil der zeitgen\u00f6ssischen Kunstszene bietet die <em><i>Paper Art<\/i><\/em> Plastiker*innen aus aller Welt ein einzigartiges, ungew\u00f6hnliches Bet\u00e4tigungsfeld.<\/p>\n<p><em>Ang\u00e9lique Eggenschwiler<\/em><\/p>\n<div id=\"attachment_2760\" style=\"width: 560px\" class=\"wp-caption alignleft\"><img loading=\"lazy\" decoding=\"async\" aria-describedby=\"caption-attachment-2760\" class=\"wp-image-2760\" src=\"https:\/\/musees-en-gruyere.ch\/wp-content\/uploads\/2020\/05\/Picture7-2-300x214.png\" alt=\"\" width=\"550\" height=\"392\" srcset=\"https:\/\/musees-en-gruyere.ch\/wp-content\/uploads\/2020\/05\/Picture7-2-300x214.png 300w, https:\/\/musees-en-gruyere.ch\/wp-content\/uploads\/2020\/05\/Picture7-2-1024x730.png 1024w, https:\/\/musees-en-gruyere.ch\/wp-content\/uploads\/2020\/05\/Picture7-2-768x547.png 768w, https:\/\/musees-en-gruyere.ch\/wp-content\/uploads\/2020\/05\/Picture7-2.png 1440w\" sizes=\"auto, (max-width: 550px) 100vw, 550px\" \/><p id=\"caption-attachment-2760\" class=\"wp-caption-text\">Seit ihrer Gr\u00fcndung im Jahr 1993 empf\u00e4ngt die Internationale Triennale der Papierkunst im Museum Charmey Hunderte von Kunstschaffenden aus aller Welt<\/p><\/div>\n<p>[\/vc_column_text][\/vc_column_inner][\/vc_row_inner][\/vc_column][\/vc_row][vc_row type=&#8221;1&#8243; bg_color=&#8221;#e20079&#8243; css=&#8221;.vc_custom_1591775573086{background-color: #e20079 !important;}&#8221;][vc_column][vc_empty_space height=&#8221;50px&#8221;][\/vc_column][\/vc_row]<\/p>\n","protected":false},"excerpt":{"rendered":"<p>[vc_row type=&#8221;1&#8243; bg_position=&#8221;center&#8221; bg_cover=&#8221;true&#8221; enable_parallax=&#8221;false&#8221; parallax_speed=&#8221;0.4&#8243; css=&#8221;.vc_custom_1590476936411{margin-bottom: 20px !important;}&#8221; bg_image=&#8221;https:\/\/musees-en-gruyere.ch\/wp-content\/uploads\/2020\/05\/Picture4.png&#8221; anchor=&#8221;cantorama&#8221;][vc_column][vc_row_inner][vc_column_inner el_class=&#8221;white&#8221; css=&#8221;.vc_custom_1487949275479{margin-top: 30% !important;background-color: #e20079 !important;}&#8221;][vc_column_text] Eine Reise ins Herz der Kunst [\/vc_column_text][\/vc_column_inner][\/vc_row_inner][\/vc_column][\/vc_row][vc_row type=&#8221;4&#8243; bg_color=&#8221;#e20079&#8243; css=&#8221;.vc_custom_1589986238023{background-color: #e20079 !important;}&#8221;][vc_column css=&#8221;.vc_custom_1487949441724{background-color: #e20079 !important;}&#8221; el_class=&#8221;white&#8221;][vc_row_inner][vc_column_inner][vc_video link=&#8221;https:\/\/www.youtube.com\/watch?v=d_K2TVUhNuE&#8221; css=&#8221;.vc_custom_1590476926278{margin-bottom: -20px !important;}&#8221;][vc_column_text]Pr\u00e4sentationsvideo \u2013 eine Reise ins Herz der Kunst\u00a0[\/vc_column_text][\/vc_column_inner][\/vc_row_inner][\/vc_column][\/vc_row][vc_row type=&#8221;5&#8243; bg_color=&#8221;#e20079&#8243; css=&#8221;.vc_custom_1591775560927{background-color: #e20079 !important;}&#8221;][vc_column css=&#8221;.vc_custom_1591734465310{background-color: #ffffff !important;}&#8221;][vc_column_text]Kunst im Greyerzerland, auf&hellip;<\/p>\n","protected":false},"author":1,"featured_media":0,"parent":0,"menu_order":0,"comment_status":"closed","ping_status":"closed","template":"","meta":{"_acf_changed":false},"class_list":["post-2754","page","type-page","status-publish","hentry","description-off"],"acf":[],"_links":{"self":[{"href":"https:\/\/musees-en-gruyere.ch\/de\/wp-json\/wp\/v2\/pages\/2754","targetHints":{"allow":["GET"]}}],"collection":[{"href":"https:\/\/musees-en-gruyere.ch\/de\/wp-json\/wp\/v2\/pages"}],"about":[{"href":"https:\/\/musees-en-gruyere.ch\/de\/wp-json\/wp\/v2\/types\/page"}],"author":[{"embeddable":true,"href":"https:\/\/musees-en-gruyere.ch\/de\/wp-json\/wp\/v2\/users\/1"}],"replies":[{"embeddable":true,"href":"https:\/\/musees-en-gruyere.ch\/de\/wp-json\/wp\/v2\/comments?post=2754"}],"version-history":[{"count":10,"href":"https:\/\/musees-en-gruyere.ch\/de\/wp-json\/wp\/v2\/pages\/2754\/revisions"}],"predecessor-version":[{"id":3275,"href":"https:\/\/musees-en-gruyere.ch\/de\/wp-json\/wp\/v2\/pages\/2754\/revisions\/3275"}],"wp:attachment":[{"href":"https:\/\/musees-en-gruyere.ch\/de\/wp-json\/wp\/v2\/media?parent=2754"}],"curies":[{"name":"wp","href":"https:\/\/api.w.org\/{rel}","templated":true}]}}