{"id":2671,"date":"2020-05-20T22:51:22","date_gmt":"2020-05-20T22:51:22","guid":{"rendered":"https:\/\/musees-en-gruyere.ch\/de\/?page_id=2671"},"modified":"2020-07-10T15:32:50","modified_gmt":"2020-07-10T15:32:50","slug":"gastronomie","status":"publish","type":"page","link":"https:\/\/musees-en-gruyere.ch\/de\/gastronomie\/","title":{"rendered":"Gastronomie"},"content":{"rendered":"<p>[vc_row type=&#8221;1&#8243; bg_position=&#8221;center&#8221; bg_cover=&#8221;true&#8221; enable_parallax=&#8221;false&#8221; parallax_speed=&#8221;0.4&#8243; css=&#8221;.vc_custom_1590477273607{margin-bottom: 20px !important;}&#8221; bg_image=&#8221;https:\/\/musees-en-gruyere.ch\/wp-content\/uploads\/2020\/05\/Picture1.png&#8221; anchor=&#8221;cantorama&#8221;][vc_column][vc_row_inner][vc_column_inner el_class=&#8221;white&#8221; css=&#8221;.vc_custom_1487949275479{margin-top: 30% !important;background-color: #e20079 !important;}&#8221;][vc_column_text]<\/p>\n<h1>Eine gastronomische Reise<\/h1>\n<p>[\/vc_column_text][\/vc_column_inner][\/vc_row_inner][\/vc_column][\/vc_row][vc_row type=&#8221;4&#8243; bg_color=&#8221;#e20079&#8243; css=&#8221;.vc_custom_1589986238023{background-color: #e20079 !important;}&#8221;][vc_column css=&#8221;.vc_custom_1487949441724{background-color: #e20079 !important;}&#8221; el_class=&#8221;white&#8221;][vc_row_inner][vc_column_inner][vc_video link=&#8221;https:\/\/www.youtube.com\/watch?v=slGmr358OXg&#8221; css=&#8221;.vc_custom_1589986213424{margin-bottom: -20px !important;}&#8221;][vc_column_text]<em><i>Pr\u00e4sentationsvideo \u2013 Eine gastronomische Reise\u00a0<\/i><\/em>[\/vc_column_text][\/vc_column_inner][\/vc_row_inner][\/vc_column][\/vc_row][vc_row type=&#8221;5&#8243; bg_color=&#8221;#e20079&#8243; css=&#8221;.vc_custom_1591775625395{background-color: #e20079 !important;}&#8221;][vc_column css=&#8221;.vc_custom_1591734135799{background-color: #ffffff !important;}&#8221;][vc_column_text]<strong><b>Die Gruy\u00e8re, Land der Gastronomie?<\/b><\/strong><\/p>\n<p>Die Gruy\u00e8re, Land der Gastronomie, verk\u00f6rpert mit ihren schattigen T\u00e4lern, bezaubernden W\u00e4ldern und gr\u00fcnen Bergen, die von den Bauern vergangener Zeiten gerodet wurden, ein lebendiges Kulturgut, das Sie auf einer Bergwanderung erkunden oder in mittelalterlichen Ortschaften kennenlernen k\u00f6nnen. In erster Linie jedoch spiegelt sich in ihr eine Geschichte der Feinschmeckerkunst. Uralte Traditionen schmeicheln Ihrem Gaumen und laden Sie zu einer ungew\u00f6hnlichen Zeitreise ein. Denn es ist die Geschichte dieser Region, die Ihre Geschmackspapillen anregt und Sie ein alt\u00fcberliefertes Fachwissen geniessen l\u00e4sst, gepr\u00e4gt durch Generationen von Handwerkern, die im Lauf der Jahrhunderte den Weltruf ihrer Spezialit\u00e4ten begr\u00fcndeten.[\/vc_column_text][vc_row_inner css=&#8221;.vc_custom_1589987677662{margin-top: -30px !important;}&#8221;][vc_column_inner][vc_column_text]<strong><b>Die Maison du Gruy\u00e8re, auf den Spuren eines ber\u00fchmten K\u00e4ses<\/b><\/strong><\/p>\n<p>Der Gruy\u00e8re AOP ist ein K\u00e4se, der stolz ist, als Botschafter des Bezirks aufzutreten und dessen Namen in mehr als sechzig L\u00e4nder zu tragen.<\/p>\n<p>Bereits im 15. Jahrhundert ging das Ger\u00fccht um, dass die Bergbauern die Milch in einen schmackhaften K\u00e4se verwandelten. Doch erst im 17. Jahrhundert erhielt der Gruy\u00e8re seinen offiziellen Namen und begann seinen Ruhmeszug.<\/p>\n<div id=\"attachment_2705\" style=\"width: 560px\" class=\"wp-caption alignleft\"><img loading=\"lazy\" decoding=\"async\" aria-describedby=\"caption-attachment-2705\" class=\"wp-image-2705\" src=\"https:\/\/musees-en-gruyere.ch\/wp-content\/uploads\/2020\/05\/Picture1-1-300x225.png\" alt=\"\" width=\"550\" height=\"413\" srcset=\"https:\/\/musees-en-gruyere.ch\/wp-content\/uploads\/2020\/05\/Picture1-1-300x225.png 300w, https:\/\/musees-en-gruyere.ch\/wp-content\/uploads\/2020\/05\/Picture1-1.png 753w\" sizes=\"auto, (max-width: 550px) 100vw, 550px\" \/><p id=\"caption-attachment-2705\" class=\"wp-caption-text\">Im Keller der K\u00e4serei k\u00f6nnen bis zu 7000 Laibe reifen<\/p><\/div>\n<p>Seither? Seither hat sich das Rezept nicht ge\u00e4ndert. Von der Gerinnung im Kessi bis zur Reifung im Keller werden alle Etappen von lokalen K\u00e4sermeistern durchgef\u00fchrt, die einem von Generation zu Generation weitergegebenen Fachwissen die Ehre erweisen. \u00a0Ein Laib Gruy\u00e8re AOP bedeutet 600 Jahre Tradition und sechs Monate Reifezeit, 400 Liter Milch und ebenso viel Leidenschaft. Die K\u00fche, die im Greyerzerland weiden, produzieren eine Milch, die s\u00e4mtliche Aromen des Terroirs zur Geltung bringt.<\/p>\n<p>Die K\u00e4seherstellung wird Ihnen in der Maison du Gruy\u00e8re auf einem interaktiven Rundgang anhand der Reise eines Milchtropfens erz\u00e4hlt. Diese Gourmet-Tour weckt Ihre f\u00fcnf Sinne und macht Sie mit der Komplexit\u00e4t des Produkts vertraut. Anschliessend k\u00f6nnen Sie die Geheimnisse der Herstellung des Gruy\u00e8re AOP in einer echten K\u00e4serei entdecken, die von mehr als dreissig regionalen Milchproduzenten beliefert wird.<\/p>\n<p>Was w\u00e4re ein gastronomischer Besuch ohne eine z\u00fcnftige Degustation lokaler Spezialit\u00e4ten? Sie werden Ihnen im Restaurant der Maison du Gruy\u00e8re serviert, das schmackhafte Gerichte mit Gruy\u00e8re AOP zubereitet: Fondues, K\u00e4seschnitten, Quiches und andere regionale K\u00f6stlichkeiten. Hier verzehrt man nicht einfach K\u00e4se, sondern man erweist ihm die Ehre.<\/p>\n<p>Vers\u00e4umen Sie nicht, zum kr\u00f6nenden Abschluss Ihrer Mahlzeit eine Meringue mit dem unvergleichlichen Doppelrahm zu geniessen. Die s\u00e4ttigenden Speisen, die Sie zu sich genommen haben, k\u00f6nnen Sie am besten auf dem K\u00e4sereienweg verdauen, dessen zwei Lehrpfade Sie nach Mol\u00e9son Village f\u00fchren.<\/p>\n<p><strong><b>Ein Abstecher zur Maison Cailler als s\u00fcsses T\u00fcpfelchen auf dem i<\/b><\/strong><\/p>\n<p>Lieben Sie S\u00fcssigkeiten? Dann lassen Sie sich von den Kakaoger\u00fcchen leiten, die Sie bis zur Schwelle der 5 km entfernten Maison Cailler f\u00fchren.<\/p>\n<p>Seit mehr als 100 Jahren l\u00e4sst die Fabrik Cailler den Duft ger\u00f6steter Haseln\u00fcsse durch die kleine Ortschaft Broc ziehen. Fran\u00e7ois-Louis Cailler, Gr\u00fcnder der \u00e4ltesten im Handel erh\u00e4ltlichen Schweizer Schokoladenmarke, wurde 1796 in Vevey geboren. In Partnerschaft mit Abram L. C. Cusin d\u2019Aubonne begann er fr\u00fch in seinem kleinen Lebensmittelladen am Genfersee Schokolade zu verkaufen, bevor er die Gesch\u00e4fte in Alleinregie \u00fcbernahm. 1898 er\u00f6ffnete sein Enkel Alexandre-Louis Cailler die Schokoladenfabrik in Broc und erweiterte schrittweise das Pralinensortiment.<\/p>\n<p>Heute heisst Sie die Fabrik in ihrer gr\u00fcnen Umgebung willkommen, um Ihnen ein Produkt vorzustellen, das seit mehr als 4000 Jahren verzehrt wird. Ein interaktiver Rundgang l\u00e4dt Sie zu einer Zeitreise zu den pr\u00e4kolumbianischen Urspr\u00fcngen der Schokolade ein. Sie begeben sich auf die Schiffe der Entdecker und durchqueren Jahrhunderte und Ozeane, um die Geschichte dieses ber\u00fchmten Erzeugnisses nachzuzeichnen.<\/p>\n<div id=\"attachment_2706\" style=\"width: 560px\" class=\"wp-caption alignright\"><img loading=\"lazy\" decoding=\"async\" aria-describedby=\"caption-attachment-2706\" class=\"wp-image-2706\" src=\"https:\/\/musees-en-gruyere.ch\/wp-content\/uploads\/2020\/05\/Picture2-1-300x169.png\" alt=\"\" width=\"550\" height=\"309\" srcset=\"https:\/\/musees-en-gruyere.ch\/wp-content\/uploads\/2020\/05\/Picture2-1-300x169.png 300w, https:\/\/musees-en-gruyere.ch\/wp-content\/uploads\/2020\/05\/Picture2-1.png 667w\" sizes=\"auto, (max-width: 550px) 100vw, 550px\" \/><p id=\"caption-attachment-2706\" class=\"wp-caption-text\">Seit 1898 l\u00e4sst die Fabrik Cailler den Duft ger\u00f6steter Haseln\u00fcsse durch die kleine Ortschaft Broc ziehen<\/p><\/div>\n<p>Der sinnliche Rundgang h\u00e4lt einige pikante Anekdoten \u00fcber diese Delikatesse bereit, die einst den Zorn der Geistlichkeit erregte, da sich die Hofdamen von ihr verf\u00fchren liessen. Schliesslich gelangen Sie ins Zentrum des Herstellungsprozesses, wo Sie die f\u00fcr die Herstellung von Schokolade erforderlichen Hauptzutaten kennenlernen. Eine Reise ins Herz der Sinne, die mit einer Degustation von unglaublicher Geschmacksvielfalt endet. Ein Besuch, der Ihren Magen und Ihre Neugier bes\u00e4nftigt und auf Ihrer Zunge gleichsam einen Geschmack von Prestige hinterl\u00e4sst.<\/p>\n<p>Zur Maison Cailler geh\u00f6rt auch eine Boutique, in der die beliebtesten Produkte der Marke und Ideen f\u00fcr personalisierte Geschenke zu finden sind. Auf Anmeldung k\u00f6nnen Sie Workshops besuchen, w\u00e4hrend die unverbesserlichen Gourmands die M\u00f6glichkeit haben, zur Abrundung ihrer geschmacklichen Gen\u00fcsse aus einer Reihe von Zutaten und einer Prise Fantasie ihre ganz pers\u00f6nliche Schokoladentafel zu kreieren.<\/p>\n<p>Die Gruy\u00e8re, Land der Gastronomie. Hegen Sie immer noch Zweifel?<\/p>\n<p><em>Ang\u00e9lique Eggenschwiler<\/em>[\/vc_column_text][\/vc_column_inner][\/vc_row_inner][\/vc_column][\/vc_row][vc_row type=&#8221;1&#8243; bg_color=&#8221;#e20079&#8243; css=&#8221;.vc_custom_1591775637318{background-color: #e20079 !important;}&#8221;][vc_column][vc_empty_space height=&#8221;50px&#8221;][\/vc_column][\/vc_row]<\/p>\n","protected":false},"excerpt":{"rendered":"<p>[vc_row type=&#8221;1&#8243; bg_position=&#8221;center&#8221; bg_cover=&#8221;true&#8221; enable_parallax=&#8221;false&#8221; parallax_speed=&#8221;0.4&#8243; css=&#8221;.vc_custom_1590477273607{margin-bottom: 20px !important;}&#8221; bg_image=&#8221;https:\/\/musees-en-gruyere.ch\/wp-content\/uploads\/2020\/05\/Picture1.png&#8221; anchor=&#8221;cantorama&#8221;][vc_column][vc_row_inner][vc_column_inner el_class=&#8221;white&#8221; css=&#8221;.vc_custom_1487949275479{margin-top: 30% !important;background-color: #e20079 !important;}&#8221;][vc_column_text] Eine gastronomische Reise [\/vc_column_text][\/vc_column_inner][\/vc_row_inner][\/vc_column][\/vc_row][vc_row type=&#8221;4&#8243; bg_color=&#8221;#e20079&#8243; css=&#8221;.vc_custom_1589986238023{background-color: #e20079 !important;}&#8221;][vc_column css=&#8221;.vc_custom_1487949441724{background-color: #e20079 !important;}&#8221; el_class=&#8221;white&#8221;][vc_row_inner][vc_column_inner][vc_video link=&#8221;https:\/\/www.youtube.com\/watch?v=slGmr358OXg&#8221; css=&#8221;.vc_custom_1589986213424{margin-bottom: -20px !important;}&#8221;][vc_column_text]Pr\u00e4sentationsvideo \u2013 Eine gastronomische Reise\u00a0[\/vc_column_text][\/vc_column_inner][\/vc_row_inner][\/vc_column][\/vc_row][vc_row type=&#8221;5&#8243; bg_color=&#8221;#e20079&#8243; css=&#8221;.vc_custom_1591775625395{background-color: #e20079 !important;}&#8221;][vc_column css=&#8221;.vc_custom_1591734135799{background-color: #ffffff !important;}&#8221;][vc_column_text]Die Gruy\u00e8re, Land der Gastronomie? Die Gruy\u00e8re, Land der Gastronomie,&hellip;<\/p>\n","protected":false},"author":1,"featured_media":0,"parent":0,"menu_order":0,"comment_status":"closed","ping_status":"closed","template":"","meta":{"_acf_changed":false},"class_list":["post-2671","page","type-page","status-publish","hentry","description-off"],"acf":[],"_links":{"self":[{"href":"https:\/\/musees-en-gruyere.ch\/de\/wp-json\/wp\/v2\/pages\/2671","targetHints":{"allow":["GET"]}}],"collection":[{"href":"https:\/\/musees-en-gruyere.ch\/de\/wp-json\/wp\/v2\/pages"}],"about":[{"href":"https:\/\/musees-en-gruyere.ch\/de\/wp-json\/wp\/v2\/types\/page"}],"author":[{"embeddable":true,"href":"https:\/\/musees-en-gruyere.ch\/de\/wp-json\/wp\/v2\/users\/1"}],"replies":[{"embeddable":true,"href":"https:\/\/musees-en-gruyere.ch\/de\/wp-json\/wp\/v2\/comments?post=2671"}],"version-history":[{"count":8,"href":"https:\/\/musees-en-gruyere.ch\/de\/wp-json\/wp\/v2\/pages\/2671\/revisions"}],"predecessor-version":[{"id":3243,"href":"https:\/\/musees-en-gruyere.ch\/de\/wp-json\/wp\/v2\/pages\/2671\/revisions\/3243"}],"wp:attachment":[{"href":"https:\/\/musees-en-gruyere.ch\/de\/wp-json\/wp\/v2\/media?parent=2671"}],"curies":[{"name":"wp","href":"https:\/\/api.w.org\/{rel}","templated":true}]}}