{"id":2646,"date":"2020-05-20T22:43:42","date_gmt":"2020-05-20T22:43:42","guid":{"rendered":"https:\/\/musees-en-gruyere.ch\/de\/?page_id=2646"},"modified":"2020-07-10T15:34:07","modified_gmt":"2020-07-10T15:34:07","slug":"geschichte","status":"publish","type":"page","link":"https:\/\/musees-en-gruyere.ch\/de\/geschichte\/","title":{"rendered":"Geschichte"},"content":{"rendered":"<p>[vc_row type=&#8221;1&#8243; bg_position=&#8221;center&#8221; bg_cover=&#8221;true&#8221; enable_parallax=&#8221;false&#8221; parallax_speed=&#8221;0.4&#8243; css=&#8221;.vc_custom_1590477116078{margin-bottom: 20px !important;}&#8221; bg_image=&#8221;https:\/\/musees-en-gruyere.ch\/wp-content\/uploads\/2020\/05\/Picture6-2.png&#8221; anchor=&#8221;cantorama&#8221;][vc_column][vc_row_inner][vc_column_inner el_class=&#8221;white&#8221; css=&#8221;.vc_custom_1487949275479{margin-top: 30% !important;background-color: #e20079 !important;}&#8221;][vc_column_text]<\/p>\n<h1>Eine historische Reise<\/h1>\n<p>[\/vc_column_text][\/vc_column_inner][\/vc_row_inner][\/vc_column][\/vc_row][vc_row type=&#8221;4&#8243; bg_color=&#8221;#e20079&#8243; css=&#8221;.vc_custom_1589986238023{background-color: #e20079 !important;}&#8221;][vc_column css=&#8221;.vc_custom_1487949441724{background-color: #e20079 !important;}&#8221; el_class=&#8221;white&#8221;][vc_row_inner][vc_column_inner][vc_video link=&#8221;https:\/\/www.youtube.com\/watch?v=h6_ycAklYq4&#8243; css=&#8221;.vc_custom_1590477072516{margin-bottom: -20px !important;}&#8221;][vc_column_text]<em><i>Pr\u00e4sentationsvideo \u2013 Eine historische Reise<\/i><\/em>[\/vc_column_text][\/vc_column_inner][\/vc_row_inner][\/vc_column][\/vc_row][vc_row type=&#8221;5&#8243; bg_color=&#8221;#e20079&#8243; css=&#8221;.vc_custom_1591775584520{background-color: #e20079 !important;}&#8221;][vc_column css=&#8221;.vc_custom_1591734370825{background-color: #ffffff !important;}&#8221;][vc_column_text]<strong><b>Eintauchen in eine fesselnde Geschichte<\/b><\/strong><\/p>\n<p>Sie kennen die Gruy\u00e8re, ihren kulturellen Reichtum und ihr raffiniertes Terroir. Die Lieder dieses Landstrichs ert\u00f6nen weit \u00fcber seine Grenzen hinaus, seine feine K\u00fcche wird exportiert und tr\u00e4gt zum Ruhm der lokalen Traditionen bei.<\/p>\n<p>Vielleicht sind Sie etwas weniger vertraut mit dem Ursprung dieser Traditionen und den grossen Entwicklungsb\u00f6gen, welche die heutigen Konturen der Region mitgestaltet haben. Zahllose Wegstunden und ein paar Weiden von verzopften Geschichten und Gemeinpl\u00e4tzen entfernt, entstaubt der Verein \u00abMus\u00e9es en Gruy\u00e8re, Gl\u00e2ne et Pays-d\u2019Enhaut\u00bb dieses Kulturerbe und bietet Ihnen das spannende Abenteuer, in l\u00e4ngst vergangene Zeiten abzutauchen. Vielf\u00e4ltige Sammlungen gew\u00e4hren lebendige Einblicke in die geschichtenreiche Vergangenheit, indem sie einen Umweg \u00fcber Bergstr\u00e4sschen und Meliorationswege nehmen, die von uns unbekannten, gew\u00f6hnlichen Menschen begangen wurden, um dieses aussergew\u00f6hnliche Kulturerbe zu schaffen. Spitzen Sie die Ohren und unternehmen Sie eine fesselnde Entdeckungstour.[\/vc_column_text][vc_row_inner][vc_column_inner width=&#8221;1\/2&#8243;][vc_video link=&#8221;https:\/\/youtu.be\/sf9sJeGdHSI&#8221; css=&#8221;.vc_custom_1590014817945{margin-bottom: -20px !important;}&#8221;][vc_column_text]<em><i>Pr\u00e4sentationsvideo \u2013 Geschichten zum Teilen<\/i><\/em>[\/vc_column_text][\/vc_column_inner][vc_column_inner width=&#8221;1\/2&#8243;][vc_column_text]<strong><b>Erkundung der Greyerzer Geschichte im Mus\u00e9e gru\u00e9rien<\/b><\/strong><\/p>\n<p>Ihr Besuch beginnt in Bulle, dem Hauptort der Region. Das Mus\u00e9e gru\u00e9rien nimmt Sie mit auf einen emotionalen Streifzug durch die Geschichte des Greyerzerlandes anhand der unz\u00e4hligen Objekte und Bilder, auf denen der Ruhm seiner Sammlungen gr\u00fcndet.<\/p>\n<p>Ein ausgeschilderter Rundgang, <em><i>La Gruy\u00e8re Wege und Spuren<\/i><\/em>, zeugt vom Reichtum dieses Kulturerbes: Sieben Themen bilden ebenso viele Tore zu einem besseren Verst\u00e4ndnis der Region und ihrer Bewohner*innen. Vom K\u00e4sehandel \u00fcber die fr\u00fchen Industrien und die Verbreitung der typischen Bilder der Region bis zur Entwicklung der Stadt Bulle zeigt die Dauerausstellung die wichtigsten Etappen einer tausendj\u00e4hrigen Geschichte.[\/vc_column_text][\/vc_column_inner][\/vc_row_inner][\/vc_column][\/vc_row][vc_row type=&#8221;5&#8243; bg_color=&#8221;#e20079&#8243; css=&#8221;.vc_custom_1591775593854{background-color: #e20079 !important;}&#8221;][vc_column css=&#8221;.vc_custom_1591734388359{background-color: #ffffff !important;}&#8221;][vc_row_inner css=&#8221;.vc_custom_1589987677662{margin-top: -30px !important;}&#8221;][vc_column_inner][vc_column_text]Verpassen Sie nicht die audiovisuelle Installation der Stadtmodelle von Bulle: Sympathische Personen lassen Sie die Handelsstadt an drei Schl\u00fcsselmomenten ihrer Geschichte entdecken: 1722, 1912 und 2002. Zudem lernen Sie den Alltag der Einheimischen und mit dem Besuch eines vollst\u00e4ndig rekonstruierten Bauernhauses die Intimit\u00e4t einstiger Wohnst\u00e4tten kennen.<\/p>\n<p>Wie haben die Sennen in den Bergen gek\u00e4st? Wie alt sind die Poyas, die Bilder des Alpaufzugs? Warum tragen K\u00fche Treicheln oder Glocken? Das Museum beantwortet diese Fragen und viele weitere!<\/p>\n<p>Ein ideales Besuchsziel f\u00fcr Gruppen oder Familien. Eine Reise in das Herz eines lebendigen Greyerzerlandes, um einen neuen Blick auf diese einzigartige Region zwischen Stadt und Land zu werfen.<\/p>\n<p>In unmittelbarer N\u00e4he des Stadtgartens an den Schlossmauern gelegen, bildet das Mus\u00e9e gru\u00e9rien den Ausgangspunkt eines historischen Rundgangs durch das Zentrum von Bulle. Steigen Sie im Sommer auf den Bergfried, um ein atemberaubendes Panorama zu bewundern. Zwei Schritte und ein paar Jahrhunderte entfernt empf\u00e4ngt Sie die Brasserie du Moderne in der sanften Nostalgie der Belle Epoque zu einer gastronomischen Verschnaufpause.<\/p>\n<p><strong><b>Ein spannendes Abenteuer auf Schloss Greyerz<\/b><\/strong><\/p>\n<p>Wenige Kilometer trennen den Hauptort des Greyerzbezirks vom Schloss Greyerz, das den h\u00f6chsten Punkt des charmanten gleichnamigen mittelalterlichen St\u00e4dtchens einnimmt. Im 13.\u00a0Jahrhundert erbaut, um einer der bedeutendsten Adelsfamilien der Region als Wohnsitz zu dienen, beherbergte das Bauwerk fast 500 Jahre lang die Grafen von Greyerz, bevor deren G\u00fcter 1554 in die H\u00e4nde von Bern und Freiburg, den Hauptgl\u00e4ubigern des Grafen Michael, gelangten, der gezwungen war, seine Besitzt\u00fcmer abzutreten, um seine Schulden zu begleichen.<\/p>\n<div id=\"attachment_2658\" style=\"width: 560px\" class=\"wp-caption alignright\"><img loading=\"lazy\" decoding=\"async\" aria-describedby=\"caption-attachment-2658\" class=\"wp-image-2658\" src=\"https:\/\/musees-en-gruyere.ch\/wp-content\/uploads\/2020\/05\/Picture6-3-300x98.png\" alt=\"\" width=\"550\" height=\"179\" srcset=\"https:\/\/musees-en-gruyere.ch\/wp-content\/uploads\/2020\/05\/Picture6-3-300x98.png 300w, https:\/\/musees-en-gruyere.ch\/wp-content\/uploads\/2020\/05\/Picture6-3-1024x333.png 1024w, https:\/\/musees-en-gruyere.ch\/wp-content\/uploads\/2020\/05\/Picture6-3-768x250.png 768w, https:\/\/musees-en-gruyere.ch\/wp-content\/uploads\/2020\/05\/Picture6-3.png 1098w\" sizes=\"auto, (max-width: 550px) 100vw, 550px\" \/><p id=\"caption-attachment-2658\" class=\"wp-caption-text\">Schloss Greyerz \u2013 eine Festung zu F\u00fcssen der Voralpen<\/p><\/div>\n<p>Als Verwaltungssitz der Freiburger Obrigkeit beherbergte das Schloss bis zu seinem Verkauf eine lange Reihe von Landv\u00f6gten und Oberamtm\u00e4nnern. 1848 von einer wohlhabenden Genfer Familie erworben, wurde es unter der Initiative seiner neuen Besitzer zum Mittelpunkt eines ungew\u00f6hnlichen k\u00fcnstlerischen Abenteuers. Ein kreatives Fieber erfasste das Schloss, in dessen einzigartigem Rahmen Maler, Bildhauer, Musiker und Schriftsteller ihre Inspiration suchten. Die kleine Gemeinschaft liess sich vom malerischen Reiz dieses zeitlosen Orts anstecken und entfaltete ihre Talente in Werken, die noch heute die W\u00e4nde verschiedener R\u00e4ume zieren.<\/p>\n<p>Das Schloss Greyerz bewahrt die Erinnerung an diese verschiedenen Epochen, als w\u00e4ren sie in seine Mauern gegraben. Von den mittelalterlichen Sch\u00e4tzen \u00fcber die prachtvollen Dekorationen des Ancien R\u00e9gime bis zu den Malereien von Camille Corot folgen Sie den Etappen, welche die Greyerzer Landschaft gepr\u00e4gt haben. Im Schutz der alten Gem\u00e4uer lassen die Sammlungen des Schlosses eine fesselnde Geschichte wiederaufleben, die Sie weit \u00fcber die Ritterromane hinausf\u00fchrt.<\/p>\n<p><strong><b>Das<\/b><\/strong><strong><b>\u00a0Museum des Pays-d\u2019Enhaut, Sch\u00e4tze einer Lebenskunst<\/b><\/strong><\/p>\n<p>Der historische Rundgang f\u00fchrt nun ins Herz der Waadtl\u00e4nder Alpen, wo das Museum des Pays-d\u2019Enhaut dazu einl\u00e4dt, in die Intimit\u00e4t des einstigen Lebens einzutauchen. Das 1922 gegr\u00fcndete Heimatmuseum l\u00fcftet den Schleier \u00fcber einer l\u00e4ngst vergangenen Zeit anhand seiner vielf\u00e4ltigen Gegenst\u00e4nde, die vom Alltag in dieser lange isolierten Region zeugen.<\/p>\n<div id=\"attachment_2659\" style=\"width: 590px\" class=\"wp-caption alignleft\"><img loading=\"lazy\" decoding=\"async\" aria-describedby=\"caption-attachment-2659\" class=\"wp-image-2659 size-full\" src=\"https:\/\/musees-en-gruyere.ch\/wp-content\/uploads\/2020\/05\/interieur2-2.gif\" alt=\"\" width=\"580\" height=\"411\" \/><p id=\"caption-attachment-2659\" class=\"wp-caption-text\">Zu den Sehensw\u00fcrdigkeiten des Museums geh\u00f6ren vollst\u00e4ndig rekonstruierte Stuben und K\u00fcchen, welche die einstige Atmosph\u00e4re spiegeln<\/p><\/div>\n<p>Am Fusse der Berge rund um Ch\u00e2teau-d\u2019Oex entwickelten die Dorfbewohner*innen ein kunstvolles Handwerk, das die allt\u00e4glichen Gebrauchsgegenst\u00e4nde versch\u00f6nert. Geschirr und M\u00f6bel, aber auch zahlreiche Stiche und Aquarelle mit Darstellungen der Region zeugen von einer Epoche, die in vollst\u00e4ndig rekonstruierten R\u00e4umen wieder lebendig wird, um die Atmosph\u00e4re dieser vergessenen Vorzeit einzufangen. Ein Hauch von Authentizit\u00e4t pr\u00e4gt die 15 Stuben mit ihrer historischen Ausstattung.<\/p>\n<p>Als eines der wichtigsten Volkskunstmuseen der Schweiz erkundet die Institution die Tradition des Scherenschnitts anhand der Arbeiten der Pioniere Hans Jakob Hauswirth (1809\u20131871) und Louis Saugy (1871\u20131953). Die K\u00fcnstler, die beide aus der Region stammen, wussten ihre Liebe zu dieser einzigartigen Landschaft in Werke umzusetzen, die sich durch ihre Symbolik und Sensibilit\u00e4t auszeichnen. Das Museum des Pays-d\u2019Enhaut, das man als Ode an das Ged\u00e4chtnis der einheimischen Bev\u00f6lkerung bezeichnen k\u00f6nnte, ist heute eine Schl\u00fcsselinstitution f\u00fcr die Pflege der handwerklichen Kulturg\u00fcter des Tals.<\/p>\n<p>Um die Erkundung dieser einstigen Welt fortzusetzen, stehen Ihnen mehrere Lehrrundg\u00e4nge durch Rougemont und Rossini\u00e8re zur Verf\u00fcgung, um auf den Spuren von Louis Saugy zu wandeln oder die typische Architektur der Region zu entdecken und die kunstvollen Fassaden der Holzh\u00e4user zu bewundern, an denen man vorbeikommt.<\/p>\n<p><em>Ang\u00e9lique Eggenschwiler<\/em>[\/vc_column_text][\/vc_column_inner][\/vc_row_inner][\/vc_column][\/vc_row][vc_row type=&#8221;1&#8243; bg_color=&#8221;#e20079&#8243; css=&#8221;.vc_custom_1591775605701{background-color: #e20079 !important;}&#8221;][vc_column][vc_empty_space height=&#8221;50px&#8221;][\/vc_column][\/vc_row]<\/p>\n","protected":false},"excerpt":{"rendered":"<p>[vc_row type=&#8221;1&#8243; bg_position=&#8221;center&#8221; bg_cover=&#8221;true&#8221; enable_parallax=&#8221;false&#8221; parallax_speed=&#8221;0.4&#8243; css=&#8221;.vc_custom_1590477116078{margin-bottom: 20px !important;}&#8221; bg_image=&#8221;https:\/\/musees-en-gruyere.ch\/wp-content\/uploads\/2020\/05\/Picture6-2.png&#8221; anchor=&#8221;cantorama&#8221;][vc_column][vc_row_inner][vc_column_inner el_class=&#8221;white&#8221; css=&#8221;.vc_custom_1487949275479{margin-top: 30% !important;background-color: #e20079 !important;}&#8221;][vc_column_text] Eine historische Reise [\/vc_column_text][\/vc_column_inner][\/vc_row_inner][\/vc_column][\/vc_row][vc_row type=&#8221;4&#8243; bg_color=&#8221;#e20079&#8243; css=&#8221;.vc_custom_1589986238023{background-color: #e20079 !important;}&#8221;][vc_column css=&#8221;.vc_custom_1487949441724{background-color: #e20079 !important;}&#8221; el_class=&#8221;white&#8221;][vc_row_inner][vc_column_inner][vc_video link=&#8221;https:\/\/www.youtube.com\/watch?v=h6_ycAklYq4&#8243; css=&#8221;.vc_custom_1590477072516{margin-bottom: -20px !important;}&#8221;][vc_column_text]Pr\u00e4sentationsvideo \u2013 Eine historische Reise[\/vc_column_text][\/vc_column_inner][\/vc_row_inner][\/vc_column][\/vc_row][vc_row type=&#8221;5&#8243; bg_color=&#8221;#e20079&#8243; css=&#8221;.vc_custom_1591775584520{background-color: #e20079 !important;}&#8221;][vc_column css=&#8221;.vc_custom_1591734370825{background-color: #ffffff !important;}&#8221;][vc_column_text]Eintauchen in eine fesselnde Geschichte Sie kennen die Gruy\u00e8re, ihren&hellip;<\/p>\n","protected":false},"author":1,"featured_media":0,"parent":0,"menu_order":0,"comment_status":"closed","ping_status":"closed","template":"","meta":{"_acf_changed":false},"class_list":["post-2646","page","type-page","status-publish","hentry","description-off"],"acf":[],"_links":{"self":[{"href":"https:\/\/musees-en-gruyere.ch\/de\/wp-json\/wp\/v2\/pages\/2646","targetHints":{"allow":["GET"]}}],"collection":[{"href":"https:\/\/musees-en-gruyere.ch\/de\/wp-json\/wp\/v2\/pages"}],"about":[{"href":"https:\/\/musees-en-gruyere.ch\/de\/wp-json\/wp\/v2\/types\/page"}],"author":[{"embeddable":true,"href":"https:\/\/musees-en-gruyere.ch\/de\/wp-json\/wp\/v2\/users\/1"}],"replies":[{"embeddable":true,"href":"https:\/\/musees-en-gruyere.ch\/de\/wp-json\/wp\/v2\/comments?post=2646"}],"version-history":[{"count":7,"href":"https:\/\/musees-en-gruyere.ch\/de\/wp-json\/wp\/v2\/pages\/2646\/revisions"}],"predecessor-version":[{"id":3248,"href":"https:\/\/musees-en-gruyere.ch\/de\/wp-json\/wp\/v2\/pages\/2646\/revisions\/3248"}],"wp:attachment":[{"href":"https:\/\/musees-en-gruyere.ch\/de\/wp-json\/wp\/v2\/media?parent=2646"}],"curies":[{"name":"wp","href":"https:\/\/api.w.org\/{rel}","templated":true}]}}