{"id":2633,"date":"2020-05-20T22:35:24","date_gmt":"2020-05-20T22:35:24","guid":{"rendered":"https:\/\/musees-en-gruyere.ch\/de\/?page_id=2633"},"modified":"2020-07-10T15:28:50","modified_gmt":"2020-07-10T15:28:50","slug":"aussergewoehnlich","status":"publish","type":"page","link":"https:\/\/musees-en-gruyere.ch\/de\/aussergewoehnlich\/","title":{"rendered":"Au\u00dfergew\u00f6hnlich"},"content":{"rendered":"<p>[vc_row type=&#8221;1&#8243; bg_position=&#8221;center&#8221; bg_cover=&#8221;true&#8221; enable_parallax=&#8221;false&#8221; parallax_speed=&#8221;0.4&#8243; css=&#8221;.vc_custom_1590477557069{margin-bottom: 20px !important;}&#8221; bg_image=&#8221;https:\/\/musees-en-gruyere.ch\/wp-content\/uploads\/2020\/05\/Picture3-1.png&#8221; anchor=&#8221;cantorama&#8221;][vc_column][vc_row_inner][vc_column_inner el_class=&#8221;white&#8221; css=&#8221;.vc_custom_1487949275479{margin-top: 30% !important;background-color: #e20079 !important;}&#8221;][vc_column_text]<\/p>\n<h1>Eine unallt\u00e4gliche Reise<\/h1>\n<p>[\/vc_column_text][\/vc_column_inner][\/vc_row_inner][\/vc_column][\/vc_row][vc_row type=&#8221;4&#8243; bg_color=&#8221;#e20079&#8243; css=&#8221;.vc_custom_1589986238023{background-color: #e20079 !important;}&#8221;][vc_column css=&#8221;.vc_custom_1487949441724{background-color: #e20079 !important;}&#8221; el_class=&#8221;white&#8221;][vc_row_inner][vc_column_inner][vc_video link=&#8221;https:\/\/youtu.be\/fw2x2Xdc9xM&#8221; css=&#8221;.vc_custom_1593597428379{margin-bottom: -20px !important;}&#8221;][vc_column_text]<em><i>Pr\u00e4sentationsvideo \u2013 Eine unallt\u00e4gliche Reise<\/i><\/em>[\/vc_column_text][\/vc_column_inner][\/vc_row_inner][\/vc_column][\/vc_row][vc_row type=&#8221;5&#8243; bg_color=&#8221;#e20079&#8243; css=&#8221;.vc_custom_1591775442062{background-color: #e20079 !important;}&#8221;][vc_column css=&#8221;.vc_custom_1591734574856{background-color: #ffffff !important;}&#8221;][vc_column_text]<strong><b>F\u00fcr den Besuch der Gruy\u00e8re ein einziges Leitwort: Neugier<\/b><\/strong><\/p>\n<p>Sind Sie der Museen f\u00fcr Kunst oder Naturgeschichte \u00fcberdr\u00fcssig? Das Greyerzerland ist m\u00f6glicherweise imstande, den Durst nach Originalit\u00e4t jener Besucher*innen zu stillen, die genug von Stillleben und ausgestopften Tieren haben. Im Reich des Unallt\u00e4glichen bietet Ihnen der Verein \u00abMus\u00e9es en Gruy\u00e8re\u00bb abseits der Trampelpfade drei Ausfl\u00fcge an, die viele verunsichern d\u00fcrften. \u00dcberraschen, stutzig machen und Fragen stellen, das sind die Missionen der Institutionen, die Sie in dieser Kategorie entdecken k\u00f6nnen. Ein einziges Leitwort: Neugier.[\/vc_column_text][vc_row_inner][vc_column_inner width=&#8221;1\/2&#8243;][vc_video link=&#8221;https:\/\/youtu.be\/_SRGTWBf0dc&#8221; css=&#8221;.vc_custom_1590014288730{margin-bottom: -20px !important;}&#8221;][vc_column_text]<em><i>Vid\u00e9o de pr\u00e9sentation Electrobroc\u00a0<\/i><\/em>[\/vc_column_text][\/vc_column_inner][vc_column_inner width=&#8221;1\/2&#8243;][vc_column_text]<strong><b>Electrobroc, eine Besichtigung unter Hochspannung!<\/b><\/strong><\/p>\n<p>Electrobroc, das Informationszentrum f\u00fcr Energie, l\u00e4dt neugierige Besucher aller Altersgruppen ein, das faszinierende Universum der Energie zu entdecken, weit entfernt von einem technischen oder moralisierenden Ansatz.<\/p>\n<p>Die Ausstellung, die fast 1200 m<sup>2<\/sup>\u00a0einnimmt, bietet einen Parcours an, der dem Publikum mit Erkl\u00e4rungen und Vorf\u00fchrungen ein aktuelles, sich jedoch st\u00e4ndig wandelndes Thema n\u00e4herzubringen sucht. Modelle, Panoramen und Animationen, spektakul\u00e4re Installationen, die alle Neugierigen elektrisieren![\/vc_column_text][\/vc_column_inner][\/vc_row_inner][\/vc_column][\/vc_row][vc_row type=&#8221;5&#8243; bg_color=&#8221;#e20079&#8243; css=&#8221;.vc_custom_1594394927085{background-color: #e20079 !important;}&#8221;][vc_column css=&#8221;.vc_custom_1593598206624{background-color: #ffffff !important;}&#8221;][vc_row_inner css=&#8221;.vc_custom_1593598812515{margin-top: -30px !important;}&#8221;][vc_column_inner][vc_column_text]Eine seltene Gelegenheit, sich \u00fcber die j\u00fcngsten Entwicklungen im Bereich der erneuerbaren Energien auf dem Laufenden zu halten, die Probleme zu erfassen, die sich f\u00fcr unseren Planeten stellen, und Ratschl\u00e4ge f\u00fcr konkrete Massnahmen zu erhalten. In einer regionalen Perspektive zeigt die Schau zudem die Geschichte der Stromproduktion im Kanton Freiburg, um die Bedeutung der Wasserkraft der Saane hervorzuheben, einer Energie, die lokal und zugleich erneuerbar ist.<\/p>\n<p>Im Innern des immer noch in Betrieb befindlichen Kraftwerks sind erstaunliche Infrastrukturen zu entdecken, darunter der beeindruckende Turbinensaal, in dem Stromerzeugung und Stromtransport veranschaulicht werden. Die Besichtigung schliesst mit einer 250&#8217;000-Volt-Demonstration in einem Blitzsimulator, der in der Westschweiz einzigartig ist. Vorsicht Kurzschluss! Dieser hochspannungsvolle Besuch wird Jung wie Alt aus der Fassung bringen!<\/p>\n<p>Nach der Besichtigung besteht die M\u00f6glichkeit, sich auf mehreren Wanderungen mit den Umweltaspekten der Stromerzeugung in der Region auseinanderzusetzen. Neugierige k\u00f6nnen die Staumauer von Montsalvens, die erste doppelte Bogenstaumauer Europas, besuchen und \u00fcberdies die urt\u00fcmliche Natur der Jaunschlucht bewundern.<\/p>\n<p>Im \u00dcbrigen bietet die Region zahlreiche Aktivit\u00e4ten an, die mit ihrem Natur- und Kulturerbe in Verbindung stehen. Der regionale Naturpark Gruy\u00e8re Pays-d\u2019Enhaut, der auf der Grenze zwischen den Kantonen Freiburg und Waadt liegt, verf\u00fcgt \u00fcber drei Routen zur Entdeckung aussergew\u00f6hnlicher Orte. Die Wanderer k\u00f6nnen sich \u00fcberdies am Greyerzersee erfrischen, bevor sie im Restaurant <em><i>Le Gruy\u00e9rien<\/i><\/em>\u00a0in Morlon einkehren, das schmackhafte traditionelle Gerichte serviert.<\/p>\n<p>&nbsp;<\/p>\n<p><strong><b>Das Tapetenmuseum, W\u00e4nde, die etwas zu erz\u00e4hlen haben<\/b><\/strong><\/p>\n<div id=\"attachment_2640\" style=\"width: 560px\" class=\"wp-caption alignright\"><img loading=\"lazy\" decoding=\"async\" aria-describedby=\"caption-attachment-2640\" class=\"wp-image-2640\" src=\"https:\/\/musees-en-gruyere.ch\/wp-content\/uploads\/2020\/05\/Picture8-2-300x161.png\" alt=\"\" width=\"550\" height=\"296\" srcset=\"https:\/\/musees-en-gruyere.ch\/wp-content\/uploads\/2020\/05\/Picture8-2-300x161.png 300w, https:\/\/musees-en-gruyere.ch\/wp-content\/uploads\/2020\/05\/Picture8-2-1024x551.png 1024w, https:\/\/musees-en-gruyere.ch\/wp-content\/uploads\/2020\/05\/Picture8-2-768x413.png 768w, https:\/\/musees-en-gruyere.ch\/wp-content\/uploads\/2020\/05\/Picture8-2.png 1289w\" sizes=\"auto, (max-width: 550px) 100vw, 550px\" \/><p id=\"caption-attachment-2640\" class=\"wp-caption-text\">Pr\u00e4sentationsvideo des Tapetenmuseums<\/p><\/div>\n<p>Der Kanton Freiburg besitzt ein Museum, das v\u00f6llig den Tapeten gewidmet ist. Bewundern Sie die uralten Motive, welche die W\u00e4nde des Schlosses M\u00e9zi\u00e8res zieren. Im Herzen des Glanelands beherbergt das ehemalige Anwesen der Familie Diesbach seit 2007 eine bedeutende Sammlung perfekt restaurierter Tapeten, deren \u00e4lteste Beispiele aus dem 18. Jahrhundert stammen.<\/p>\n<p>Damals erlebte das Verfahren, Papierbahnen mit Holzmodeln farbig zu bedrucken, einen beispiellosen Aufschwung in den europ\u00e4ischen Salons. Duftige Muster schm\u00fcckten nun die Herrenh\u00e4user, und den k\u00fcnstlerischen Str\u00f6mungen folgend erfreuten sich stets neue Motive grosser Beliebtheit. In M\u00e9zi\u00e8res sind es die W\u00e4nde, die etwas \u00fcber die Moden vergangener Zeiten erz\u00e4hlen. Sie zeugen heute vom Geschmack vergangener Zeiten.<\/p>\n<p>Das Schloss M\u00e9zi\u00e8res l\u00e4dt das Publikum ein, in zw\u00f6lf mit kostbaren, fragilen Papiertapeten ausgestatteten Zimmern und Salons das einstige Privatleben des Adels n\u00e4her kennenzulernen. Das ganze Jahr \u00fcber finden in diesem historischen Rahmen Veranstaltungen und Wechselausstellungen zu verschiedenen Themen statt, die den Besucher*innen ein unvergessliches Erlebnis bieten.<\/p>\n<p><strong><b>Auf den Spuren k\u00fchner M\u00e4nner im Espace Ballon<\/b><\/strong><\/p>\n<p>Um zum Abschluss dieses Ausflugs ins Reich des Unallt\u00e4glichen etwas in die H\u00f6he zu steigen, dr\u00e4ngt sich ein Besuch des Espace Ballon auf, in dem Sie ein paar Fl\u00fcgelschl\u00e4ge von Greyerz entfernt die fesselnde Geschichte dieses ungew\u00f6hnlichen Transportmittels entdecken k\u00f6nnen.<\/p>\n<p>Von den Romanen Jules Vernes bis zu den Abenteuern von Auguste Piccard ist der auch Montgolfiere genannte Heissluftballon das bevorzugte Ger\u00e4t f\u00fcr sch\u00f6nste Verr\u00fccktheiten. Seit mehr als 200 Jahren ist er Gegenstand der Literatur und l\u00e4sst die Herzen der Abenteurer h\u00f6herschlagen, die davon tr\u00e4umen, an Bord ihres Korbes den Himmel zu erobern. Einen Himmel, den der Ballon unaufdringlich durchquert, um horizontnah \u00fcber Fluren und W\u00e4lder zu schweben.<\/p>\n<p>Zahlreiche Horizonte boten sich den Br\u00fcdern Joseph-Michel und Jacques-Etienne Montgolfier, die 1783 die verr\u00fcckte Wette eingingen, mit einem riesigen Seidenballon in die L\u00fcfte zu steigen. Von den zaghaften Anf\u00e4ngen bis zur Weltumrundung ohne Zwischenlandung des <em><i>Breitling-Orbiter<\/i><\/em>\u00a0ist die Geschichte des Heissluftballons von zahlreichen Eroberungen gepr\u00e4gt, die dazu beitrugen, die Grenzen der Technik zur Unterwerfung des Himmels immer mehr zu erweitern. Auf dem Weg zum Firmament tr\u00e4umten Generationen von Verr\u00fcckten oder Leichtfertigen davon, die Ketten der Schwerkraft abzusch\u00fctteln.<\/p>\n<div id=\"attachment_2641\" style=\"width: 560px\" class=\"wp-caption alignleft\"><img loading=\"lazy\" decoding=\"async\" aria-describedby=\"caption-attachment-2641\" class=\"wp-image-2641\" src=\"https:\/\/musees-en-gruyere.ch\/wp-content\/uploads\/2020\/05\/Picture3-2-300x200.png\" alt=\"\" width=\"550\" height=\"367\" srcset=\"https:\/\/musees-en-gruyere.ch\/wp-content\/uploads\/2020\/05\/Picture3-2-300x200.png 300w, https:\/\/musees-en-gruyere.ch\/wp-content\/uploads\/2020\/05\/Picture3-2.png 755w\" sizes=\"auto, (max-width: 550px) 100vw, 550px\" \/><p id=\"caption-attachment-2641\" class=\"wp-caption-text\">Alle Aspekte des Ballonfahrens k\u00f6nnen Sie im Espace Ballon in Ch\u00e2teau-d\u2019Oex entdecken.<\/p><\/div>\n<p>Dank eines besonders g\u00fcnstigen Klimas hat sich Ch\u00e2teau-d\u2019Oex nach und nach zur Hauptstadt des Heissluftballonsports entwickelt und organisiert seit mehr als vierzig Jahren ein internationales Ballonfestival. Aus der ganzen Welt reisen Neugierige auf der Suche nach Nervenkitzel hierher, um einem aussergew\u00f6hnlichen Ballett beizuwohnen, das jedes Jahr fast hundert Montgolfieren in den Himmel steigen l\u00e4sst.<\/p>\n<p>So waren alle Voraussetzungen vereint, um einen ganz dem Heissluftballon gewidmeten Raum im alten Rathaus einzurichten. Eine interaktive Ausstellung bietet detaillierte Einblicke in diese poetische Welt, indem sie die Geschichte wie die Technologie des Ballonfahrens vorstellt. Nur wenige Schritte entfernt ist die Kapsel des ersten Versuchs einer Weltumrundung ohne Zwischenlandung von Bertrand Piccard und Brian Jones zu bewundern.<\/p>\n<p>Ein Erlebnis am Rand des Zenits, dank dem Sie viel \u00fcber den Himmel erfahren, dieses Reich k\u00fchner Menschen, die sich schon immer nach eigenen Schwingen sehnten. Einmal ist keinmal, nicht alle haben sich die Fl\u00fcgel verbrannt.<\/p>\n<p><em>Ang\u00e9lique Eggenschwiler<\/em>[\/vc_column_text][\/vc_column_inner][\/vc_row_inner][\/vc_column][\/vc_row][vc_row type=&#8221;1&#8243; bg_color=&#8221;#e20079&#8243; css=&#8221;.vc_custom_1591775489181{background-color: #e20079 !important;}&#8221;][vc_column][vc_empty_space height=&#8221;50px&#8221;][\/vc_column][\/vc_row]<\/p>\n","protected":false},"excerpt":{"rendered":"<p>[vc_row type=&#8221;1&#8243; bg_position=&#8221;center&#8221; bg_cover=&#8221;true&#8221; enable_parallax=&#8221;false&#8221; parallax_speed=&#8221;0.4&#8243; css=&#8221;.vc_custom_1590477557069{margin-bottom: 20px !important;}&#8221; bg_image=&#8221;https:\/\/musees-en-gruyere.ch\/wp-content\/uploads\/2020\/05\/Picture3-1.png&#8221; anchor=&#8221;cantorama&#8221;][vc_column][vc_row_inner][vc_column_inner el_class=&#8221;white&#8221; css=&#8221;.vc_custom_1487949275479{margin-top: 30% !important;background-color: #e20079 !important;}&#8221;][vc_column_text] Eine unallt\u00e4gliche Reise [\/vc_column_text][\/vc_column_inner][\/vc_row_inner][\/vc_column][\/vc_row][vc_row type=&#8221;4&#8243; bg_color=&#8221;#e20079&#8243; css=&#8221;.vc_custom_1589986238023{background-color: #e20079 !important;}&#8221;][vc_column css=&#8221;.vc_custom_1487949441724{background-color: #e20079 !important;}&#8221; el_class=&#8221;white&#8221;][vc_row_inner][vc_column_inner][vc_video link=&#8221;https:\/\/youtu.be\/fw2x2Xdc9xM&#8221; css=&#8221;.vc_custom_1593597428379{margin-bottom: -20px !important;}&#8221;][vc_column_text]Pr\u00e4sentationsvideo \u2013 Eine unallt\u00e4gliche Reise[\/vc_column_text][\/vc_column_inner][\/vc_row_inner][\/vc_column][\/vc_row][vc_row type=&#8221;5&#8243; bg_color=&#8221;#e20079&#8243; css=&#8221;.vc_custom_1591775442062{background-color: #e20079 !important;}&#8221;][vc_column css=&#8221;.vc_custom_1591734574856{background-color: #ffffff !important;}&#8221;][vc_column_text]F\u00fcr den Besuch der Gruy\u00e8re ein einziges Leitwort: Neugier Sind&hellip;<\/p>\n","protected":false},"author":1,"featured_media":0,"parent":0,"menu_order":0,"comment_status":"closed","ping_status":"closed","template":"","meta":{"_acf_changed":false},"class_list":["post-2633","page","type-page","status-publish","hentry","description-off"],"acf":[],"_links":{"self":[{"href":"https:\/\/musees-en-gruyere.ch\/de\/wp-json\/wp\/v2\/pages\/2633","targetHints":{"allow":["GET"]}}],"collection":[{"href":"https:\/\/musees-en-gruyere.ch\/de\/wp-json\/wp\/v2\/pages"}],"about":[{"href":"https:\/\/musees-en-gruyere.ch\/de\/wp-json\/wp\/v2\/types\/page"}],"author":[{"embeddable":true,"href":"https:\/\/musees-en-gruyere.ch\/de\/wp-json\/wp\/v2\/users\/1"}],"replies":[{"embeddable":true,"href":"https:\/\/musees-en-gruyere.ch\/de\/wp-json\/wp\/v2\/comments?post=2633"}],"version-history":[{"count":15,"href":"https:\/\/musees-en-gruyere.ch\/de\/wp-json\/wp\/v2\/pages\/2633\/revisions"}],"predecessor-version":[{"id":3338,"href":"https:\/\/musees-en-gruyere.ch\/de\/wp-json\/wp\/v2\/pages\/2633\/revisions\/3338"}],"wp:attachment":[{"href":"https:\/\/musees-en-gruyere.ch\/de\/wp-json\/wp\/v2\/media?parent=2633"}],"curies":[{"name":"wp","href":"https:\/\/api.w.org\/{rel}","templated":true}]}}