{"id":2407,"date":"2020-05-19T16:39:52","date_gmt":"2020-05-19T16:39:52","guid":{"rendered":"https:\/\/musees-en-gruyere.ch\/de\/?page_id=2407"},"modified":"2020-06-11T13:53:15","modified_gmt":"2020-06-11T13:53:15","slug":"tibet-museum-alain-bordier-stiftung","status":"publish","type":"page","link":"https:\/\/musees-en-gruyere.ch\/de\/tibet-museum-alain-bordier-stiftung\/","title":{"rendered":"Tibet Museum Alain Bordier Stiftung"},"content":{"rendered":"<p>[vc_row type=&#8221;1&#8243; bg_position=&#8221;center&#8221; enable_parallax=&#8221;false&#8221; parallax_speed=&#8221;0.4&#8243; css=&#8221;.vc_custom_1527254881035{margin-bottom: 20px !important;}&#8221; bg_image=&#8221;https:\/\/musees-en-gruyere.ch\/wp-content\/uploads\/2018\/05\/tibet-musee.jpg&#8221; anchor=&#8221;tibet&#8221;][vc_column][vc_row_inner][vc_column_inner el_class=&#8221;white&#8221; css=&#8221;.vc_custom_1591793519312{margin-top: 35% !important;background-color: #e20079 !important;}&#8221;][vc_column_text]<\/p>\n<h3>Tibet Museum Alain Bordier Stiftung<br \/>\nBuddhistische Skulpturen, Gem\u00e4lde und rituelle Objekte<\/h3>\n<p>[\/vc_column_text][\/vc_column_inner][\/vc_row_inner][\/vc_column][\/vc_row][vc_row type=&#8221;1&#8243; bg_color=&#8221;#e20079&#8243;][vc_column css=&#8221;.vc_custom_1487949567830{background-color: #e20079 !important;}&#8221; el_class=&#8221;white&#8221;][vc_column_text]Im April 2009 wurde das Tibet Museum von der Alain Bordier Stiftung im Herzen des mittelalterlichen St\u00e4dtchens Greyerz er\u00f6ffnet. Die Dauerausstellung pr\u00e4sentiert eine bemerkenswerte Sammlung von Skulpturen, Thankas und buddhistischen Ritualgegenst\u00e4nden aus dem Tibet. Etliche Skulpturen stammen auch aus angrenzenden, buddhistischen Regionen, beispielsweise aus Nepal, Kaschmir, Nordindien oder Burma (Myanmar). Diese Sammlung aussergew\u00f6hnlicher Sch\u00f6nheit kann in der renovierten St. Joseph-Kapelle betrachtet werden.[\/vc_column_text][\/vc_column][\/vc_row][vc_row type=&#8221;1&#8243; bg_color=&#8221;#e20079&#8243;][vc_column][vc_row_inner][vc_column_inner css=&#8221;.vc_custom_1487857525401{background-color: #ffffff !important;}&#8221;][vc_column_text]<\/p>\n<h3>Agenda<\/h3>\n<p>[\/vc_column_text][vc_column_text]<!-- EventON Calendar --><div id='evcal_calendar_331' class='list_cal ajde_evcal_calendar  ul box_2 ' ><div id='evcal_head' class='calendar_header ' ><div class='evo_cal_above'><span class='evo-gototoday-btn' style='display:none' data-mo='4' data-yr='2026' data-dy=''>Current Month<\/span><\/div><div class='evo_cal_above_content'><\/div><div class='clear'><\/div><\/div><div id='eventon_loadbar_section'><div id='eventon_loadbar'><\/div><\/div><!-- Events List --><div id='evcal_list' class='eventon_events_list sep_months evcal_list_month'>\t\t\t<div class='clear'><\/div>\r\n\t\t\t<\/div>\r\n\t\t\t<div class='clear'><\/div>\r\n\t\t\t\t\t \t<div id='evcal_footer' class='evo_bottom' style='display:none'>\r\n\t\t \t\t<div class='evo_cal_data'  data-sc='{\"_cal_evo_rtl\":\"no\",\"accord\":\"no\",\"cal_id\":\"\",\"cal_init_nonajax\":\"no\",\"calendar_type\":\"list\",\"etc_override\":\"no\",\"evc_open\":\"no\",\"event_count\":\"5\",\"event_location\":\"32\",\"event_order\":\"ASC\",\"event_organizer\":\"all\",\"event_past_future\":\"all\",\"event_tag\":\"all\",\"event_type\":\"all\",\"event_type_2\":\"all\",\"event_type_3\":\"all\",\"event_type_4\":\"all\",\"event_type_5\":\"all\",\"eventtop_style\":0,\"exp_jumper\":\"no\",\"exp_so\":\"no\",\"filter_relationship\":\"AND\",\"filter_show_set_only\":\"no\",\"filter_type\":\"default\",\"filters\":\"yes\",\"fixed_month\":\"4\",\"fixed_year\":\"2026\",\"focus_end_date_range\":\"1788220799\",\"focus_start_date_range\":\"1775001600\",\"ft_event_priority\":\"no\",\"hide_arrows\":\"no\",\"hide_empty_months\":\"yes\",\"hide_end_time\":\"no\",\"hide_ft\":\"no\",\"hide_month_headers\":\"no\",\"hide_mult_occur\":\"yes\",\"hide_past\":\"no\",\"hide_past_by\":\"ee\",\"hide_so\":\"no\",\"ics\":\"no\",\"jumper\":\"no\",\"jumper_count\":5,\"jumper_offset\":\"0\",\"lang\":\"L3\",\"layout_changer\":\"no\",\"mapformat\":\"roadmap\",\"mapiconurl\":\"\",\"maps_load\":\"yes\",\"mapscroll\":\"true\",\"mapzoom\":\"18\",\"members_only\":\"no\",\"ml_priority\":\"no\",\"month_incre\":0,\"number_of_months\":\"5\",\"only_ft\":\"no\",\"pec\":\"\",\"s\":\"\",\"search\":\"\",\"search_all\":\"no\",\"sep_month\":\"yes\",\"show_et_ft_img\":\"no\",\"show_limit\":\"yes\",\"show_limit_ajax\":\"no\",\"show_limit_paged\":1,\"show_limit_redir\":\"\",\"show_repeats\":\"no\",\"show_upcoming\":0,\"show_year\":\"no\",\"sort_by\":\"sort_date\",\"tile_bg\":0,\"tile_count\":2,\"tile_height\":0,\"tile_style\":0,\"tiles\":\"no\",\"ux_val\":\"0\",\"view_switcher\":\"no\",\"wpml_l1\":\"\",\"wpml_l2\":\"\",\"wpml_l3\":\"\",\"yl_priority\":\"no\",\"fixed_day\":\"29\",\"_cver\":\"2.8.9\"}' data-od='{\"lang_no_events\":\"No Events\"}'><\/div>\r\n\t\t \t\t<div class='evo_cal_events' data-events=\"\"><\/div>\r\n\t\t \t<\/div>\r\n\t\t\t\t\r\n\t\t\t\r\n\t\t\t\t\t\t<\/div><!-- EventON End -->\r\n\t\t\t[\/vc_column_text][\/vc_column_inner][\/vc_row_inner][vc_row_inner css=&#8221;.vc_custom_1487857749145{background-color: #ffffff !important;}&#8221;][vc_column_inner width=&#8221;1\/3&#8243;][vc_column_text]<strong>Zus\u00e4tzliche Informationen<\/strong><br \/>\n<a class=\"blue\" href=\"http:\/\/tibetmuseum.ch\/de\" target=\"_blank\" rel=\"noopener noreferrer\">http:\/\/www.tibetmuseum.ch<br \/>\n<\/a><a href=\"mailto:info@tibetmuseum.ch\">info@tibetmuseum.ch<\/a>[\/vc_column_text][\/vc_column_inner][vc_column_inner width=&#8221;1\/3&#8243;][vc_column_text]<strong>\u00d6ffnungszeiten<\/strong><br \/>\nOstern bis Oktober:<br \/>\nT\u00e4glich von 11 bis 18 Uhr<\/p>\n<p>November bis Ostern:<br \/>\nDienstag bis Freitag: 13 bis 17 Uhr<br \/>\nSamstag und Sonntag: 11 bis 18 Uhr<br \/>\nMontag geschlossen<\/p>\n<p><strong>Eintrittpreis<\/strong><br \/>\nErwachsene: CHF 10.-<br \/>\nSenioren, Studenten (mit Karte): CHF 8.-<br \/>\nKinder (6 bis 16 Jahre): CHF 5.-<br \/>\nKombiTicket (Schloss + Tibet Museum): CHF 17.-<br \/>\nSchweizer Museum Pass: gratis<br \/>\nRaiffeisen Schweiz (Karte mit Logo PLUS): gratis<br \/>\nGruppen (ab 12 Personen): Verg\u00fcnstigung[\/vc_column_text][\/vc_column_inner][vc_column_inner width=&#8221;1\/3&#8243;][vc_column_text]<strong>Adresse<\/strong><br \/>\nRue du Ch\u00e2teau 4<br \/>\n1663 Gruy\u00e8res (Suisse)<br \/>\nT\u00e9l. +41 26 921 30 10[\/vc_column_text][vc_icon type=&#8221;monosocial&#8221; icon_monosocial=&#8221;vc-mono vc-mono-facebook&#8221; link=&#8221;url:https%3A%2F%2Fwww.facebook.com%2FTibet-Museum-Gruy%25C3%25A8res-122574904483272%2F|title:Tibet%20Museum%20Fondation%20Alain%20Bordier|target:%20_blank|&#8221;][vc_icon icon_fontawesome=&#8221;fa fa-instagram&#8221; link=&#8221;url:https%3A%2F%2Fwww.instagram.com%2Fexplore%2Flocations%2F380838275%2F|title:Tibet%20Museum%20Fondation%20Alain%20Bordier|target:%20_blank|&#8221;][vc_icon type=&#8221;monosocial&#8221; icon_monosocial=&#8221;vc-mono vc-mono-googleplus&#8221; link=&#8221;url:https%3A%2F%2Fplus.google.com%2F114553115771301714575|title:Tibet%20Museum%20Fondation%20Alain%20Bordier|target:%20_blank|&#8221;][vc_icon type=&#8221;monosocial&#8221; icon_monosocial=&#8221;vc-mono vc-mono-youtube&#8221; link=&#8221;url:https%3A%2F%2Fwww.youtube.com%2Fwatch%3Fv%3D1qyRGLxx1uE|title:Tibet%20Museum%20Fondation%20Alain%20Bordier|target:%20_blank|&#8221;][vc_icon icon_fontawesome=&#8221;fa fa-tripadvisor&#8221; link=&#8221;url:https%3A%2F%2Ffr.tripadvisor.ch%2FAttraction_Review-g198820-d2039406-Reviews-Tibet_Museum-Gruyeres_La_Gruyere_Canton_of_Fribourg.html|title:Tibet%20Museum%20Fondation%20Alain%20Bordier|target:%20_blank|&#8221;][\/vc_column_inner][\/vc_row_inner][\/vc_column][\/vc_row][vc_row type=&#8221;1&#8243; bg_color=&#8221;#e20079&#8243; css=&#8221;.vc_custom_1487857841894{background-color: #e20079 !important;}&#8221;][vc_column][vc_empty_space height=&#8221;50px&#8221;][\/vc_column][\/vc_row]<\/p>\n","protected":false},"excerpt":{"rendered":"<p>[vc_row type=&#8221;1&#8243; bg_position=&#8221;center&#8221; enable_parallax=&#8221;false&#8221; parallax_speed=&#8221;0.4&#8243; css=&#8221;.vc_custom_1527254881035{margin-bottom: 20px !important;}&#8221; bg_image=&#8221;https:\/\/musees-en-gruyere.ch\/wp-content\/uploads\/2018\/05\/tibet-musee.jpg&#8221; anchor=&#8221;tibet&#8221;][vc_column][vc_row_inner][vc_column_inner el_class=&#8221;white&#8221; css=&#8221;.vc_custom_1591793519312{margin-top: 35% !important;background-color: #e20079 !important;}&#8221;][vc_column_text] Tibet Museum Alain Bordier Stiftung Buddhistische Skulpturen, Gem\u00e4lde und rituelle Objekte [\/vc_column_text][\/vc_column_inner][\/vc_row_inner][\/vc_column][\/vc_row][vc_row type=&#8221;1&#8243; bg_color=&#8221;#e20079&#8243;][vc_column css=&#8221;.vc_custom_1487949567830{background-color: #e20079 !important;}&#8221; el_class=&#8221;white&#8221;][vc_column_text]Im April 2009 wurde das Tibet Museum von der Alain Bordier Stiftung im Herzen des mittelalterlichen St\u00e4dtchens Greyerz er\u00f6ffnet. Die Dauerausstellung pr\u00e4sentiert&hellip;<\/p>\n","protected":false},"author":1,"featured_media":0,"parent":0,"menu_order":0,"comment_status":"closed","ping_status":"closed","template":"","meta":{"_acf_changed":false},"class_list":["post-2407","page","type-page","status-publish","hentry","description-off"],"acf":[],"_links":{"self":[{"href":"https:\/\/musees-en-gruyere.ch\/de\/wp-json\/wp\/v2\/pages\/2407","targetHints":{"allow":["GET"]}}],"collection":[{"href":"https:\/\/musees-en-gruyere.ch\/de\/wp-json\/wp\/v2\/pages"}],"about":[{"href":"https:\/\/musees-en-gruyere.ch\/de\/wp-json\/wp\/v2\/types\/page"}],"author":[{"embeddable":true,"href":"https:\/\/musees-en-gruyere.ch\/de\/wp-json\/wp\/v2\/users\/1"}],"replies":[{"embeddable":true,"href":"https:\/\/musees-en-gruyere.ch\/de\/wp-json\/wp\/v2\/comments?post=2407"}],"version-history":[{"count":8,"href":"https:\/\/musees-en-gruyere.ch\/de\/wp-json\/wp\/v2\/pages\/2407\/revisions"}],"predecessor-version":[{"id":3157,"href":"https:\/\/musees-en-gruyere.ch\/de\/wp-json\/wp\/v2\/pages\/2407\/revisions\/3157"}],"wp:attachment":[{"href":"https:\/\/musees-en-gruyere.ch\/de\/wp-json\/wp\/v2\/media?parent=2407"}],"curies":[{"name":"wp","href":"https:\/\/api.w.org\/{rel}","templated":true}]}}