{"id":2405,"date":"2020-05-19T16:39:28","date_gmt":"2020-05-19T16:39:28","guid":{"rendered":"https:\/\/musees-en-gruyere.ch\/de\/?page_id=2405"},"modified":"2026-03-20T09:49:32","modified_gmt":"2026-03-20T09:49:32","slug":"vitromusee-romont","status":"publish","type":"page","link":"https:\/\/musees-en-gruyere.ch\/de\/vitromusee-romont\/","title":{"rendered":"Vitromus\u00e9e Romont"},"content":{"rendered":"<p>[vc_row type=&#8221;1&#8243; bg_position=&#8221;center&#8221; enable_parallax=&#8221;false&#8221; parallax_speed=&#8221;0.4&#8243; css=&#8221;.vc_custom_1489066670329{margin-bottom: 20px !important;}&#8221; bg_image=&#8221;https:\/\/musees-en-gruyere.ch\/wp-content\/uploads\/2017\/02\/vitromusee.jpg&#8221; anchor=&#8221;vitromuse&#8221;][vc_column][vc_row_inner][vc_column_inner el_class=&#8221;white&#8221; css=&#8221;.vc_custom_1591793535830{margin-top: 35% !important;background-color: #e20079 !important;}&#8221;][vc_column_text]<\/p>\n<h3>Vitromus\u00e9e Romont<br \/>\nSchweizerisches Museum f\u00fcr Glasmalerei und Glaskunst<\/h3>\n<p>[\/vc_column_text][\/vc_column_inner][\/vc_row_inner][\/vc_column][\/vc_row][vc_row type=&#8221;1&#8243; bg_color=&#8221;#e20079&#8243;][vc_column css=&#8221;.vc_custom_1487949545035{background-color: #e20079 !important;}&#8221; el_class=&#8221;white&#8221;][vc_column_text]Das Vitromus\u00e9e Romont wurde 1981 im Schloss Romont er\u00f6ffnet. Dieses mittelalterliche Bauwerk liefert den altehrw\u00fcrdigen Rahmen f\u00fcr das Schweizerische Museum f\u00fcr Glasmalerei und Glaskunst. Ganz der Glaskunst gewidmet, beherbergt das Vitromus\u00e9e Romont bedeutende Sammlungen, die Glas- und Hinterglasmalerei, Gl\u00e4ser und grafische Arbeiten sowie mit der Glasverarbeitung verbundene Werkzeuge und Materialien abdecken. Mit mehr als 17.000 Objekten sind alle Facetten der Glaskunst von der Antike bis in die Gegenwart vertreten, was es zu einem einzigartigen Ort in der Schweiz macht. Das Vitromus\u00e9e Romont setzt sich f\u00fcr eine lebendige Kultur ein und entwickelt innovative Vermittlungsprogramme an der Schnittstelle zwischen Wissenstransfer, kreativer Erfahrung und Teilhabe, mit dem Ziel die Geschichte eines aussergew\u00f6hnlich reichen Kulturgutes zu bewahren und an ein diversifiziertes Publikum weiterzugeben.[\/vc_column_text][\/vc_column][\/vc_row][vc_row type=&#8221;1&#8243; bg_color=&#8221;#e20079&#8243;][vc_column][vc_row_inner][vc_column_inner css=&#8221;.vc_custom_1487857525401{background-color: #ffffff !important;}&#8221;][vc_column_text]<\/p>\n<h3>Agenda<\/h3>\n<p>[\/vc_column_text][vc_column_text]<!-- EventON Calendar --><div id='evcal_calendar_832' class='list_cal ajde_evcal_calendar  ul box_2 ' ><div id='evcal_head' class='calendar_header ' ><div class='evo_cal_above'><span class='evo-gototoday-btn' style='display:none' data-mo='4' data-yr='2026' data-dy=''>Current Month<\/span><\/div><div class='evo_cal_above_content'><\/div><div class='clear'><\/div><\/div><div id='eventon_loadbar_section'><div id='eventon_loadbar'><\/div><\/div><!-- Events List --><div id='evcal_list' class='eventon_events_list sep_months evcal_list_month'>\t\t\t<div class='clear'><\/div>\r\n\t\t\t<\/div>\r\n\t\t\t<div class='clear'><\/div>\r\n\t\t\t\t\t \t<div id='evcal_footer' class='evo_bottom' style='display:none'>\r\n\t\t \t\t<div class='evo_cal_data'  data-sc='{\"_cal_evo_rtl\":\"no\",\"accord\":\"no\",\"cal_id\":\"\",\"cal_init_nonajax\":\"no\",\"calendar_type\":\"list\",\"etc_override\":\"no\",\"evc_open\":\"no\",\"event_count\":\"5\",\"event_location\":\"31\",\"event_order\":\"ASC\",\"event_organizer\":\"all\",\"event_past_future\":\"all\",\"event_tag\":\"all\",\"event_type\":\"all\",\"event_type_2\":\"all\",\"event_type_3\":\"all\",\"event_type_4\":\"all\",\"event_type_5\":\"all\",\"eventtop_style\":0,\"exp_jumper\":\"no\",\"exp_so\":\"no\",\"filter_relationship\":\"AND\",\"filter_show_set_only\":\"no\",\"filter_type\":\"default\",\"filters\":\"yes\",\"fixed_month\":\"4\",\"fixed_year\":\"2026\",\"focus_end_date_range\":\"1788220799\",\"focus_start_date_range\":\"1775001600\",\"ft_event_priority\":\"no\",\"hide_arrows\":\"no\",\"hide_empty_months\":\"yes\",\"hide_end_time\":\"no\",\"hide_ft\":\"no\",\"hide_month_headers\":\"no\",\"hide_mult_occur\":\"yes\",\"hide_past\":\"no\",\"hide_past_by\":\"ee\",\"hide_so\":\"no\",\"ics\":\"no\",\"jumper\":\"no\",\"jumper_count\":5,\"jumper_offset\":\"0\",\"lang\":\"L3\",\"layout_changer\":\"no\",\"mapformat\":\"roadmap\",\"mapiconurl\":\"\",\"maps_load\":\"yes\",\"mapscroll\":\"true\",\"mapzoom\":\"18\",\"members_only\":\"no\",\"ml_priority\":\"no\",\"month_incre\":0,\"number_of_months\":\"5\",\"only_ft\":\"no\",\"pec\":\"\",\"s\":\"\",\"search\":\"\",\"search_all\":\"no\",\"sep_month\":\"yes\",\"show_et_ft_img\":\"no\",\"show_limit\":\"yes\",\"show_limit_ajax\":\"no\",\"show_limit_paged\":1,\"show_limit_redir\":\"\",\"show_repeats\":\"no\",\"show_upcoming\":0,\"show_year\":\"no\",\"sort_by\":\"sort_date\",\"tile_bg\":0,\"tile_count\":2,\"tile_height\":0,\"tile_style\":0,\"tiles\":\"no\",\"ux_val\":\"0\",\"view_switcher\":\"no\",\"wpml_l1\":\"\",\"wpml_l2\":\"\",\"wpml_l3\":\"\",\"yl_priority\":\"no\",\"fixed_day\":\"13\",\"_cver\":\"2.8.9\"}' data-od='{\"lang_no_events\":\"No Events\"}'><\/div>\r\n\t\t \t\t<div class='evo_cal_events' data-events=\"\"><\/div>\r\n\t\t \t<\/div>\r\n\t\t\t\t\r\n\t\t\t\r\n\t\t\t\t\t\t<\/div><!-- EventON End -->\r\n\t\t\t[\/vc_column_text][\/vc_column_inner][\/vc_row_inner][vc_row_inner css=&#8221;.vc_custom_1487857749145{background-color: #ffffff !important;}&#8221;][vc_column_inner width=&#8221;1\/3&#8243;][vc_column_text]<strong>Zus\u00e4tzliche Informationen<br \/>\n<\/strong><a href=\"http:\/\/www.vitromusee.ch\/de\/aktuell.html\" target=\"_blank\" rel=\"noopener noreferrer\">www.vitromusee.ch<\/a><br \/>\n<a href=\"mailto:info@vitromusee.ch\">info@vitromusee.ch<\/a>[\/vc_column_text][\/vc_column_inner][vc_column_inner width=&#8221;1\/3&#8243;][vc_column_text]<strong>\u00d6ffnungszeiten<\/strong><br \/>\nDienstag bis Sonntag:<br \/>\nM\u00e4rz \u2013 September: 11.00 \u2012 17.00 Uhr<br \/>\nOktober \u2013 Februar: 11.00 \u2012 16.00 Uhr<\/p>\n<p>Besondere Ferienzeiten:<br \/>\nGe\u00f6ffnet am 1. Januar von 13.00 bis 16.00 Uhr<br \/>\nGe\u00f6ffnet am Ostermontag und Pfingstmontag<br \/>\nGeschlossen am 25. Dezember<\/p>\n<p><strong>Eintrittspreise<\/strong><br \/>\nErwachsene: CHF 15.\u2013<br \/>\nStudenten, Milit\u00e4r- und Zivildiensleistende, AHV- und IV-Bez\u00fcger: CHF 12.\u2013<br \/>\nKinder bis zum 16. Lebensjahr in Begleitung eines Erwachsenen: Eintritt frei<br \/>\nRaiffeisen: Eintritt frei<br \/>\nKulturLegi: 40% Rabatt auf Eintritt (Erwachsene): CHF 9.- statt CHF 15.-<\/p>\n<p>Gruppen<\/p>\n<p>Ab 10 Personen: CHF 12.\u2013\/Person<br \/>\nSchulklassen, Kindergruppen: CHF 3.\u2013\/Person<\/p>\n<p>F\u00fcr Sonderausstellungen und Veranstaltungen kann ein Zuschlag erhoben werden.<\/p>\n<p>F\u00fchrungen auf Franz\u00f6sisch, Deutsch oder Englisch, auf Anfrage[\/vc_column_text][\/vc_column_inner][vc_column_inner width=&#8221;1\/3&#8243;][vc_column_text]<strong>Adresse<\/strong><br \/>\nVitromus\u00e9e Romont<br \/>\nRue du ch\u00e2teau 108b<br \/>\nCH \u2013 1680 Romont<br \/>\nT +4126 652 10 95[\/vc_column_text][vc_icon icon_fontawesome=&#8221;fa fa-facebook-square&#8221; link=&#8221;url:https%3A%2F%2Fwww.facebook.com%2FVitromuseeRomont||target:%20_blank|&#8221;][vc_icon icon_fontawesome=&#8221;fab fa-instagram&#8221; link=&#8221;url:https%3A%2F%2Fwww.instagram.com%2Fvitromuseeromont|target:_blank&#8221;][vc_icon icon_fontawesome=&#8221;fab fa-youtube&#8221; link=&#8221;url:https%3A%2F%2Fwww.youtube.com%2Fchannel%2FUCp9vC6Zfs2dnUE1IEs8Qyiw%2Fvideos|target:_blank&#8221;][\/vc_column_inner][\/vc_row_inner][\/vc_column][\/vc_row][vc_row type=&#8221;1&#8243; bg_color=&#8221;#e20079&#8243; css=&#8221;.vc_custom_1487857841894{background-color: #e20079 !important;}&#8221;][vc_column][vc_empty_space height=&#8221;50px&#8221;][\/vc_column][\/vc_row]<\/p>\n","protected":false},"excerpt":{"rendered":"<p>[vc_row type=&#8221;1&#8243; bg_position=&#8221;center&#8221; enable_parallax=&#8221;false&#8221; parallax_speed=&#8221;0.4&#8243; css=&#8221;.vc_custom_1489066670329{margin-bottom: 20px !important;}&#8221; bg_image=&#8221;https:\/\/musees-en-gruyere.ch\/wp-content\/uploads\/2017\/02\/vitromusee.jpg&#8221; anchor=&#8221;vitromuse&#8221;][vc_column][vc_row_inner][vc_column_inner el_class=&#8221;white&#8221; css=&#8221;.vc_custom_1591793535830{margin-top: 35% !important;background-color: #e20079 !important;}&#8221;][vc_column_text] Vitromus\u00e9e Romont Schweizerisches Museum f\u00fcr Glasmalerei und Glaskunst [\/vc_column_text][\/vc_column_inner][\/vc_row_inner][\/vc_column][\/vc_row][vc_row type=&#8221;1&#8243; bg_color=&#8221;#e20079&#8243;][vc_column css=&#8221;.vc_custom_1487949545035{background-color: #e20079 !important;}&#8221; el_class=&#8221;white&#8221;][vc_column_text]Das Vitromus\u00e9e Romont wurde 1981 im Schloss Romont er\u00f6ffnet. Dieses mittelalterliche Bauwerk liefert den altehrw\u00fcrdigen Rahmen f\u00fcr das Schweizerische Museum f\u00fcr Glasmalerei und Glaskunst. Ganz&hellip;<\/p>\n","protected":false},"author":1,"featured_media":0,"parent":0,"menu_order":0,"comment_status":"closed","ping_status":"closed","template":"","meta":{"_acf_changed":false},"class_list":["post-2405","page","type-page","status-publish","hentry","description-off"],"acf":[],"_links":{"self":[{"href":"https:\/\/musees-en-gruyere.ch\/de\/wp-json\/wp\/v2\/pages\/2405","targetHints":{"allow":["GET"]}}],"collection":[{"href":"https:\/\/musees-en-gruyere.ch\/de\/wp-json\/wp\/v2\/pages"}],"about":[{"href":"https:\/\/musees-en-gruyere.ch\/de\/wp-json\/wp\/v2\/types\/page"}],"author":[{"embeddable":true,"href":"https:\/\/musees-en-gruyere.ch\/de\/wp-json\/wp\/v2\/users\/1"}],"replies":[{"embeddable":true,"href":"https:\/\/musees-en-gruyere.ch\/de\/wp-json\/wp\/v2\/comments?post=2405"}],"version-history":[{"count":20,"href":"https:\/\/musees-en-gruyere.ch\/de\/wp-json\/wp\/v2\/pages\/2405\/revisions"}],"predecessor-version":[{"id":4594,"href":"https:\/\/musees-en-gruyere.ch\/de\/wp-json\/wp\/v2\/pages\/2405\/revisions\/4594"}],"wp:attachment":[{"href":"https:\/\/musees-en-gruyere.ch\/de\/wp-json\/wp\/v2\/media?parent=2405"}],"curies":[{"name":"wp","href":"https:\/\/api.w.org\/{rel}","templated":true}]}}