{"id":2399,"date":"2020-05-19T16:23:15","date_gmt":"2020-05-19T16:23:15","guid":{"rendered":"https:\/\/musees-en-gruyere.ch\/de\/?page_id=2399"},"modified":"2023-06-16T14:12:39","modified_gmt":"2023-06-16T14:12:39","slug":"musee-de-charmey","status":"publish","type":"page","link":"https:\/\/musees-en-gruyere.ch\/de\/musee-de-charmey\/","title":{"rendered":"Mus\u00e9e de Charmey"},"content":{"rendered":"<p>[vc_row type=&#8221;1&#8243; bg_position=&#8221;center&#8221; enable_parallax=&#8221;false&#8221; parallax_speed=&#8221;0.4&#8243; css=&#8221;.vc_custom_1489066652250{margin-bottom: 20px !important;}&#8221; bg_image=&#8221;https:\/\/musees-en-gruyere.ch\/wp-content\/uploads\/2017\/02\/charmey-1.jpg&#8221; anchor=&#8221;charmey&#8221;][vc_column][vc_row_inner][vc_column_inner el_class=&#8221;white&#8221; css=&#8221;.vc_custom_1591793355170{margin-top: 35% !important;background-color: #e20079 !important;}&#8221;][vc_column_text]<\/p>\n<h3>Mus\u00e9e de Charmey<br \/>\nKunst aus Papier, Erde und Holz<\/h3>\n<p>[\/vc_column_text][\/vc_column_inner][\/vc_row_inner][\/vc_column][\/vc_row][vc_row type=&#8221;1&#8243; bg_color=&#8221;#e20079&#8243;][vc_column css=&#8221;.vc_custom_1487949528403{background-color: #e20079 !important;}&#8221; el_class=&#8221;white&#8221;][vc_column_text]Das Mus\u00e9e de Charmey bietet einen zeitgen\u00f6ssischen Blick auf das regionale Kulturerbe sowie auf die zeitgen\u00f6ssische, regionale und \u00fcberregionale k\u00fcnstlerische Ausdruckskraft. Seine bevorzugten Materialien sind Holz, Keramik und Papier. Das Museum von Charmey wurde vor allem durch die seit 1993 stattfindende Internationale Papier-Triennale bekannt. Das Museum von Charmey befindet sich in einem Chalet aus dem 17. Jahrhundert, das mit den Originalmaterialien des ehemaligen Platzhauses von Jaun gebaut wurde.[\/vc_column_text][\/vc_column][\/vc_row][vc_row type=&#8221;1&#8243; bg_color=&#8221;#e20079&#8243;][vc_column][vc_row_inner][vc_column_inner css=&#8221;.vc_custom_1487857525401{background-color: #ffffff !important;}&#8221;][vc_column_text]<\/p>\n<h3>Agenda<\/h3>\n<p>[\/vc_column_text][vc_column_text]<!-- EventON Calendar --><div id='evcal_calendar_245' class='list_cal ajde_evcal_calendar  ul box_2 ' ><div id='evcal_head' class='calendar_header ' ><div class='evo_cal_above'><span class='evo-gototoday-btn' style='display:none' data-mo='4' data-yr='2026' data-dy=''>Current Month<\/span><\/div><div class='evo_cal_above_content'><\/div><div class='clear'><\/div><\/div><div id='eventon_loadbar_section'><div id='eventon_loadbar'><\/div><\/div><!-- Events List --><div id='evcal_list' class='eventon_events_list sep_months evcal_list_month'><div class='evcal_month_line' data-d='eml_4_2026'><p>April <\/p><\/div><div class='sep_month_events ' data-d='eml_4_2026'><div id=\"event_4568_0\" class=\"eventon_list_event evo_eventtop scheduled  event event_4568_0\" data-event_id=\"4568\" data-ri=\"0r\" data-time=\"1773583200-1779642000\" data-colr=\"#e20079\" itemscope itemtype='http:\/\/schema.org\/Event'><div class=\"evo_event_schema\" style=\"display:none\" ><a itemprop='url'  href='https:\/\/musees-en-gruyere.ch\/de\/events\/exposition-yvone-duruz-1926-2007\/var\/ri-0.l-L3'><\/a><meta itemprop='image' content=\"https:\/\/musees-en-gruyere.ch\/wp-content\/uploads\/2026\/03\/Yvone-Duruz-Montreal-jogging-lithographie-1981-photo-A.Ellena-scaled.jpg\" \/><meta itemprop='startDate' content=\"2026-3-15T14:00+0:00\" \/><meta itemprop='endDate' content=\"2026-5-24T17:00+0:00\" \/><meta itemprop='eventStatus' content=\"https:\/\/schema.org\/EventScheduled\" \/><item style=\"display:none\" itemprop=\"eventAttendanceMode\" itemscope itemtype=\"https:\/\/schema.org\/OfflineEventAttendanceMode\"><\/item><script type=\"application\/ld+json\">{\"@context\": \"http:\/\/schema.org\",\"@type\": \"Event\",\n\t\t\t\t\t\"@id\": \"event_4568_0\",\n\t\t\t\t\t\"eventAttendanceMode\":\"https:\/\/schema.org\/OfflineEventAttendanceMode\",\n\t\t\t\t\t\"name\": \"Exposition Yvone Duruz (1926 \u2013 2007)\",\n\t\t\t\t\t\"url\": \"https:\/\/musees-en-gruyere.ch\/de\/events\/exposition-yvone-duruz-1926-2007\/var\/ri-0.l-L3\",\n\t\t\t\t\t\"startDate\": \"2026-3-15T14:00+0:00\",\n\t\t\t\t\t\"endDate\": \"2026-5-24T17:00+0:00\",\n\t\t\t\t\t\"image\":\"https:\/\/musees-en-gruyere.ch\/wp-content\/uploads\/2026\/03\/Yvone-Duruz-Montreal-jogging-lithographie-1981-photo-A.Ellena-scaled.jpg\", \n\t\t\t\t\t\"description\":\"'Exposition Yvone Duruz (1926 \u2013 2007)'\",\"eventStatus\":\"https:\/\/schema.org\/EventScheduled\"}<\/script><\/div>\r\n\t\t\t\t<p class=\"desc_trig_outter\" style=\"\"><a data-gmtrig=\"1\" data-exlk=\"0\" style=\"border-color: #e20079;\" id=\"evc_17735832004568\" class=\"desc_trig evo_exposition evo_exhibition evo_ausstellung mul_val evcal_list_a\" data-ux_val=\"1\"  ><span class='evcal_cblock ' data-bgcolor='#e20079' data-smon='M\u00e4rz ' data-syr='2026'><span class='evo_start '><em class='date'>15<\/em><em class='month'>M\u00e4r<\/em><em class='time'><i t=\"y\">(M\u00e4r 15)<\/i>14:00<\/em><\/span><span class='evo_end '><em class='date'>24<\/em><em class='month'>mai<\/em><em class='time'><i t=\"y\">(mai 24)<\/i>17:00<\/em><\/span><em class='clear'><\/em><\/span><span class='evcal_desc evo_info hide_eventtopdata '  ><span class='evo_above_title'><\/span><span class='evcal_desc2 evcal_event_title french' itemprop='name'>Exposition Yvone Duruz (1926 \u2013 2007)<\/span><span class='evcal_desc2 evcal_event_title english' itemprop='name'>Exposition Yvone Duruz (1926 \u2013 2007)<\/span><span class='evcal_desc2 evcal_event_title deutch' itemprop='name'>Exposition Yvone Duruz (1926 \u2013 2007)<\/span><span class='evo_below_title'><\/span><span class='evcal_desc_info' ><\/span><span class='evcal_desc3'><span class='evcal_event_types ett1'><em><i>French:<\/i><\/em><em data-filter='event_type'>Exposition<\/em><i class='clear'><\/i><\/span><span class='evcal_event_types ett2'><em><i>English:<\/i><\/em><em data-filter='event_type_2'>Exhibition<\/em><i class='clear'><\/i><\/span><span class='evcal_event_types ett3'><em><i>German:<\/i><\/em><em data-filter='event_type_3'>Ausstellung<\/em><i class='clear'><\/i><\/span><\/span><\/span><em class='clear'><\/em><\/a><\/p><div class='event_description evcal_eventcard ' style=\"display:none\"><div class='evo_metarow_directimg'><img class='evo_event_main_img' src='https:\/\/musees-en-gruyere.ch\/wp-content\/uploads\/2026\/03\/Yvone-Duruz-Montreal-jogging-lithographie-1981-photo-A.Ellena-scaled.jpg' \/><\/div><div class='evo_metarow_cusF1 evorow evcal_evdata_row bordb evcal_evrow_sm '>\n\t\t\t\t\t\t\t<span class='evcal_evdata_custometa_icons'><i class='fa fa-info'><\/i><\/span>\n\t\t\t\t\t\t\t<div class='evcal_evdata_cell'>\t\t\t\t\t\t\t\n\t\t\t\t\t\t\t\t<h3 class='evo_h3'>DESCRIPTION DE L&#039;\u00e9V\u00e8NEMENT<\/h3><div class='evo_custom_content evo_data_val'><p>Du 15 mars au 24 mai 2026, le Mus\u00e9e de Charmey pr\u00e9sente une exposition in\u00e9dite consacr\u00e9e \u00e0 Yvone Duruz (1926-2007), figure majeure de l\u2019art fribourgeois du 20e si\u00e8cle. Cette r\u00e9trospective, rendue possible gr\u00e2ce \u00e0 la red\u00e9couverte d\u2019un important fonds d\u2019\u0153uvres et de documents laiss\u00e9s en Suisse avant son d\u00e9part pour le Canada, vise \u00e0 remettre en lumi\u00e8re une artiste pionni\u00e8re, dont l\u2019\u0153uvre engag\u00e9 et prolifique demeure encore m\u00e9connu du grand public.<\/p>\n<p>L\u2019exposition et la publication qui l\u2019accompagne sont le fruit d\u2019une \u00e9troite collaboration\u00a0entre le Mus\u00e9e de Charmey, le Mus\u00e9e gru\u00e9rien et leurs Amis.<\/p>\n<\/div><\/div><\/div><div class='evo_metarow_time_location evorow bordb '>\n\t\t\t\t\t\t\t<div class='tb' >\n\t\t\t\t\t\t\t\t<div class='tbrow'>\n\t\t\t\t\t\t\t\t<div class='evcal_col50 bordr'>\n\t\t\t\t\t\t\t\t\t<div class='evcal_evdata_row evo_time'>\n\t\t\t\t\t\t\t\t\t\t<span class='evcal_evdata_icons'><i class='fa fa-clock-o'><\/i><\/span>\n\t\t\t\t\t\t\t\t\t\t<div class='evcal_evdata_cell'>\t\t\t\t\t\t\t\n\t\t\t\t\t\t\t\t\t\t\t<h3 class='evo_h3'><span class='evcal_evdata_icons'><i class='fa fa-clock-o'><\/i><\/span>DATUM<\/h3>\n\t\t\t\t\t\t\t\t\t\t\t<p>M\u00e4rz  15 (Sonntag) 14:00 - Mai 24 (Sonntag) 17:00<\/p>\n\t\t\t\t\t\t\t\t\t\t<\/div>\n\t\t\t\t\t\t\t\t\t<\/div>\n\t\t\t\t\t\t\t\t<\/div><div class='evcal_col50'>\n\t\t\t\t\t\t\t\t\t<div class='evcal_evdata_row evo_location'>\n\t\t\t\t\t\t\t\t\t\t<span class='evcal_evdata_icons'><i class='fa fa-map-marker'><\/i><\/span>\n\t\t\t\t\t\t\t\t\t\t<div class='evcal_evdata_cell' data-loc_tax_id='29'><h3 class='evo_h3'><span class='evcal_evdata_icons'><i class='fa fa-map-marker'><\/i><\/span>ORT <\/h3><p class='evo_location_name'>Mus\u00e9e de Charmey<\/p><p class='evo_location_address'><\/p><\/div>\n\t\t\t\t\t\t\t\t\t<\/div>\n\t\t\t\t\t\t\t\t<\/div><div class='clear'><\/div>\n\t\t\t\t\t\t\t\t<\/div><\/div>\n\t\t\t\t\t\t\t<\/div><div class='evo_metarow_gmap evorow evcal_gmaps bordb evc177358320069d7b0bc5c6254568_gmap' id='evc177358320069d7b0bc5c6254568_gmap' style='max-width:none'><\/div><div class='evo_metarow_learnM evo_metarow_learnmore evorow bordb'>\n\t\t\t\t\t\t\t\t<a class='evcal_evdata_row evo_clik_row ' href='https:\/\/www.musee-charmey.ch\/exposition-temporaire' >\n\t\t\t\t\t\t\t\t\t<span class='evcal_evdata_icons'><i class='fa fa-link'><\/i><\/span>\n\t\t\t\t\t\t\t\t\t<h3 class='evo_h3'>Zus\u00e4tzliche Informationen<\/h3>\n\t\t\t\t\t\t\t\t<\/a>\n\t\t\t\t\t\t\t\t<\/div><div class='bordb evo_metarow_socialmedia evcal_evdata_row '><div class='evo_sm FacebookShare'><a class=\" evo_ss\" target=\"_blank\" onclick=\"javascript:window.open(this.href, '', 'left=50,top=50,width=600,height=350,toolbar=0');return false;\"\r\n\t\t\t\t\t\t\t\thref=\"\/\/www.facebook.com\/sharer.php?u=https%3A%2F%2Fmusees-en-gruyere.ch%2Fde%2Fevents%2Fexposition-yvone-duruz-1926-2007%2F\" title=\"Share on facebook\"><i class=\"fa fa-facebook\"><\/i><\/a><\/div><div class='evo_sm Twitter'><a class=\"tw evo_ss\" onclick=\"javascript:window.open(this.href, '', 'menubar=no,toolbar=no,resizable=yes,scrollbars=yes,height=300,width=600');return false;\" href=\"\/\/twitter.com\/intent\/tweet?text=Exposition Yvone Duruz (1926 \u2013 2007)&#32;-&#32;&url=https%3A%2F%2Fmusees-en-gruyere.ch%2Fde%2Fevents%2Fexposition-yvone-duruz-1926-2007%2F\" title=\"Share on Twitter\" rel=\"nofollow\" target=\"_blank\" data-url=\"https%3A%2F%2Fmusees-en-gruyere.ch%2Fde%2Fevents%2Fexposition-yvone-duruz-1926-2007%2F\"><i class=\"fa fa-twitter\"><\/i><\/a><\/div><div class='evo_sm LinkedIn'><a class=\"li evo_ss\" href=\"\/\/www.linkedin.com\/shareArticle?mini=true&url=https%3A%2F%2Fmusees-en-gruyere.ch%2Fde%2Fevents%2Fexposition-yvone-duruz-1926-2007%2F&title=Exposition%20Yvone%20Duruz%20%281926%20%E2%80%93%202007%29&summary=--\" target=\"_blank\" title=\"Share on Linkedin\"><i class=\"fa fa-linkedin\"><\/i><\/a><\/div><div class='evo_sm Pinterest'><a class=\"pn evo_ss\" href=\"\/\/www.pinterest.com\/pin\/create\/button\/?url=https%3A%2F%2Fmusees-en-gruyere.ch%2Fde%2Fevents%2Fexposition-yvone-duruz-1926-2007%2F&media=https%3A%2F%2Fmusees-en-gruyere.ch%2Fwp-content%2Fuploads%2F2026%2F03%2FYvone-Duruz-Montreal-jogging-lithographie-1981-photo-A.Ellena-150x150.jpg&description=--\"\r\n\t\t\t\t\t\t        data-pin-do=\"buttonPin\" data-pin-config=\"above\" target=\"_blank\" title=\"Share on Pinterest\"><i class=\"fa fa-pinterest\"><\/i><\/a><\/div><div class='evo_sm EmailShare'><a class=\"em evo_ss\" href=\"mailto:?subject=Exposition Yvone Duruz (1926 \u2013 2007)&body=Event Name: Exposition Yvone Duruz (1926 \u2013 2007)%0AEvent Date: M\u00e4rz  15, 2026 14:00 - Mai 24, 2026 17:00%0ALink: https%3A%2F%2Fmusees-en-gruyere.ch%2Fde%2Fevents%2Fexposition-yvone-duruz-1926-2007%2F%0A\" target=\"_blank\"><i class=\"fa fa-envelope\"><\/i><\/a><\/div><div class='clear'><\/div><\/div><div class='evo_card_row_end evcal_close' title='Close'><\/div><\/div><div class='clear end'><\/div><\/div><\/div>\t\t\t<div class='clear'><\/div>\r\n\t\t\t<\/div>\r\n\t\t\t<div class='clear'><\/div>\r\n\t\t\t\t\t \t<div id='evcal_footer' class='evo_bottom' style='display:none'>\r\n\t\t \t\t<div class='evo_cal_data'  data-sc='{\"_cal_evo_rtl\":\"no\",\"accord\":\"no\",\"cal_id\":\"\",\"cal_init_nonajax\":\"no\",\"calendar_type\":\"list\",\"etc_override\":\"no\",\"evc_open\":\"no\",\"event_count\":\"5\",\"event_location\":\"29\",\"event_order\":\"ASC\",\"event_organizer\":\"all\",\"event_past_future\":\"all\",\"event_tag\":\"all\",\"event_type\":\"all\",\"event_type_2\":\"all\",\"event_type_3\":\"all\",\"event_type_4\":\"all\",\"event_type_5\":\"all\",\"eventtop_style\":0,\"exp_jumper\":\"no\",\"exp_so\":\"no\",\"filter_relationship\":\"AND\",\"filter_show_set_only\":\"no\",\"filter_type\":\"default\",\"filters\":\"yes\",\"fixed_month\":\"4\",\"fixed_year\":\"2026\",\"focus_end_date_range\":\"1788220799\",\"focus_start_date_range\":\"1775001600\",\"ft_event_priority\":\"no\",\"hide_arrows\":\"no\",\"hide_empty_months\":\"yes\",\"hide_end_time\":\"no\",\"hide_ft\":\"no\",\"hide_month_headers\":\"no\",\"hide_mult_occur\":\"yes\",\"hide_past\":\"no\",\"hide_past_by\":\"ee\",\"hide_so\":\"no\",\"ics\":\"no\",\"jumper\":\"no\",\"jumper_count\":5,\"jumper_offset\":\"0\",\"lang\":\"L3\",\"layout_changer\":\"no\",\"mapformat\":\"roadmap\",\"mapiconurl\":\"\",\"maps_load\":\"yes\",\"mapscroll\":\"true\",\"mapzoom\":\"18\",\"members_only\":\"no\",\"ml_priority\":\"no\",\"month_incre\":0,\"number_of_months\":\"5\",\"only_ft\":\"no\",\"pec\":\"\",\"s\":\"\",\"search\":\"\",\"search_all\":\"no\",\"sep_month\":\"yes\",\"show_et_ft_img\":\"no\",\"show_limit\":\"yes\",\"show_limit_ajax\":\"no\",\"show_limit_paged\":1,\"show_limit_redir\":\"\",\"show_repeats\":\"no\",\"show_upcoming\":0,\"show_year\":\"no\",\"sort_by\":\"sort_date\",\"tile_bg\":0,\"tile_count\":2,\"tile_height\":0,\"tile_style\":0,\"tiles\":\"no\",\"ux_val\":\"0\",\"view_switcher\":\"no\",\"wpml_l1\":\"\",\"wpml_l2\":\"\",\"wpml_l3\":\"\",\"yl_priority\":\"no\",\"fixed_day\":\"9\",\"_cver\":\"2.8.9\"}' data-od='{\"lang_no_events\":\"No Events\"}'><\/div>\r\n\t\t \t\t<div class='evo_cal_events' data-events=\"\"><\/div>\r\n\t\t \t<\/div>\r\n\t\t\t\t\r\n\t\t\t\r\n\t\t\t\t\t\t<\/div><!-- EventON End -->\r\n\t\t\t[\/vc_column_text][\/vc_column_inner][\/vc_row_inner][vc_row_inner css=&#8221;.vc_custom_1487857749145{background-color: #ffffff !important;}&#8221;][vc_column_inner width=&#8221;1\/3&#8243;][vc_column_text]<strong>Zus\u00e4tzliche Informationen<\/strong><br \/>\n<a href=\"http:\/\/www.musee-charmey.ch\/\" target=\"_blank\" rel=\"noopener noreferrer\">http:\/\/www.musee-charmey.ch\/<\/a><br \/>\n<a href=\"mailto:info@musee-charmey.ch\">info@musee-charmey.ch<\/a>[\/vc_column_text][\/vc_column_inner][vc_column_inner width=&#8221;1\/3&#8243;][vc_column_text]<strong>\u00d6ffnungszeiten<\/strong><br \/>\nVon Mitwoch bis Sonntag von 14 \u2013 18 Uhr.<\/p>\n<p>Am 25. Dezember und 1. Januar\u00a0bleibt das Museum geschlossen<\/p>\n<p><strong>Eintrittpreis<\/strong><br \/>\nErwachsene: 9.-<br \/>\nAHV-Bez\u00fcger, Studenten: 7.-<br \/>\nMehr als 10-j\u00e4hrigen Kinder: 5.-<\/p>\n<p>Gruppen (mehr als 10 Personen)<br \/>\nErwachsene: 7.-<br \/>\nAHV-Bez\u00fcger, Studenten: 5.-<br \/>\nMehr als 10-j\u00e4hrigen Kinder: 3.-<br \/>\nKommentierte Besichtigungen auf Anfrage (mehr als 10 Personen): 80.- + Gruppen Eintrittpreis[\/vc_column_text][\/vc_column_inner][vc_column_inner width=&#8221;1\/3&#8243;][vc_column_text]<strong>Adresse<\/strong><br \/>\nMus\u00e9e Charmey<br \/>\nLes Charri\u00e8res 1<br \/>\nCH-1637 Charmey<br \/>\nT\u00e9l: +4126 927 55 87[\/vc_column_text][vc_icon icon_fontawesome=&#8221;fa fa-facebook-square&#8221; link=&#8221;url:https%3A%2F%2Fwww.facebook.com%2FMus%25C3%25A9e-de-Charmey-1540386799507020%2F||target:%20_blank|&#8221;][vc_icon icon_fontawesome=&#8221;fab fa-instagram&#8221; link=&#8221;url:http%3A%2F%2Fwww.instagram.com%2Fmuseecharmey%2F|target:_blank&#8221;][\/vc_column_inner][\/vc_row_inner][\/vc_column][\/vc_row][vc_row type=&#8221;1&#8243; bg_color=&#8221;#e20079&#8243; css=&#8221;.vc_custom_1487857841894{background-color: #e20079 !important;}&#8221;][vc_column][vc_empty_space height=&#8221;50px&#8221;][\/vc_column][\/vc_row]<\/p>\n","protected":false},"excerpt":{"rendered":"<p>[vc_row type=&#8221;1&#8243; bg_position=&#8221;center&#8221; enable_parallax=&#8221;false&#8221; parallax_speed=&#8221;0.4&#8243; css=&#8221;.vc_custom_1489066652250{margin-bottom: 20px !important;}&#8221; bg_image=&#8221;https:\/\/musees-en-gruyere.ch\/wp-content\/uploads\/2017\/02\/charmey-1.jpg&#8221; anchor=&#8221;charmey&#8221;][vc_column][vc_row_inner][vc_column_inner el_class=&#8221;white&#8221; css=&#8221;.vc_custom_1591793355170{margin-top: 35% !important;background-color: #e20079 !important;}&#8221;][vc_column_text] Mus\u00e9e de Charmey Kunst aus Papier, Erde und Holz [\/vc_column_text][\/vc_column_inner][\/vc_row_inner][\/vc_column][\/vc_row][vc_row type=&#8221;1&#8243; bg_color=&#8221;#e20079&#8243;][vc_column css=&#8221;.vc_custom_1487949528403{background-color: #e20079 !important;}&#8221; el_class=&#8221;white&#8221;][vc_column_text]Das Mus\u00e9e de Charmey bietet einen zeitgen\u00f6ssischen Blick auf das regionale Kulturerbe sowie auf die zeitgen\u00f6ssische, regionale und \u00fcberregionale k\u00fcnstlerische Ausdruckskraft. Seine bevorzugten Materialien&hellip;<\/p>\n","protected":false},"author":1,"featured_media":3677,"parent":0,"menu_order":0,"comment_status":"closed","ping_status":"closed","template":"","meta":{"_acf_changed":false},"class_list":["post-2399","page","type-page","status-publish","has-post-thumbnail","hentry","description-off"],"acf":[],"_links":{"self":[{"href":"https:\/\/musees-en-gruyere.ch\/de\/wp-json\/wp\/v2\/pages\/2399","targetHints":{"allow":["GET"]}}],"collection":[{"href":"https:\/\/musees-en-gruyere.ch\/de\/wp-json\/wp\/v2\/pages"}],"about":[{"href":"https:\/\/musees-en-gruyere.ch\/de\/wp-json\/wp\/v2\/types\/page"}],"author":[{"embeddable":true,"href":"https:\/\/musees-en-gruyere.ch\/de\/wp-json\/wp\/v2\/users\/1"}],"replies":[{"embeddable":true,"href":"https:\/\/musees-en-gruyere.ch\/de\/wp-json\/wp\/v2\/comments?post=2399"}],"version-history":[{"count":11,"href":"https:\/\/musees-en-gruyere.ch\/de\/wp-json\/wp\/v2\/pages\/2399\/revisions"}],"predecessor-version":[{"id":3879,"href":"https:\/\/musees-en-gruyere.ch\/de\/wp-json\/wp\/v2\/pages\/2399\/revisions\/3879"}],"wp:featuredmedia":[{"embeddable":true,"href":"https:\/\/musees-en-gruyere.ch\/de\/wp-json\/wp\/v2\/media\/3677"}],"wp:attachment":[{"href":"https:\/\/musees-en-gruyere.ch\/de\/wp-json\/wp\/v2\/media?parent=2399"}],"curies":[{"name":"wp","href":"https:\/\/api.w.org\/{rel}","templated":true}]}}