{"id":2397,"date":"2020-05-19T16:21:58","date_gmt":"2020-05-19T16:21:58","guid":{"rendered":"https:\/\/musees-en-gruyere.ch\/de\/?page_id=2397"},"modified":"2022-04-28T14:22:45","modified_gmt":"2022-04-28T14:22:45","slug":"musee-du-papier-peint","status":"publish","type":"page","link":"https:\/\/musees-en-gruyere.ch\/de\/musee-du-papier-peint\/","title":{"rendered":"Mus\u00e9e du papier peint"},"content":{"rendered":"<p>[vc_row type=&#8221;1&#8243; bg_position=&#8221;center&#8221; enable_parallax=&#8221;false&#8221; parallax_speed=&#8221;0.4&#8243; css=&#8221;.vc_custom_1489066641927{margin-bottom: 20px !important;}&#8221; bg_image=&#8221;https:\/\/musees-en-gruyere.ch\/wp-content\/uploads\/2017\/02\/papie.jpg&#8221; anchor=&#8221;papier&#8221;][vc_column][vc_row_inner][vc_column_inner el_class=&#8221;white&#8221; css=&#8221;.vc_custom_1591793407226{margin-top: 35% !important;background-color: #e20079 !important;}&#8221;][vc_column_text]<\/p>\n<h3>Mus\u00e9e du papier peint<br \/>\nSeltene Tapeten im Schloss von M\u00e9zi\u00e8res<\/h3>\n<p>[\/vc_column_text][\/vc_column_inner][\/vc_row_inner][\/vc_column][\/vc_row][vc_row type=&#8221;1&#8243; bg_color=&#8221;#e20079&#8243;][vc_column css=&#8221;.vc_custom_1487949519411{background-color: #e20079 !important;}&#8221; el_class=&#8221;white&#8221;][vc_column_text]Das Papiertapetenmuseum in M\u00e9zi\u00e8res zeigt eine aussergew\u00f6hnliche Sammlung von Tapeten aus dem XVIII Und XIX Jahrhundert aus englischen und franz\u00f6sischen Manufakturen.<\/p>\n<p>Im Schloss sind 12 R\u00e4ume, wovon ein Boudoir und ein Dienstbotenzimmer, mit Tapeten verziert; einmalig in der Schweiz und eine Rarit\u00e4t weltweit.[\/vc_column_text][\/vc_column][\/vc_row][vc_row type=&#8221;1&#8243; bg_color=&#8221;#e20079&#8243;][vc_column][vc_row_inner][vc_column_inner css=&#8221;.vc_custom_1487857525401{background-color: #ffffff !important;}&#8221;][vc_column_text]<\/p>\n<h3>Agenda<\/h3>\n<p>[\/vc_column_text][vc_column_text]<!-- EventON Calendar --><div id='evcal_calendar_157' class='list_cal ajde_evcal_calendar  ul box_2 ' ><div id='evcal_head' class='calendar_header ' ><div class='evo_cal_above'><span class='evo-gototoday-btn' style='display:none' data-mo='4' data-yr='2026' data-dy=''>Current Month<\/span><\/div><div class='evo_cal_above_content'><\/div><div class='clear'><\/div><\/div><div id='eventon_loadbar_section'><div id='eventon_loadbar'><\/div><\/div><!-- Events List --><div id='evcal_list' class='eventon_events_list sep_months evcal_list_month'><div class='evcal_month_line' data-d='eml_4_2026'><p>April <\/p><\/div><div class='sep_month_events ' data-d='eml_4_2026'><div id=\"event_4400_0\" class=\"eventon_list_event evo_eventtop scheduled  event event_4400_0\" data-event_id=\"4400\" data-ri=\"0r\" data-time=\"1761411600-1780851600\" data-colr=\"#e20079\" itemscope itemtype='http:\/\/schema.org\/Event'><div class=\"evo_event_schema\" style=\"display:none\" ><a itemprop='url'  href='https:\/\/musees-en-gruyere.ch\/de\/events\/evasions-sonores\/var\/ri-0.l-L3'><\/a><meta itemprop='image' content=\"https:\/\/musees-en-gruyere.ch\/wp-content\/uploads\/2025\/10\/Affichette_expo_EvasionsSonores_recto.jpeg\" \/><meta itemprop='startDate' content=\"2025-10-25T17:00+0:00\" \/><meta itemprop='endDate' content=\"2026-6-7T17:00+0:00\" \/><meta itemprop='eventStatus' content=\"https:\/\/schema.org\/EventScheduled\" \/><item style=\"display:none\" itemprop=\"eventAttendanceMode\" itemscope itemtype=\"https:\/\/schema.org\/OfflineEventAttendanceMode\"><\/item><script type=\"application\/ld+json\">{\"@context\": \"http:\/\/schema.org\",\"@type\": \"Event\",\n\t\t\t\t\t\"@id\": \"event_4400_0\",\n\t\t\t\t\t\"eventAttendanceMode\":\"https:\/\/schema.org\/OfflineEventAttendanceMode\",\n\t\t\t\t\t\"name\": \"EVASIONS SONORES\",\n\t\t\t\t\t\"url\": \"https:\/\/musees-en-gruyere.ch\/de\/events\/evasions-sonores\/var\/ri-0.l-L3\",\n\t\t\t\t\t\"startDate\": \"2025-10-25T17:00+0:00\",\n\t\t\t\t\t\"endDate\": \"2026-6-7T17:00+0:00\",\n\t\t\t\t\t\"image\":\"https:\/\/musees-en-gruyere.ch\/wp-content\/uploads\/2025\/10\/Affichette_expo_EvasionsSonores_recto.jpeg\", \n\t\t\t\t\t\"description\":\"'EVASIONS SONORES'\",\"eventStatus\":\"https:\/\/schema.org\/EventScheduled\"}<\/script><\/div>\r\n\t\t\t\t<p class=\"desc_trig_outter\" style=\"\"><a data-gmtrig=\"1\" data-exlk=\"0\" style=\"border-color: #e20079;\" id=\"evc_17614116004400\" class=\"desc_trig evo_activite-famille evo_exposition mul_val evcal_list_a\" data-ux_val=\"1\"  ><span class='evcal_cblock ' data-bgcolor='#e20079' data-smon='Oktober ' data-syr='2025'><span class='evo_start '><em class='date'>25<\/em><em class='month'>okt<\/em><em class='time'><i t=\"y\">(okt 25)<\/i>17:00<\/em><\/span><span class='evo_end '><em class='date'>07<\/em><em class='month'>jun<\/em><em class='time'><i t=\"y\">(jun 7)<\/i>17:00<\/em><\/span><em class='clear'><\/em><\/span><span class='evcal_desc evo_info hide_eventtopdata '  ><span class='evo_above_title'><\/span><span class='evcal_desc2 evcal_event_title french' itemprop='name'>EVASIONS SONORES<\/span><span class='evcal_desc2 evcal_event_title english' itemprop='name'>EVASIONS SONORES<\/span><span class='evcal_desc2 evcal_event_title deutch' itemprop='name'>EVASIONS SONORES<\/span><span class='evo_below_title'><\/span><span class='evcal_desc_info' ><\/span><span class='evcal_desc3'><span class='evcal_event_types ett1'><em><i>French:<\/i><\/em><em data-filter='event_type'>Activit\u00e9 famille,<\/em><em data-filter='event_type'>Exposition<\/em><i class='clear'><\/i><\/span><\/span><\/span><em class='clear'><\/em><\/a><\/p><div class='event_description evcal_eventcard ' style=\"display:none\"><div class='evo_metarow_directimg'><img class='evo_event_main_img' src='https:\/\/musees-en-gruyere.ch\/wp-content\/uploads\/2025\/10\/Affichette_expo_EvasionsSonores_recto.jpeg' \/><\/div><div class='evo_metarow_cusF1 evorow evcal_evdata_row bordb evcal_evrow_sm '>\n\t\t\t\t\t\t\t<span class='evcal_evdata_custometa_icons'><i class='fa fa-info'><\/i><\/span>\n\t\t\t\t\t\t\t<div class='evcal_evdata_cell'>\t\t\t\t\t\t\t\n\t\t\t\t\t\t\t\t<h3 class='evo_h3'>DESCRIPTION DE L&#039;\u00e9V\u00e8NEMENT<\/h3><div class='evo_custom_content evo_data_val'><p><strong>Fermez les yeux et \u00e9coutez les histoires que les murs murmurent.<\/strong><\/p>\n<p>Avec notre nouvelle exposition, plongez dans un dialogue sensible entre le patrimoine visuel du Ch\u00e2teau de M\u00e9zi\u00e8res et un univers sonore cr\u00e9\u00e9 sur mesure. Des paysages et fictions audio, une interview sur la colonisation, un micro-trottoir, en passant par une chanson exclusive <strong>d&#8217;Aliose<\/strong> et<strong> Marc Aymon<\/strong>, chaque papier peint r\u00e9v\u00e8le sa po\u00e9sie. Gr\u00e2ce \u00e0 un parcours pens\u00e9 pour l&#8217;\u00e9coute, incluant des capsules d&#8217;audiodescription, nous offrons une exp\u00e9rience riche et compl\u00e8te, que l&#8217;on soit voyant, malvoyant ou simplement curieux.<\/p>\n<\/div><\/div><\/div><div class='evo_metarow_time_location evorow bordb '>\n\t\t\t\t\t\t\t<div class='tb' >\n\t\t\t\t\t\t\t\t<div class='tbrow'>\n\t\t\t\t\t\t\t\t<div class='evcal_col50 bordr'>\n\t\t\t\t\t\t\t\t\t<div class='evcal_evdata_row evo_time'>\n\t\t\t\t\t\t\t\t\t\t<span class='evcal_evdata_icons'><i class='fa fa-clock-o'><\/i><\/span>\n\t\t\t\t\t\t\t\t\t\t<div class='evcal_evdata_cell'>\t\t\t\t\t\t\t\n\t\t\t\t\t\t\t\t\t\t\t<h3 class='evo_h3'><span class='evcal_evdata_icons'><i class='fa fa-clock-o'><\/i><\/span>DATUM<\/h3>\n\t\t\t\t\t\t\t\t\t\t\t<p>Oktober  25 (Samstag ) 17:00 - Juni  7 (Sonntag) 17:00<\/p>\n\t\t\t\t\t\t\t\t\t\t<\/div>\n\t\t\t\t\t\t\t\t\t<\/div>\n\t\t\t\t\t\t\t\t<\/div><div class='evcal_col50'>\n\t\t\t\t\t\t\t\t\t<div class='evcal_evdata_row evo_location'>\n\t\t\t\t\t\t\t\t\t\t<span class='evcal_evdata_icons'><i class='fa fa-map-marker'><\/i><\/span>\n\t\t\t\t\t\t\t\t\t\t<div class='evcal_evdata_cell' data-loc_tax_id='28'><h3 class='evo_h3'><span class='evcal_evdata_icons'><i class='fa fa-map-marker'><\/i><\/span>ORT <\/h3><p class='evo_location_name'>Mus\u00e9e du papier peint<\/p><p class='evo_location_address'><\/p><\/div>\n\t\t\t\t\t\t\t\t\t<\/div>\n\t\t\t\t\t\t\t\t<\/div><div class='clear'><\/div>\n\t\t\t\t\t\t\t\t<\/div><\/div>\n\t\t\t\t\t\t\t<\/div><div class='evo_metarow_gmap evorow evcal_gmaps bordb evc176141160069dcc963168cc4400_gmap' id='evc176141160069dcc963168cc4400_gmap' style='max-width:none'><\/div><div class='bordb evo_metarow_socialmedia evcal_evdata_row '><div class='evo_sm FacebookShare'><a class=\" evo_ss\" target=\"_blank\" onclick=\"javascript:window.open(this.href, '', 'left=50,top=50,width=600,height=350,toolbar=0');return false;\"\r\n\t\t\t\t\t\t\t\thref=\"\/\/www.facebook.com\/sharer.php?u=https%3A%2F%2Fmusees-en-gruyere.ch%2Fde%2Fevents%2Fevasions-sonores%2F\" title=\"Share on facebook\"><i class=\"fa fa-facebook\"><\/i><\/a><\/div><div class='evo_sm Twitter'><a class=\"tw evo_ss\" onclick=\"javascript:window.open(this.href, '', 'menubar=no,toolbar=no,resizable=yes,scrollbars=yes,height=300,width=600');return false;\" href=\"\/\/twitter.com\/intent\/tweet?text=EVASIONS SONORES&#32;-&#32;&url=https%3A%2F%2Fmusees-en-gruyere.ch%2Fde%2Fevents%2Fevasions-sonores%2F\" title=\"Share on Twitter\" rel=\"nofollow\" target=\"_blank\" data-url=\"https%3A%2F%2Fmusees-en-gruyere.ch%2Fde%2Fevents%2Fevasions-sonores%2F\"><i class=\"fa fa-twitter\"><\/i><\/a><\/div><div class='evo_sm LinkedIn'><a class=\"li evo_ss\" href=\"\/\/www.linkedin.com\/shareArticle?mini=true&url=https%3A%2F%2Fmusees-en-gruyere.ch%2Fde%2Fevents%2Fevasions-sonores%2F&title=EVASIONS%20SONORES&summary=--\" target=\"_blank\" title=\"Share on Linkedin\"><i class=\"fa fa-linkedin\"><\/i><\/a><\/div><div class='evo_sm Pinterest'><a class=\"pn evo_ss\" href=\"\/\/www.pinterest.com\/pin\/create\/button\/?url=https%3A%2F%2Fmusees-en-gruyere.ch%2Fde%2Fevents%2Fevasions-sonores%2F&media=https%3A%2F%2Fmusees-en-gruyere.ch%2Fwp-content%2Fuploads%2F2025%2F10%2FAffichette_expo_EvasionsSonores_recto-150x150.jpeg&description=--\"\r\n\t\t\t\t\t\t        data-pin-do=\"buttonPin\" data-pin-config=\"above\" target=\"_blank\" title=\"Share on Pinterest\"><i class=\"fa fa-pinterest\"><\/i><\/a><\/div><div class='evo_sm EmailShare'><a class=\"em evo_ss\" href=\"mailto:?subject=EVASIONS SONORES&body=Event Name: EVASIONS SONORES%0AEvent Date: Oktober  25, 2025 17:00 - Juni  7, 2026 17:00%0ALink: https%3A%2F%2Fmusees-en-gruyere.ch%2Fde%2Fevents%2Fevasions-sonores%2F%0A\" target=\"_blank\"><i class=\"fa fa-envelope\"><\/i><\/a><\/div><div class='clear'><\/div><\/div><div class='evo_card_row_end evcal_close' title='Close'><\/div><\/div><div class='clear end'><\/div><\/div><\/div><div class='evcal_month_line' data-d='eml_5_2026'><p>mai<\/p><\/div><div class='sep_month_events ' data-d='eml_5_2026'><div id=\"event_4509_0\" class=\"eventon_list_event evo_eventtop scheduled  event event_4509_0\" data-event_id=\"4509\" data-ri=\"0r\" data-time=\"1778421600-1778427000\" data-colr=\"#e20079\" itemscope itemtype='http:\/\/schema.org\/Event'><div class=\"evo_event_schema\" style=\"display:none\" ><a itemprop='url'  href='https:\/\/musees-en-gruyere.ch\/de\/events\/visite-guidee-pour-les-malvoyants-copy\/var\/ri-0.l-L3'><\/a><meta itemprop='image'  \/><meta itemprop='startDate' content=\"2026-5-10T14:00+0:00\" \/><meta itemprop='endDate' content=\"2026-5-10T15:30+0:00\" \/><meta itemprop='eventStatus' content=\"https:\/\/schema.org\/EventScheduled\" \/><item style=\"display:none\" itemprop=\"eventAttendanceMode\" itemscope itemtype=\"https:\/\/schema.org\/OfflineEventAttendanceMode\"><\/item><script type=\"application\/ld+json\">{\"@context\": \"http:\/\/schema.org\",\"@type\": \"Event\",\n\t\t\t\t\t\"@id\": \"event_4509_0\",\n\t\t\t\t\t\"eventAttendanceMode\":\"https:\/\/schema.org\/OfflineEventAttendanceMode\",\n\t\t\t\t\t\"name\": \"Visite guid\u00e9e pour les Malvoyants\",\n\t\t\t\t\t\"url\": \"https:\/\/musees-en-gruyere.ch\/de\/events\/visite-guidee-pour-les-malvoyants-copy\/var\/ri-0.l-L3\",\n\t\t\t\t\t\"startDate\": \"2026-5-10T14:00+0:00\",\n\t\t\t\t\t\"endDate\": \"2026-5-10T15:30+0:00\",\n\t\t\t\t\t\"image\":\"\", \n\t\t\t\t\t\"description\":\"'Visite guid\u00e9e pour les Malvoyants'\",\"eventStatus\":\"https:\/\/schema.org\/EventScheduled\"}<\/script><\/div>\r\n\t\t\t\t<p class=\"desc_trig_outter\" style=\"\"><a data-gmtrig=\"1\" data-exlk=\"0\" style=\"border-color: #e20079;\" id=\"evc_17784216004509\" class=\"desc_trig evo_activite-famille evo_visite-commentee sin_val evcal_list_a\" data-ux_val=\"1\"  ><span class='evcal_cblock ' data-bgcolor='#e20079' data-smon='mai' data-syr='2026'><span class='evo_start '><em class='date'>10<\/em><em class='month'>mai<\/em><em class='time'>14:00<\/em><\/span><span class='evo_end only_time'><em class='time'>15:30<\/em><\/span><em class='clear'><\/em><\/span><span class='evcal_desc evo_info hide_eventtopdata '  ><span class='evo_above_title'><\/span><span class='evcal_desc2 evcal_event_title french' itemprop='name'>Visite guid\u00e9e pour les Malvoyants<\/span><span class='evcal_desc2 evcal_event_title english' itemprop='name'>Visite guid\u00e9e pour les Malvoyants<\/span><span class='evcal_desc2 evcal_event_title deutch' itemprop='name'>Visite guid\u00e9e pour les Malvoyants<\/span><span class='evo_below_title'><\/span><span class='evcal_desc_info' ><\/span><span class='evcal_desc3'><span class='evcal_event_types ett1'><em><i>French:<\/i><\/em><em data-filter='event_type'>Activit\u00e9 famille,<\/em><em data-filter='event_type'>Visite comment\u00e9e<\/em><i class='clear'><\/i><\/span><\/span><\/span><em class='clear'><\/em><\/a><\/p><div class='event_description evcal_eventcard ' style=\"display:none\"><div class='evo_metarow_cusF1 evorow evcal_evdata_row bordb evcal_evrow_sm '>\n\t\t\t\t\t\t\t<span class='evcal_evdata_custometa_icons'><i class='fa fa-info'><\/i><\/span>\n\t\t\t\t\t\t\t<div class='evcal_evdata_cell'>\t\t\t\t\t\t\t\n\t\t\t\t\t\t\t\t<h3 class='evo_h3'>DESCRIPTION DE L&#039;\u00e9V\u00e8NEMENT<\/h3><div class='evo_custom_content evo_data_val'><p>V<strong>isite guid\u00e9e adapt\u00e9e aux malvoyants<\/strong> par l&#8217;association &#8220;Ecouter, Voir&#8221;, bien voyants bienvenus. Vivez l&#8217;exp\u00e9rience d&#8217;une visite guid\u00e9e diff\u00e9rente !<br \/>\n<img loading=\"lazy\" decoding=\"async\" class=\"alignnone size-medium wp-image-4507\" src=\"https:\/\/musees-en-gruyere.ch\/wp-content\/uploads\/2026\/01\/IMG_7123-225x300.jpg\" alt=\"\" width=\"225\" height=\"300\" srcset=\"https:\/\/musees-en-gruyere.ch\/wp-content\/uploads\/2026\/01\/IMG_7123-225x300.jpg 225w, https:\/\/musees-en-gruyere.ch\/wp-content\/uploads\/2026\/01\/IMG_7123-768x1024.jpg 768w, https:\/\/musees-en-gruyere.ch\/wp-content\/uploads\/2026\/01\/IMG_7123-1152x1536.jpg 1152w, https:\/\/musees-en-gruyere.ch\/wp-content\/uploads\/2026\/01\/IMG_7123-1536x2048.jpg 1536w, https:\/\/musees-en-gruyere.ch\/wp-content\/uploads\/2026\/01\/IMG_7123-scaled.jpg 1920w\" sizes=\"auto, (max-width: 225px) 100vw, 225px\" \/><img loading=\"lazy\" decoding=\"async\" class=\"alignnone size-medium wp-image-4401\" src=\"https:\/\/musees-en-gruyere.ch\/wp-content\/uploads\/2025\/10\/Affichette_expo_EvasionsSonores_recto-150x300.jpeg\" alt=\"\" width=\"150\" height=\"300\" srcset=\"https:\/\/musees-en-gruyere.ch\/wp-content\/uploads\/2025\/10\/Affichette_expo_EvasionsSonores_recto-150x300.jpeg 150w, https:\/\/musees-en-gruyere.ch\/wp-content\/uploads\/2025\/10\/Affichette_expo_EvasionsSonores_recto-512x1024.jpeg 512w, https:\/\/musees-en-gruyere.ch\/wp-content\/uploads\/2025\/10\/Affichette_expo_EvasionsSonores_recto.jpeg 640w\" sizes=\"auto, (max-width: 150px) 100vw, 150px\" \/><img loading=\"lazy\" decoding=\"async\" class=\"alignnone size-medium wp-image-4504\" src=\"https:\/\/musees-en-gruyere.ch\/wp-content\/uploads\/2026\/01\/1518_Evasions-sonores_251025-200x300.jpg\" alt=\"\" width=\"200\" height=\"300\" srcset=\"https:\/\/musees-en-gruyere.ch\/wp-content\/uploads\/2026\/01\/1518_Evasions-sonores_251025-200x300.jpg 200w, https:\/\/musees-en-gruyere.ch\/wp-content\/uploads\/2026\/01\/1518_Evasions-sonores_251025-683x1024.jpg 683w, https:\/\/musees-en-gruyere.ch\/wp-content\/uploads\/2026\/01\/1518_Evasions-sonores_251025-768x1152.jpg 768w, https:\/\/musees-en-gruyere.ch\/wp-content\/uploads\/2026\/01\/1518_Evasions-sonores_251025-1024x1536.jpg 1024w, https:\/\/musees-en-gruyere.ch\/wp-content\/uploads\/2026\/01\/1518_Evasions-sonores_251025-1365x2048.jpg 1365w, https:\/\/musees-en-gruyere.ch\/wp-content\/uploads\/2026\/01\/1518_Evasions-sonores_251025-scaled.jpg 1707w\" sizes=\"auto, (max-width: 200px) 100vw, 200px\" \/>conseill\u00e9e. Visite comprise dans le prix d&#8217;entr\u00e9e au mus\u00e9e<\/p>\n<\/div><\/div><\/div><div class='evo_metarow_time_location evorow bordb '>\n\t\t\t\t\t\t\t<div class='tb' >\n\t\t\t\t\t\t\t\t<div class='tbrow'>\n\t\t\t\t\t\t\t\t<div class='evcal_col50 bordr'>\n\t\t\t\t\t\t\t\t\t<div class='evcal_evdata_row evo_time'>\n\t\t\t\t\t\t\t\t\t\t<span class='evcal_evdata_icons'><i class='fa fa-clock-o'><\/i><\/span>\n\t\t\t\t\t\t\t\t\t\t<div class='evcal_evdata_cell'>\t\t\t\t\t\t\t\n\t\t\t\t\t\t\t\t\t\t\t<h3 class='evo_h3'><span class='evcal_evdata_icons'><i class='fa fa-clock-o'><\/i><\/span>DATUM<\/h3>\n\t\t\t\t\t\t\t\t\t\t\t<p>(Sonntag) 14:00 - 15:30<\/p>\n\t\t\t\t\t\t\t\t\t\t<\/div>\n\t\t\t\t\t\t\t\t\t<\/div>\n\t\t\t\t\t\t\t\t<\/div><div class='evcal_col50'>\n\t\t\t\t\t\t\t\t\t<div class='evcal_evdata_row evo_location'>\n\t\t\t\t\t\t\t\t\t\t<span class='evcal_evdata_icons'><i class='fa fa-map-marker'><\/i><\/span>\n\t\t\t\t\t\t\t\t\t\t<div class='evcal_evdata_cell' data-loc_tax_id='28'><h3 class='evo_h3'><span class='evcal_evdata_icons'><i class='fa fa-map-marker'><\/i><\/span>ORT <\/h3><p class='evo_location_name'>Mus\u00e9e du papier peint<\/p><p class='evo_location_address'><\/p><\/div>\n\t\t\t\t\t\t\t\t\t<\/div>\n\t\t\t\t\t\t\t\t<\/div><div class='clear'><\/div>\n\t\t\t\t\t\t\t\t<\/div><\/div>\n\t\t\t\t\t\t\t<\/div><div class='evo_metarow_gmap evorow evcal_gmaps bordb evc177842160069dcc963247ea4509_gmap' id='evc177842160069dcc963247ea4509_gmap' style='max-width:none'><\/div><div class='bordb evo_metarow_socialmedia evcal_evdata_row '><div class='evo_sm FacebookShare'><a class=\" evo_ss\" target=\"_blank\" onclick=\"javascript:window.open(this.href, '', 'left=50,top=50,width=600,height=350,toolbar=0');return false;\"\r\n\t\t\t\t\t\t\t\thref=\"\/\/www.facebook.com\/sharer.php?u=https%3A%2F%2Fmusees-en-gruyere.ch%2Fde%2Fevents%2Fvisite-guidee-pour-les-malvoyants-copy%2F\" title=\"Share on facebook\"><i class=\"fa fa-facebook\"><\/i><\/a><\/div><div class='evo_sm Twitter'><a class=\"tw evo_ss\" onclick=\"javascript:window.open(this.href, '', 'menubar=no,toolbar=no,resizable=yes,scrollbars=yes,height=300,width=600');return false;\" href=\"\/\/twitter.com\/intent\/tweet?text=Visite guid\u00e9e pour les Malvoyants&#32;-&#32;&url=https%3A%2F%2Fmusees-en-gruyere.ch%2Fde%2Fevents%2Fvisite-guidee-pour-les-malvoyants-copy%2F\" title=\"Share on Twitter\" rel=\"nofollow\" target=\"_blank\" data-url=\"https%3A%2F%2Fmusees-en-gruyere.ch%2Fde%2Fevents%2Fvisite-guidee-pour-les-malvoyants-copy%2F\"><i class=\"fa fa-twitter\"><\/i><\/a><\/div><div class='evo_sm LinkedIn'><a class=\"li evo_ss\" href=\"\/\/www.linkedin.com\/shareArticle?mini=true&url=https%3A%2F%2Fmusees-en-gruyere.ch%2Fde%2Fevents%2Fvisite-guidee-pour-les-malvoyants-copy%2F&title=Visite%20guid%C3%A9e%20pour%20les%20Malvoyants&summary=--\" target=\"_blank\" title=\"Share on Linkedin\"><i class=\"fa fa-linkedin\"><\/i><\/a><\/div><div class='evo_sm EmailShare'><a class=\"em evo_ss\" href=\"mailto:?subject=Visite guid\u00e9e pour les Malvoyants&body=Event Name: Visite guid\u00e9e pour les Malvoyants%0AEvent Date: Mai 10, 2026 14:00 - 15:30%0ALink: https%3A%2F%2Fmusees-en-gruyere.ch%2Fde%2Fevents%2Fvisite-guidee-pour-les-malvoyants-copy%2F%0A\" target=\"_blank\"><i class=\"fa fa-envelope\"><\/i><\/a><\/div><div class='clear'><\/div><\/div><div class='evo_card_row_end evcal_close' title='Close'><\/div><\/div><div class='clear end'><\/div><\/div><\/div>\t\t\t<div class='clear'><\/div>\r\n\t\t\t<\/div>\r\n\t\t\t<div class='clear'><\/div>\r\n\t\t\t\t\t \t<div id='evcal_footer' class='evo_bottom' style='display:none'>\r\n\t\t \t\t<div class='evo_cal_data'  data-sc='{\"_cal_evo_rtl\":\"no\",\"accord\":\"no\",\"cal_id\":\"\",\"cal_init_nonajax\":\"no\",\"calendar_type\":\"list\",\"etc_override\":\"no\",\"evc_open\":\"no\",\"event_count\":\"5\",\"event_location\":\"28\",\"event_order\":\"ASC\",\"event_organizer\":\"all\",\"event_past_future\":\"all\",\"event_tag\":\"all\",\"event_type\":\"all\",\"event_type_2\":\"all\",\"event_type_3\":\"all\",\"event_type_4\":\"all\",\"event_type_5\":\"all\",\"eventtop_style\":0,\"exp_jumper\":\"no\",\"exp_so\":\"no\",\"filter_relationship\":\"AND\",\"filter_show_set_only\":\"no\",\"filter_type\":\"default\",\"filters\":\"yes\",\"fixed_month\":\"4\",\"fixed_year\":\"2026\",\"focus_end_date_range\":\"1788220799\",\"focus_start_date_range\":\"1775001600\",\"ft_event_priority\":\"no\",\"hide_arrows\":\"no\",\"hide_empty_months\":\"yes\",\"hide_end_time\":\"no\",\"hide_ft\":\"no\",\"hide_month_headers\":\"no\",\"hide_mult_occur\":\"yes\",\"hide_past\":\"no\",\"hide_past_by\":\"ee\",\"hide_so\":\"no\",\"ics\":\"no\",\"jumper\":\"no\",\"jumper_count\":5,\"jumper_offset\":\"0\",\"lang\":\"L3\",\"layout_changer\":\"no\",\"mapformat\":\"roadmap\",\"mapiconurl\":\"\",\"maps_load\":\"yes\",\"mapscroll\":\"true\",\"mapzoom\":\"18\",\"members_only\":\"no\",\"ml_priority\":\"no\",\"month_incre\":0,\"number_of_months\":\"5\",\"only_ft\":\"no\",\"pec\":\"\",\"s\":\"\",\"search\":\"\",\"search_all\":\"no\",\"sep_month\":\"yes\",\"show_et_ft_img\":\"no\",\"show_limit\":\"yes\",\"show_limit_ajax\":\"no\",\"show_limit_paged\":1,\"show_limit_redir\":\"\",\"show_repeats\":\"no\",\"show_upcoming\":0,\"show_year\":\"no\",\"sort_by\":\"sort_date\",\"tile_bg\":0,\"tile_count\":2,\"tile_height\":0,\"tile_style\":0,\"tiles\":\"no\",\"ux_val\":\"0\",\"view_switcher\":\"no\",\"wpml_l1\":\"\",\"wpml_l2\":\"\",\"wpml_l3\":\"\",\"yl_priority\":\"no\",\"fixed_day\":\"13\",\"_cver\":\"2.8.9\"}' data-od='{\"lang_no_events\":\"No Events\"}'><\/div>\r\n\t\t \t\t<div class='evo_cal_events' data-events=\"\"><\/div>\r\n\t\t \t<\/div>\r\n\t\t\t\t\r\n\t\t\t\r\n\t\t\t\t\t\t<\/div><!-- EventON End -->\r\n\t\t\t[\/vc_column_text][\/vc_column_inner][\/vc_row_inner][vc_row_inner css=&#8221;.vc_custom_1487857749145{background-color: #ffffff !important;}&#8221;][vc_column_inner width=&#8221;1\/3&#8243;][vc_column_text]<strong>Zus\u00e4tzliche Informationen<\/strong><br \/>\n<a href=\"http:\/\/www.museepapierpeint.ch\/\" target=\"_blank\" rel=\"noopener noreferrer\">www.museepapierpeint.ch\/<\/a><br \/>\n<a href=\"mailto:info@museepapierpeint.ch\">info@museepapierpeint.ch<\/a>[\/vc_column_text][\/vc_column_inner][vc_column_inner width=&#8221;1\/3&#8243;][vc_column_text]<strong>\u00d6ffnungszeiten<\/strong><br \/>\nApril bis Oktober: Donnerstag bis Sonntag von 13.30 Uhr bis 17.00 Uhr<br \/>\nNovember bis M\u00e4rz: Samstag und Sonntag von 13.30 Uhr bis 17.00 Uhr<br \/>\n(\u00d6ffnung f\u00fcr Gruppen auf Anfrage)<br \/>\nAm 25. Dezember und 1. Januar\u00a0bleibt das Museum geschlossen<\/p>\n<p><strong>Eintrittpreis<\/strong><br \/>\nErwachsene: Fr 8.-<br \/>\nKinder (6 bis zum 16 Lebensjahr): Fr 4.-<br \/>\nAHV- und IV-Bez\u00fcger: Fr 6.-<br \/>\nGruppen (ab 10 Pers.) Fr 6.-[\/vc_column_text][\/vc_column_inner][vc_column_inner width=&#8221;1\/3&#8243;][vc_column_text]<strong>Adresse<br \/>\n<\/strong>Mus\u00e9e du papier peint<br \/>\nRue de l&#8217;\u00c9glise 12<br \/>\n1684 M\u00e9zi\u00e8res<\/p>\n<p>t\u00e9l. +41 26 652 06 90[\/vc_column_text][\/vc_column_inner][\/vc_row_inner][\/vc_column][\/vc_row][vc_row type=&#8221;1&#8243; bg_color=&#8221;#e20079&#8243; css=&#8221;.vc_custom_1487857841894{background-color: #e20079 !important;}&#8221;][vc_column][vc_empty_space height=&#8221;50px&#8221;][\/vc_column][\/vc_row]<\/p>\n","protected":false},"excerpt":{"rendered":"<p>[vc_row type=&#8221;1&#8243; bg_position=&#8221;center&#8221; enable_parallax=&#8221;false&#8221; parallax_speed=&#8221;0.4&#8243; css=&#8221;.vc_custom_1489066641927{margin-bottom: 20px !important;}&#8221; bg_image=&#8221;https:\/\/musees-en-gruyere.ch\/wp-content\/uploads\/2017\/02\/papie.jpg&#8221; anchor=&#8221;papier&#8221;][vc_column][vc_row_inner][vc_column_inner el_class=&#8221;white&#8221; css=&#8221;.vc_custom_1591793407226{margin-top: 35% !important;background-color: #e20079 !important;}&#8221;][vc_column_text] Mus\u00e9e du papier peint Seltene Tapeten im Schloss von M\u00e9zi\u00e8res [\/vc_column_text][\/vc_column_inner][\/vc_row_inner][\/vc_column][\/vc_row][vc_row type=&#8221;1&#8243; bg_color=&#8221;#e20079&#8243;][vc_column css=&#8221;.vc_custom_1487949519411{background-color: #e20079 !important;}&#8221; el_class=&#8221;white&#8221;][vc_column_text]Das Papiertapetenmuseum in M\u00e9zi\u00e8res zeigt eine aussergew\u00f6hnliche Sammlung von Tapeten aus dem XVIII Und XIX Jahrhundert aus englischen und franz\u00f6sischen Manufakturen. Im Schloss&hellip;<\/p>\n","protected":false},"author":1,"featured_media":0,"parent":0,"menu_order":0,"comment_status":"closed","ping_status":"closed","template":"","meta":{"_acf_changed":false},"class_list":["post-2397","page","type-page","status-publish","hentry","description-off"],"acf":[],"_links":{"self":[{"href":"https:\/\/musees-en-gruyere.ch\/de\/wp-json\/wp\/v2\/pages\/2397","targetHints":{"allow":["GET"]}}],"collection":[{"href":"https:\/\/musees-en-gruyere.ch\/de\/wp-json\/wp\/v2\/pages"}],"about":[{"href":"https:\/\/musees-en-gruyere.ch\/de\/wp-json\/wp\/v2\/types\/page"}],"author":[{"embeddable":true,"href":"https:\/\/musees-en-gruyere.ch\/de\/wp-json\/wp\/v2\/users\/1"}],"replies":[{"embeddable":true,"href":"https:\/\/musees-en-gruyere.ch\/de\/wp-json\/wp\/v2\/comments?post=2397"}],"version-history":[{"count":5,"href":"https:\/\/musees-en-gruyere.ch\/de\/wp-json\/wp\/v2\/pages\/2397\/revisions"}],"predecessor-version":[{"id":3673,"href":"https:\/\/musees-en-gruyere.ch\/de\/wp-json\/wp\/v2\/pages\/2397\/revisions\/3673"}],"wp:attachment":[{"href":"https:\/\/musees-en-gruyere.ch\/de\/wp-json\/wp\/v2\/media?parent=2397"}],"curies":[{"name":"wp","href":"https:\/\/api.w.org\/{rel}","templated":true}]}}