{"id":2395,"date":"2020-05-19T16:18:06","date_gmt":"2020-05-19T16:18:06","guid":{"rendered":"https:\/\/musees-en-gruyere.ch\/de\/?page_id=2395"},"modified":"2021-01-25T14:50:29","modified_gmt":"2021-01-25T14:50:29","slug":"musee-gruerien","status":"publish","type":"page","link":"https:\/\/musees-en-gruyere.ch\/de\/musee-gruerien\/","title":{"rendered":"Mus\u00e9e gru\u00e9rien"},"content":{"rendered":"<p>[vc_row type=&#8221;1&#8243; bg_position=&#8221;center&#8221; enable_parallax=&#8221;false&#8221; parallax_speed=&#8221;0.4&#8243; css=&#8221;.vc_custom_1489066627990{margin-bottom: 20px !important;}&#8221; bg_image=&#8221;https:\/\/musees-en-gruyere.ch\/wp-content\/uploads\/2017\/02\/gruerie-n.jpg&#8221; anchor=&#8221;gruerien&#8221;][vc_column][vc_row_inner][vc_column_inner el_class=&#8221;white&#8221; css=&#8221;.vc_custom_1591793425872{margin-top: 35% !important;background-color: #e20079 !important;}&#8221;][vc_column_text]<\/p>\n<h3>Mus\u00e9e gru\u00e9rien<br \/>\nAuf das authentische Greyerzerland zugehend<\/h3>\n<p>[\/vc_column_text][\/vc_column_inner][\/vc_row_inner][\/vc_column][\/vc_row][vc_row type=&#8221;1&#8243; bg_color=&#8221;#e20079&#8243;][vc_column css=&#8221;.vc_custom_1487949511474{background-color: #e20079 !important;}&#8221; el_class=&#8221;white&#8221;][vc_column_text]<iframe loading=\"lazy\" src=\"https:\/\/www.youtube.com\/embed\/WpWdH0rxwzo\" width=\"1120\" height=\"630\" frameborder=\"0\" allowfullscreen=\"allowfullscreen\"><\/iframe><br \/>\nZur Bewahrung des \u00fcberlieferten Kulturgutes gegr\u00fcndet, pr\u00e4gt das Greyerzer Museum das kulturelle Leben der Gegend. Entdecken Sie seine Sonderausstellungen, seine volkskundlichen Sammlungen und die Modelle der Stadt Bulle von 1722, 1912 und 2002, mit Tonbildschau in deutscher Sprache.[\/vc_column_text][\/vc_column][\/vc_row][vc_row type=&#8221;1&#8243; bg_color=&#8221;#e20079&#8243;][vc_column][vc_row_inner][vc_column_inner css=&#8221;.vc_custom_1487857525401{background-color: #ffffff !important;}&#8221;][vc_column_text]<\/p>\n<h3>Agenda<\/h3>\n<p>[\/vc_column_text][vc_column_text]<!-- EventON Calendar --><div id='evcal_calendar_655' class='list_cal ajde_evcal_calendar  ul box_2 ' ><div id='evcal_head' class='calendar_header ' ><div class='evo_cal_above'><span class='evo-gototoday-btn' style='display:none' data-mo='4' data-yr='2026' data-dy=''>Current Month<\/span><\/div><div class='evo_cal_above_content'><\/div><div class='clear'><\/div><\/div><div id='eventon_loadbar_section'><div id='eventon_loadbar'><\/div><\/div><!-- Events List --><div id='evcal_list' class='eventon_events_list sep_months evcal_list_month'>\t\t\t<div class='clear'><\/div>\r\n\t\t\t<\/div>\r\n\t\t\t<div class='clear'><\/div>\r\n\t\t\t\t\t \t<div id='evcal_footer' class='evo_bottom' style='display:none'>\r\n\t\t \t\t<div class='evo_cal_data'  data-sc='{\"_cal_evo_rtl\":\"no\",\"accord\":\"no\",\"cal_id\":\"\",\"cal_init_nonajax\":\"no\",\"calendar_type\":\"list\",\"etc_override\":\"no\",\"evc_open\":\"no\",\"event_count\":\"5\",\"event_location\":\"20\",\"event_order\":\"ASC\",\"event_organizer\":\"all\",\"event_past_future\":\"all\",\"event_tag\":\"all\",\"event_type\":\"all\",\"event_type_2\":\"all\",\"event_type_3\":\"all\",\"event_type_4\":\"all\",\"event_type_5\":\"all\",\"eventtop_style\":0,\"exp_jumper\":\"no\",\"exp_so\":\"no\",\"filter_relationship\":\"AND\",\"filter_show_set_only\":\"no\",\"filter_type\":\"default\",\"filters\":\"yes\",\"fixed_month\":\"4\",\"fixed_year\":\"2026\",\"focus_end_date_range\":\"1788220799\",\"focus_start_date_range\":\"1775001600\",\"ft_event_priority\":\"no\",\"hide_arrows\":\"no\",\"hide_empty_months\":\"yes\",\"hide_end_time\":\"no\",\"hide_ft\":\"no\",\"hide_month_headers\":\"no\",\"hide_mult_occur\":\"yes\",\"hide_past\":\"no\",\"hide_past_by\":\"ee\",\"hide_so\":\"no\",\"ics\":\"no\",\"jumper\":\"no\",\"jumper_count\":5,\"jumper_offset\":\"0\",\"lang\":\"L3\",\"layout_changer\":\"no\",\"mapformat\":\"roadmap\",\"mapiconurl\":\"\",\"maps_load\":\"yes\",\"mapscroll\":\"true\",\"mapzoom\":\"18\",\"members_only\":\"no\",\"ml_priority\":\"no\",\"month_incre\":0,\"number_of_months\":\"5\",\"only_ft\":\"no\",\"pec\":\"\",\"s\":\"\",\"search\":\"\",\"search_all\":\"no\",\"sep_month\":\"yes\",\"show_et_ft_img\":\"no\",\"show_limit\":\"yes\",\"show_limit_ajax\":\"no\",\"show_limit_paged\":1,\"show_limit_redir\":\"\",\"show_repeats\":\"no\",\"show_upcoming\":0,\"show_year\":\"no\",\"sort_by\":\"sort_date\",\"tile_bg\":0,\"tile_count\":2,\"tile_height\":0,\"tile_style\":0,\"tiles\":\"no\",\"ux_val\":\"0\",\"view_switcher\":\"no\",\"wpml_l1\":\"\",\"wpml_l2\":\"\",\"wpml_l3\":\"\",\"yl_priority\":\"no\",\"fixed_day\":\"22\",\"_cver\":\"2.8.9\"}' data-od='{\"lang_no_events\":\"No Events\"}'><\/div>\r\n\t\t \t\t<div class='evo_cal_events' data-events=\"\"><\/div>\r\n\t\t \t<\/div>\r\n\t\t\t\t\r\n\t\t\t\r\n\t\t\t\t\t\t<\/div><!-- EventON End -->\r\n\t\t\t[\/vc_column_text][\/vc_column_inner][\/vc_row_inner][vc_row_inner css=&#8221;.vc_custom_1487857749145{background-color: #ffffff !important;}&#8221;][vc_column_inner width=&#8221;1\/3&#8243;][vc_column_text]<strong>Zus\u00e4tzliche Informationen<\/strong><br \/>\nMus\u00e9e:\u00a0<a href=\"http:\/\/www.musee-gruerien.ch\/\" target=\"_blank\" rel=\"noopener noreferrer\">http:\/\/www.musee-gruerien.ch\/<\/a><br \/>\nParcours historique: <a title=\"Parcours historique\" href=\"http:\/\/www.la-gruyere.ch\/circuit\" target=\"_blank\" rel=\"noopener noreferrer\">http:\/\/www.la-gruyere.ch\/circuit<\/a>[\/vc_column_text][\/vc_column_inner][vc_column_inner width=&#8221;1\/3&#8243;][vc_column_text]<strong>\u00d6ffnungszeiten<\/strong><br \/>\nDienstag bis Freitag von 10-12 und 13.30-17 Uhr<br \/>\n(Juni-September von 10-17 Uhr)<br \/>\nSamstag von 10 &#8211; 17 Uhr<br \/>\nSonn- und Feiertage von 13.30-17 Uhr.<br \/>\nMontag geschlossen.<\/p>\n<p><strong>Eintrittpreis<\/strong><br \/>\nCHF 12.\u2013 \/ reduziert CHF 9.\u2013 \/ Gruppen CHF 8.\u2013<br \/>\nKinder in Begleitung gratis<br \/>\nSchulklassen, Studierende und Lernende in Gruppen CHF 3.\u2013<\/p>\n<p>Kosenloser Zugang mit FriPass[\/vc_column_text][\/vc_column_inner][vc_column_inner width=&#8221;1\/3&#8243;][vc_column_text]<strong>Adresse<\/strong><br \/>\nMus\u00e9e gru\u00e9rien, Bulle<br \/>\nRue de la Cond\u00e9mine 25<br \/>\nCase postale 204<br \/>\n1630, Bulle 1 (Suisse)<br \/>\nT\u00e9l. +41 26 916 10 10[\/vc_column_text][vc_icon icon_fontawesome=&#8221;fa fa-facebook-square&#8221; link=&#8221;url:https%3A%2F%2Fwww.facebook.com%2FMuseegruerien||target:%20_blank|&#8221;][vc_icon icon_fontawesome=&#8221;fa fa-twitter&#8221; link=&#8221;url:https%3A%2F%2Ftwitter.com%2Fgruerien||target:%20_blank|&#8221;][vc_icon icon_fontawesome=&#8221;fa fa-instagram&#8221; link=&#8221;url:https%3A%2F%2Fwww.instagram.com%2Fmusee_gruerien%2F||target:%20_blank|&#8221;][vc_icon icon_fontawesome=&#8221;fa fa-youtube&#8221; link=&#8221;url:https%3A%2F%2Fwww.youtube.com%2Fchannel%2FUCOB9tioX1_gdCmbgkmKga4g||target:%20_blank|&#8221;][vc_icon icon_fontawesome=&#8221;fa fa-tripadvisor&#8221; link=&#8221;url:https%3A%2F%2Fwww.tripadvisor.com%2FAttraction_Review-g652156-d4680983-Reviews-Musee_Gruerien-%20Bulle_La_Gruyere_Canton_of_Fribourg.html||target:%20_blank|&#8221;][\/vc_column_inner][\/vc_row_inner][\/vc_column][\/vc_row][vc_row type=&#8221;1&#8243; bg_color=&#8221;#e20079&#8243; css=&#8221;.vc_custom_1487857841894{background-color: #e20079 !important;}&#8221;][vc_column][vc_empty_space height=&#8221;50px&#8221;][\/vc_column][\/vc_row]<\/p>\n","protected":false},"excerpt":{"rendered":"<p>[vc_row type=&#8221;1&#8243; bg_position=&#8221;center&#8221; enable_parallax=&#8221;false&#8221; parallax_speed=&#8221;0.4&#8243; css=&#8221;.vc_custom_1489066627990{margin-bottom: 20px !important;}&#8221; bg_image=&#8221;https:\/\/musees-en-gruyere.ch\/wp-content\/uploads\/2017\/02\/gruerie-n.jpg&#8221; anchor=&#8221;gruerien&#8221;][vc_column][vc_row_inner][vc_column_inner el_class=&#8221;white&#8221; css=&#8221;.vc_custom_1591793425872{margin-top: 35% !important;background-color: #e20079 !important;}&#8221;][vc_column_text] Mus\u00e9e gru\u00e9rien Auf das authentische Greyerzerland zugehend [\/vc_column_text][\/vc_column_inner][\/vc_row_inner][\/vc_column][\/vc_row][vc_row type=&#8221;1&#8243; bg_color=&#8221;#e20079&#8243;][vc_column css=&#8221;.vc_custom_1487949511474{background-color: #e20079 !important;}&#8221; el_class=&#8221;white&#8221;][vc_column_text] Zur Bewahrung des \u00fcberlieferten Kulturgutes gegr\u00fcndet, pr\u00e4gt das Greyerzer Museum das kulturelle Leben der Gegend. Entdecken Sie seine Sonderausstellungen, seine volkskundlichen Sammlungen und die Modelle&hellip;<\/p>\n","protected":false},"author":1,"featured_media":0,"parent":0,"menu_order":0,"comment_status":"closed","ping_status":"closed","template":"","meta":{"_acf_changed":false},"class_list":["post-2395","page","type-page","status-publish","hentry","description-off"],"acf":[],"_links":{"self":[{"href":"https:\/\/musees-en-gruyere.ch\/de\/wp-json\/wp\/v2\/pages\/2395","targetHints":{"allow":["GET"]}}],"collection":[{"href":"https:\/\/musees-en-gruyere.ch\/de\/wp-json\/wp\/v2\/pages"}],"about":[{"href":"https:\/\/musees-en-gruyere.ch\/de\/wp-json\/wp\/v2\/types\/page"}],"author":[{"embeddable":true,"href":"https:\/\/musees-en-gruyere.ch\/de\/wp-json\/wp\/v2\/users\/1"}],"replies":[{"embeddable":true,"href":"https:\/\/musees-en-gruyere.ch\/de\/wp-json\/wp\/v2\/comments?post=2395"}],"version-history":[{"count":7,"href":"https:\/\/musees-en-gruyere.ch\/de\/wp-json\/wp\/v2\/pages\/2395\/revisions"}],"predecessor-version":[{"id":3443,"href":"https:\/\/musees-en-gruyere.ch\/de\/wp-json\/wp\/v2\/pages\/2395\/revisions\/3443"}],"wp:attachment":[{"href":"https:\/\/musees-en-gruyere.ch\/de\/wp-json\/wp\/v2\/media?parent=2395"}],"curies":[{"name":"wp","href":"https:\/\/api.w.org\/{rel}","templated":true}]}}