{"id":2385,"date":"2020-05-19T14:33:39","date_gmt":"2020-05-19T14:33:39","guid":{"rendered":"https:\/\/musees-en-gruyere.ch\/de\/?page_id=2385"},"modified":"2020-07-02T07:13:51","modified_gmt":"2020-07-02T07:13:51","slug":"maison-cailler","status":"publish","type":"page","link":"https:\/\/musees-en-gruyere.ch\/de\/maison-cailler\/","title":{"rendered":"Maison Cailler"},"content":{"rendered":"<p>[vc_row type=&#8221;1&#8243; bg_position=&#8221;center&#8221; enable_parallax=&#8221;false&#8221; parallax_speed=&#8221;0.4&#8243; css=&#8221;.vc_custom_1489066597413{margin-bottom: 20px !important;}&#8221; bg_image=&#8221;https:\/\/musees-en-gruyere.ch\/wp-content\/uploads\/2017\/03\/cailerfinal.jpg&#8221; anchor=&#8221;cailler&#8221;][vc_column][vc_row_inner][vc_column_inner el_class=&#8221;white&#8221; css=&#8221;.vc_custom_1591793327685{margin-top: 35% !important;background-color: #e20079 !important;}&#8221;][vc_column_text]<\/p>\n<h3>Maison Cailler<br \/>\nDas beliebteste Schokoladenerlebnis der Schweiz<\/h3>\n<p>[\/vc_column_text][\/vc_column_inner][\/vc_row_inner][\/vc_column][\/vc_row][vc_row type=&#8221;1&#8243; bg_color=&#8221;#e20079&#8243;][vc_column css=&#8221;.vc_custom_1487949486957{background-color: #e20079 !important;}&#8221; el_class=&#8221;white&#8221;][vc_column_text]Stellen Sie sich einen Ort vor, an dem Sie mit all Ihren Sinnen in die wunderbare Welt der Cailler Schokolade eintauchen k\u00f6nnen. Ihre Augen entdecken geheimnisvolle aztekische Kakaozeremonien; Ihre H\u00e4nde f\u00fchlen ger\u00f6stete Kakaobohnen und Ihre Nase wird dem Duft frisch zubereiteter Schokolade folgen wollen; und was w\u00e4re Cailler Schokolade, wenn sie nicht den Weg in Ihren Mund finden und dort Ihren Geschmacksinn mit herrlichen Aromen nach bestem Kakao, Milch aus der Region und anderen k\u00f6stlichen Zutaten verf\u00fchren w\u00fcrde?[\/vc_column_text][\/vc_column][\/vc_row][vc_row type=&#8221;1&#8243; bg_color=&#8221;#e20079&#8243;][vc_column][vc_row_inner][vc_column_inner css=&#8221;.vc_custom_1487857525401{background-color: #ffffff !important;}&#8221;][vc_column_text]<\/p>\n<h3>Agenda<\/h3>\n<p>[\/vc_column_text][vc_column_text]<!-- EventON Calendar --><div id='evcal_calendar_546' class='list_cal ajde_evcal_calendar  ul box_2 ' ><div id='evcal_head' class='calendar_header ' ><div class='evo_cal_above'><span class='evo-gototoday-btn' style='display:none' data-mo='4' data-yr='2026' data-dy=''>Current Month<\/span><\/div><div class='evo_cal_above_content'><\/div><div class='clear'><\/div><\/div><div id='eventon_loadbar_section'><div id='eventon_loadbar'><\/div><\/div><!-- Events List --><div id='evcal_list' class='eventon_events_list sep_months evcal_list_month'>\t\t\t<div class='clear'><\/div>\r\n\t\t\t<\/div>\r\n\t\t\t<div class='clear'><\/div>\r\n\t\t\t\t\t \t<div id='evcal_footer' class='evo_bottom' style='display:none'>\r\n\t\t \t\t<div class='evo_cal_data'  data-sc='{\"_cal_evo_rtl\":\"no\",\"accord\":\"no\",\"cal_id\":\"\",\"cal_init_nonajax\":\"no\",\"calendar_type\":\"list\",\"etc_override\":\"no\",\"evc_open\":\"no\",\"event_count\":\"5\",\"event_location\":\"24\",\"event_order\":\"ASC\",\"event_organizer\":\"all\",\"event_past_future\":\"all\",\"event_tag\":\"all\",\"event_type\":\"all\",\"event_type_2\":\"all\",\"event_type_3\":\"all\",\"event_type_4\":\"all\",\"event_type_5\":\"all\",\"eventtop_style\":0,\"exp_jumper\":\"no\",\"exp_so\":\"no\",\"filter_relationship\":\"AND\",\"filter_show_set_only\":\"no\",\"filter_type\":\"default\",\"filters\":\"yes\",\"fixed_month\":\"4\",\"fixed_year\":\"2026\",\"focus_end_date_range\":\"1788220799\",\"focus_start_date_range\":\"1775001600\",\"ft_event_priority\":\"no\",\"hide_arrows\":\"no\",\"hide_empty_months\":\"yes\",\"hide_end_time\":\"no\",\"hide_ft\":\"no\",\"hide_month_headers\":\"no\",\"hide_mult_occur\":\"yes\",\"hide_past\":\"no\",\"hide_past_by\":\"ee\",\"hide_so\":\"no\",\"ics\":\"no\",\"jumper\":\"no\",\"jumper_count\":5,\"jumper_offset\":\"0\",\"lang\":\"L3\",\"layout_changer\":\"no\",\"mapformat\":\"roadmap\",\"mapiconurl\":\"\",\"maps_load\":\"yes\",\"mapscroll\":\"true\",\"mapzoom\":\"18\",\"members_only\":\"no\",\"ml_priority\":\"no\",\"month_incre\":0,\"number_of_months\":\"5\",\"only_ft\":\"no\",\"pec\":\"\",\"s\":\"\",\"search\":\"\",\"search_all\":\"no\",\"sep_month\":\"yes\",\"show_et_ft_img\":\"no\",\"show_limit\":\"yes\",\"show_limit_ajax\":\"no\",\"show_limit_paged\":1,\"show_limit_redir\":\"\",\"show_repeats\":\"no\",\"show_upcoming\":0,\"show_year\":\"no\",\"sort_by\":\"sort_date\",\"tile_bg\":0,\"tile_count\":2,\"tile_height\":0,\"tile_style\":0,\"tiles\":\"no\",\"ux_val\":\"0\",\"view_switcher\":\"no\",\"wpml_l1\":\"\",\"wpml_l2\":\"\",\"wpml_l3\":\"\",\"yl_priority\":\"no\",\"fixed_day\":\"5\",\"_cver\":\"2.8.9\"}' data-od='{\"lang_no_events\":\"No Events\"}'><\/div>\r\n\t\t \t\t<div class='evo_cal_events' data-events=\"\"><\/div>\r\n\t\t \t<\/div>\r\n\t\t\t\t\r\n\t\t\t\r\n\t\t\t\t\t\t<\/div><!-- EventON End -->\r\n\t\t\t[\/vc_column_text][\/vc_column_inner][\/vc_row_inner][vc_row_inner css=&#8221;.vc_custom_1487857749145{background-color: #ffffff !important;}&#8221;][vc_column_inner width=&#8221;1\/3&#8243;][vc_column_text]<strong>Zus\u00e4tzliche Informationen<\/strong><br \/>\n<a title=\"Site web cailler\" href=\"https:\/\/www.cailler.ch\/de\/\" target=\"_blank\" rel=\"noopener noreferrer\">www.cailler.ch<\/a><br \/>\n<a href=\"mailto:maisoncailler@nestle.com\">maisoncailler@nestle.com<\/a>[\/vc_column_text][\/vc_column_inner][vc_column_inner width=&#8221;1\/3&#8243;][vc_column_text]<strong>\u00d6ffnungszeiten<br \/>\n<\/strong>7 Tage die Woche (ausser 25.12. &amp; 1.1.).<br \/>\nEin Besuch dauert ungef\u00e4hr 1 bis 1\u00bd Stunden.<\/p>\n<p>Ticketverkauf:<br \/>\n01.04. bis 31.10. : 10.00 bis 17.00 Uhr<br \/>\n01.11. bis 31.03. : 10.00 bis 16.00 Uhr<\/p>\n<p>Schliessung: eine Stunde nach der letzten F\u00fchrung<\/p>\n<p><strong>Eintrittsgeb\u00fchr<\/strong><br \/>\nKinder &lt; 16 Jahre mit einem Erwachsenen: gratis<br \/>\nErwachsene: CHF 15.00<br \/>\nStudenten und Senioren: CHF 12.00<\/p>\n<p>Gruppen und Schulen<br \/>\nGruppen ab 10 Erwachsenen : CHF 12 pro Person<br \/>\nGruppen von Kindern unter 16 Jahren: CHF 5\/Kind<br \/>\n1 begleitender Erwachsener gratis f\u00fcr je 10 Kinder.<\/p>\n<p>La Maison Cailler ist rollstuhlgerecht.<\/p>\n<p>\u00c4nderungen ohne vorherige Ank\u00fcndigung vorbehalten[\/vc_column_text][\/vc_column_inner][vc_column_inner width=&#8221;1\/3&#8243;][vc_column_text]<strong>Adresse<br \/>\n<\/strong>Rue Jules Bellet 7<br \/>\n1636 Broc<br \/>\nT\u00e9l. +41 (0)26 921 59 60[\/vc_column_text][vc_icon icon_fontawesome=&#8221;fa fa-facebook-square&#8221; link=&#8221;url:https%3A%2F%2Fwww.facebook.com%2Fcailler.ch||target:%20_blank|&#8221;][vc_icon icon_fontawesome=&#8221;fa fa-google-plus&#8221; link=&#8221;url:https%3A%2F%2Fplus.google.com%2F116202043872861042847||target:%20_blank|&#8221;][vc_icon icon_fontawesome=&#8221;fa fa-youtube&#8221; link=&#8221;url:https%3A%2F%2Fwww.youtube.com%2Fuser%2Fcaillerch||target:%20_blank|&#8221;][vc_icon icon_fontawesome=&#8221;fa fa-instagram&#8221; link=&#8221;url:https%3A%2F%2Fwww.instagram.com%2Fcailler_suisse%2F||target:%20_blank|&#8221;][\/vc_column_inner][\/vc_row_inner][\/vc_column][\/vc_row][vc_row type=&#8221;1&#8243; bg_color=&#8221;#e20079&#8243; css=&#8221;.vc_custom_1487857841894{background-color: #e20079 !important;}&#8221;][vc_column][vc_empty_space height=&#8221;50px&#8221;][\/vc_column][\/vc_row]<\/p>\n","protected":false},"excerpt":{"rendered":"<p>[vc_row type=&#8221;1&#8243; bg_position=&#8221;center&#8221; enable_parallax=&#8221;false&#8221; parallax_speed=&#8221;0.4&#8243; css=&#8221;.vc_custom_1489066597413{margin-bottom: 20px !important;}&#8221; bg_image=&#8221;https:\/\/musees-en-gruyere.ch\/wp-content\/uploads\/2017\/03\/cailerfinal.jpg&#8221; anchor=&#8221;cailler&#8221;][vc_column][vc_row_inner][vc_column_inner el_class=&#8221;white&#8221; css=&#8221;.vc_custom_1591793327685{margin-top: 35% !important;background-color: #e20079 !important;}&#8221;][vc_column_text] Maison Cailler Das beliebteste Schokoladenerlebnis der Schweiz [\/vc_column_text][\/vc_column_inner][\/vc_row_inner][\/vc_column][\/vc_row][vc_row type=&#8221;1&#8243; bg_color=&#8221;#e20079&#8243;][vc_column css=&#8221;.vc_custom_1487949486957{background-color: #e20079 !important;}&#8221; el_class=&#8221;white&#8221;][vc_column_text]Stellen Sie sich einen Ort vor, an dem Sie mit all Ihren Sinnen in die wunderbare Welt der Cailler Schokolade eintauchen k\u00f6nnen. Ihre Augen entdecken geheimnisvolle&hellip;<\/p>\n","protected":false},"author":1,"featured_media":0,"parent":0,"menu_order":0,"comment_status":"closed","ping_status":"closed","template":"","meta":{"_acf_changed":false},"class_list":["post-2385","page","type-page","status-publish","hentry","description-off"],"acf":[],"_links":{"self":[{"href":"https:\/\/musees-en-gruyere.ch\/de\/wp-json\/wp\/v2\/pages\/2385","targetHints":{"allow":["GET"]}}],"collection":[{"href":"https:\/\/musees-en-gruyere.ch\/de\/wp-json\/wp\/v2\/pages"}],"about":[{"href":"https:\/\/musees-en-gruyere.ch\/de\/wp-json\/wp\/v2\/types\/page"}],"author":[{"embeddable":true,"href":"https:\/\/musees-en-gruyere.ch\/de\/wp-json\/wp\/v2\/users\/1"}],"replies":[{"embeddable":true,"href":"https:\/\/musees-en-gruyere.ch\/de\/wp-json\/wp\/v2\/comments?post=2385"}],"version-history":[{"count":7,"href":"https:\/\/musees-en-gruyere.ch\/de\/wp-json\/wp\/v2\/pages\/2385\/revisions"}],"predecessor-version":[{"id":3270,"href":"https:\/\/musees-en-gruyere.ch\/de\/wp-json\/wp\/v2\/pages\/2385\/revisions\/3270"}],"wp:attachment":[{"href":"https:\/\/musees-en-gruyere.ch\/de\/wp-json\/wp\/v2\/media?parent=2385"}],"curies":[{"name":"wp","href":"https:\/\/api.w.org\/{rel}","templated":true}]}}