{"id":2383,"date":"2020-05-19T14:32:29","date_gmt":"2020-05-19T14:32:29","guid":{"rendered":"https:\/\/musees-en-gruyere.ch\/de\/?page_id=2383"},"modified":"2020-07-01T14:28:57","modified_gmt":"2020-07-01T14:28:57","slug":"la-maison-du-gruyere","status":"publish","type":"page","link":"https:\/\/musees-en-gruyere.ch\/de\/la-maison-du-gruyere\/","title":{"rendered":"La Maison du Gruy\u00e8re"},"content":{"rendered":"<p>[vc_row type=&#8221;1&#8243; bg_position=&#8221;center&#8221; enable_parallax=&#8221;false&#8221; parallax_speed=&#8221;0.4&#8243; css=&#8221;.vc_custom_1489066586413{margin-bottom: 20px !important;}&#8221; bg_image=&#8221;https:\/\/musees-en-gruyere.ch\/wp-content\/uploads\/2017\/02\/gruyere.jpg&#8221; anchor=&#8221;gruyere&#8221;][vc_column][vc_row_inner][vc_column_inner el_class=&#8221;white&#8221; css=&#8221;.vc_custom_1591793311498{margin-top: 35% !important;background-color: #e20079 !important;}&#8221;][vc_column_text]<\/p>\n<h3>La Maison du Gruy\u00e8re<br \/>\nGeheimnisse der Herstellung des K\u00e4ses \u201cGruy\u00e8re AOP\u201d<\/h3>\n<p>[\/vc_column_text][\/vc_column_inner][\/vc_row_inner][\/vc_column][\/vc_row][vc_row type=&#8221;1&#8243; bg_color=&#8221;#e20079&#8243;][vc_column css=&#8221;.vc_custom_1487949479362{background-color: #e20079 !important;}&#8221; el_class=&#8221;white&#8221;][vc_column_text]<\/p>\n<h3>Schauk\u00e4serei<\/h3>\n<p>&#8220;Gruy\u00e8re, als Erlebnis der Sinne&#8221;, die Austellung, bei der Sie die Geheimnisse der Herstellung des Gruy\u00e8re-AOP-K\u00e4ses erfahren k\u00f6nnen. Drei- bis viermal pro Tag stellt der K\u00e4sermeister vor den Augen der Besucher bis zu 48 Gruy\u00e8re-AOP-Laibe her. Diese bleiben anschliessend ein paar Monate im Reifungsraum, in welchem bis zu 7&#8217;000 Laibe gelagert werden k\u00f6nnen.[\/vc_column_text][\/vc_column][\/vc_row][vc_row type=&#8221;1&#8243; bg_color=&#8221;#e20079&#8243;][vc_column][vc_row_inner][vc_column_inner css=&#8221;.vc_custom_1487857525401{background-color: #ffffff !important;}&#8221;][vc_column_text]<\/p>\n<h3>Agenda<\/h3>\n<p>[\/vc_column_text][vc_column_text]<!-- EventON Calendar --><div id='evcal_calendar_701' class='list_cal ajde_evcal_calendar  ul box_2 ' ><div id='evcal_head' class='calendar_header ' ><div class='evo_cal_above'><span class='evo-gototoday-btn' style='display:none' data-mo='4' data-yr='2026' data-dy=''>Current Month<\/span><\/div><div class='evo_cal_above_content'><\/div><div class='clear'><\/div><\/div><div id='eventon_loadbar_section'><div id='eventon_loadbar'><\/div><\/div><!-- Events List --><div id='evcal_list' class='eventon_events_list sep_months evcal_list_month'>\t\t\t<div class='clear'><\/div>\r\n\t\t\t<\/div>\r\n\t\t\t<div class='clear'><\/div>\r\n\t\t\t\t\t \t<div id='evcal_footer' class='evo_bottom' style='display:none'>\r\n\t\t \t\t<div class='evo_cal_data'  data-sc='{\"_cal_evo_rtl\":\"no\",\"accord\":\"no\",\"cal_id\":\"\",\"cal_init_nonajax\":\"no\",\"calendar_type\":\"list\",\"etc_override\":\"no\",\"evc_open\":\"no\",\"event_count\":\"5\",\"event_location\":\"23\",\"event_order\":\"ASC\",\"event_organizer\":\"all\",\"event_past_future\":\"all\",\"event_tag\":\"all\",\"event_type\":\"all\",\"event_type_2\":\"all\",\"event_type_3\":\"all\",\"event_type_4\":\"all\",\"event_type_5\":\"all\",\"eventtop_style\":0,\"exp_jumper\":\"no\",\"exp_so\":\"no\",\"filter_relationship\":\"AND\",\"filter_show_set_only\":\"no\",\"filter_type\":\"default\",\"filters\":\"yes\",\"fixed_month\":\"4\",\"fixed_year\":\"2026\",\"focus_end_date_range\":\"1788220799\",\"focus_start_date_range\":\"1775001600\",\"ft_event_priority\":\"no\",\"hide_arrows\":\"no\",\"hide_empty_months\":\"yes\",\"hide_end_time\":\"no\",\"hide_ft\":\"no\",\"hide_month_headers\":\"no\",\"hide_mult_occur\":\"yes\",\"hide_past\":\"no\",\"hide_past_by\":\"ee\",\"hide_so\":\"no\",\"ics\":\"no\",\"jumper\":\"no\",\"jumper_count\":5,\"jumper_offset\":\"0\",\"lang\":\"L3\",\"layout_changer\":\"no\",\"mapformat\":\"roadmap\",\"mapiconurl\":\"\",\"maps_load\":\"yes\",\"mapscroll\":\"true\",\"mapzoom\":\"18\",\"members_only\":\"no\",\"ml_priority\":\"no\",\"month_incre\":0,\"number_of_months\":\"5\",\"only_ft\":\"no\",\"pec\":\"\",\"s\":\"\",\"search\":\"\",\"search_all\":\"no\",\"sep_month\":\"yes\",\"show_et_ft_img\":\"no\",\"show_limit\":\"yes\",\"show_limit_ajax\":\"no\",\"show_limit_paged\":1,\"show_limit_redir\":\"\",\"show_repeats\":\"no\",\"show_upcoming\":0,\"show_year\":\"no\",\"sort_by\":\"sort_date\",\"tile_bg\":0,\"tile_count\":2,\"tile_height\":0,\"tile_style\":0,\"tiles\":\"no\",\"ux_val\":\"0\",\"view_switcher\":\"no\",\"wpml_l1\":\"\",\"wpml_l2\":\"\",\"wpml_l3\":\"\",\"yl_priority\":\"no\",\"fixed_day\":\"17\",\"_cver\":\"2.8.9\"}' data-od='{\"lang_no_events\":\"No Events\"}'><\/div>\r\n\t\t \t\t<div class='evo_cal_events' data-events=\"\"><\/div>\r\n\t\t \t<\/div>\r\n\t\t\t\t\r\n\t\t\t\r\n\t\t\t\t\t\t<\/div><!-- EventON End -->\r\n\t\t\t[\/vc_column_text][\/vc_column_inner][\/vc_row_inner][vc_row_inner css=&#8221;.vc_custom_1487857749145{background-color: #ffffff !important;}&#8221;][vc_column_inner width=&#8221;1\/3&#8243;][vc_column_text]<strong>Zus\u00e4tzliche Informationen<br \/>\n<\/strong><a href=\"https:\/\/www.lamaisondugruyere.ch\/homepage-de\/\" target=\"_blank\" rel=\"noopener noreferrer\">http:\/\/www.lamaisondugruyere.ch\/<\/a>[\/vc_column_text][\/vc_column_inner][vc_column_inner width=&#8221;1\/3&#8243;][vc_column_text]<strong>\u00d6ffnungszeitens<\/strong><br \/>\nvon Juni bis September : 9.00 &#8211; 18.30 Uhr<br \/>\nvon Oktober bis Mai : 9.00 &#8211; 18.00 Uhr<\/p>\n<p><strong>Eintrittpreis<\/strong><br \/>\nErwachsene : 7 CHF<br \/>\nStudenten (ab 12 Jahre), Senioren : 6 CHF<br \/>\nFamilienpauschalpreis (2 Erwachsene + Kinder bis 12 Jahren) : 12 CHF \/ 10.91 \u20ac<br \/>\nKombinierter Eintritt mit dem Schloss Gruy\u00e8res f\u00fcr die Kategorie \u201cErwachsene\u201d : 16 CHF<\/p>\n<p>Gruppen ab 10 Personen (der Besuch m\u00fcssen Sie mindestens 48 Stunden vorher reservieren):<br \/>\nErwachsene : 6 CHF<br \/>\nStudenten (ab 12 Jahre), Senioren : 5 CHF<br \/>\nKinder (- 12 Jahren) : 3 CHF<\/p>\n<p>Verg\u00fcnstigung mit der G\u00e4stekarte \u201cBe my Guest\u201d in Verbindung mit einer Uebernachtung in Fribourg Region<br \/>\nFreier Eintritt mit dem touristischen Pass \u201cFripass\u201d in Verbindung mit den Freiburgischen Verkehrsbetrieben (TPF)<br \/>\nDer Eintritt zur Schauk\u00e4serei und zur Ausstellung \u201eGruy\u00e8re als Erlebnis der Sinne\u201c ist unentgeltlich f\u00fcr die Mitglieder dieses Verbands, f\u00fcr die Inhaber eines Passes der Schweizer Museen oder f\u00fcr \u00e4hnliche Angebote.[\/vc_column_text][\/vc_column_inner][vc_column_inner width=&#8221;1\/3&#8243;][vc_column_text]<strong>Adresse<\/strong><br \/>\nLa Maison du Gruy\u00e8re<br \/>\nPl. de la Gare 3<br \/>\nCH-1663 Pringy-Gruy\u00e8res<br \/>\nT\u00e9l. +4126 921 84 00<br \/>\nFax +4126 921 84 01[\/vc_column_text][vc_icon icon_fontawesome=&#8221;fa fa-facebook-square&#8221; link=&#8221;url:https%3A%2F%2Fwww.facebook.com%2Flamaisondugruyere%2F||target:%20_blank|&#8221;][vc_icon icon_fontawesome=&#8221;fa fa-instagram&#8221; link=&#8221;url:https%3A%2F%2Fwww.instagram.com%2Fexplore%2Flocations%2F1071558%2Fla-maison-du-gruyere%2F||target:%20_blank|&#8221;][\/vc_column_inner][\/vc_row_inner][\/vc_column][\/vc_row][vc_row type=&#8221;1&#8243; bg_color=&#8221;#e20079&#8243; css=&#8221;.vc_custom_1487857841894{background-color: #e20079 !important;}&#8221;][vc_column][vc_empty_space height=&#8221;50px&#8221;][\/vc_column][\/vc_row]<\/p>\n","protected":false},"excerpt":{"rendered":"<p>[vc_row type=&#8221;1&#8243; bg_position=&#8221;center&#8221; enable_parallax=&#8221;false&#8221; parallax_speed=&#8221;0.4&#8243; css=&#8221;.vc_custom_1489066586413{margin-bottom: 20px !important;}&#8221; bg_image=&#8221;https:\/\/musees-en-gruyere.ch\/wp-content\/uploads\/2017\/02\/gruyere.jpg&#8221; anchor=&#8221;gruyere&#8221;][vc_column][vc_row_inner][vc_column_inner el_class=&#8221;white&#8221; css=&#8221;.vc_custom_1591793311498{margin-top: 35% !important;background-color: #e20079 !important;}&#8221;][vc_column_text] La Maison du Gruy\u00e8re Geheimnisse der Herstellung des K\u00e4ses \u201cGruy\u00e8re AOP\u201d [\/vc_column_text][\/vc_column_inner][\/vc_row_inner][\/vc_column][\/vc_row][vc_row type=&#8221;1&#8243; bg_color=&#8221;#e20079&#8243;][vc_column css=&#8221;.vc_custom_1487949479362{background-color: #e20079 !important;}&#8221; el_class=&#8221;white&#8221;][vc_column_text] Schauk\u00e4serei &#8220;Gruy\u00e8re, als Erlebnis der Sinne&#8221;, die Austellung, bei der Sie die Geheimnisse der Herstellung des Gruy\u00e8re-AOP-K\u00e4ses erfahren k\u00f6nnen. Drei- bis&hellip;<\/p>\n","protected":false},"author":1,"featured_media":0,"parent":0,"menu_order":0,"comment_status":"closed","ping_status":"closed","template":"","meta":{"_acf_changed":false},"class_list":["post-2383","page","type-page","status-publish","hentry","description-off"],"acf":[],"_links":{"self":[{"href":"https:\/\/musees-en-gruyere.ch\/de\/wp-json\/wp\/v2\/pages\/2383","targetHints":{"allow":["GET"]}}],"collection":[{"href":"https:\/\/musees-en-gruyere.ch\/de\/wp-json\/wp\/v2\/pages"}],"about":[{"href":"https:\/\/musees-en-gruyere.ch\/de\/wp-json\/wp\/v2\/types\/page"}],"author":[{"embeddable":true,"href":"https:\/\/musees-en-gruyere.ch\/de\/wp-json\/wp\/v2\/users\/1"}],"replies":[{"embeddable":true,"href":"https:\/\/musees-en-gruyere.ch\/de\/wp-json\/wp\/v2\/comments?post=2383"}],"version-history":[{"count":5,"href":"https:\/\/musees-en-gruyere.ch\/de\/wp-json\/wp\/v2\/pages\/2383\/revisions"}],"predecessor-version":[{"id":3237,"href":"https:\/\/musees-en-gruyere.ch\/de\/wp-json\/wp\/v2\/pages\/2383\/revisions\/3237"}],"wp:attachment":[{"href":"https:\/\/musees-en-gruyere.ch\/de\/wp-json\/wp\/v2\/media?parent=2383"}],"curies":[{"name":"wp","href":"https:\/\/api.w.org\/{rel}","templated":true}]}}