{"id":2377,"date":"2020-05-19T14:23:49","date_gmt":"2020-05-19T14:23:49","guid":{"rendered":"https:\/\/musees-en-gruyere.ch\/de\/?page_id=2377"},"modified":"2022-06-30T07:34:41","modified_gmt":"2022-06-30T07:34:41","slug":"chateau-de-gruyeres","status":"publish","type":"page","link":"https:\/\/musees-en-gruyere.ch\/de\/chateau-de-gruyeres\/","title":{"rendered":"Ch\u00e2teau de Gruy\u00e8res"},"content":{"rendered":"<p>[vc_row type=&#8221;1&#8243; bg_position=&#8221;center&#8221; enable_parallax=&#8221;false&#8221; parallax_speed=&#8221;0.4&#8243; css=&#8221;.vc_custom_1489066463051{margin-bottom: 20px !important;}&#8221; bg_image=&#8221;https:\/\/musees-en-gruyere.ch\/wp-content\/uploads\/2017\/02\/cheaeau.jpg&#8221; anchor=&#8221;gruyeres&#8221;][vc_column][vc_row_inner][vc_column_inner el_class=&#8221;white&#8221; css=&#8221;.vc_custom_1591793110380{margin-top: 35% !important;background-color: #e20079 !important;}&#8221;][vc_column_text]<\/p>\n<h3>Ch\u00e2teau de Gruy\u00e8res<br \/>\nKunst, Geschichte und Legenden<\/h3>\n<p>[\/vc_column_text][\/vc_column_inner][\/vc_row_inner][\/vc_column][\/vc_row][vc_row type=&#8221;1&#8243; bg_color=&#8221;#e20079&#8243;][vc_column css=&#8221;.vc_custom_1487949441724{background-color: #e20079 !important;}&#8221; el_class=&#8221;white&#8221;][vc_column_text]<\/p>\n<h3>Schloss Greyerz<\/h3>\n<p>Das Schloss birgt prachtvolle Sammlungen, die von seiner langen, reichen Geschichte zeugen. Zu den Sch\u00e4tzen geh\u00f6ren die Rauchm\u00e4ntel des Ordens vom Goldenen Vlies und kostbare mittelalterliche Glasgem\u00e4lde, im Auftrag der Landv\u00f6gte unter dem Ancien R\u00e9gime gemalte Fresken, Malereien von Jean-Baptiste Camille Corot und Dekorationen des Rittersaals. Von den Befestigungsmauern bis zum Franz\u00f6sischen Garten und vom Saal der Wachen bis zu den romantischen Salons l\u00e4dt Sie Schloss Greyerz zu einem fesselnden Rundgang durch 800 Jahre Kunst, Geschichte und Legenden, ein.[\/vc_column_text][\/vc_column][\/vc_row][vc_row type=&#8221;1&#8243; bg_color=&#8221;#e20079&#8243;][vc_column][vc_row_inner][vc_column_inner css=&#8221;.vc_custom_1487857525401{background-color: #ffffff !important;}&#8221;][vc_column_text]<\/p>\n<h3>Agenda<\/h3>\n<p>[\/vc_column_text][vc_column_text]<!-- EventON Calendar --><div id='evcal_calendar_301' class='list_cal ajde_evcal_calendar  ul box_2 ' ><div id='evcal_head' class='calendar_header ' ><div class='evo_cal_above'><span class='evo-gototoday-btn' style='display:none' data-mo='5' data-yr='2026' data-dy=''>Current Month<\/span><\/div><div class='evo_cal_above_content'><\/div><div class='clear'><\/div><\/div><div id='eventon_loadbar_section'><div id='eventon_loadbar'><\/div><\/div><!-- Events List --><div id='evcal_list' class='eventon_events_list sep_months evcal_list_month'><div class='evcal_month_line' data-d='eml_5_2026'><p>mai<\/p><\/div><div class='sep_month_events ' data-d='eml_5_2026'><div id=\"event_4515_0\" class=\"eventon_list_event evo_eventtop scheduled  event event_4515_0\" data-event_id=\"4515\" data-ri=\"0r\" data-time=\"1772877600-1780855200\" data-colr=\"#e20079\" itemscope itemtype='http:\/\/schema.org\/Event'><div class=\"evo_event_schema\" style=\"display:none\" ><a itemprop='url'  href='https:\/\/musees-en-gruyere.ch\/de\/events\/luc-mattenberger-glitching-doping-breathing-2\/var\/ri-0.l-L3'><\/a><meta itemprop='image'  \/><meta itemprop='startDate' content=\"2026-3-7T10:00+0:00\" \/><meta itemprop='endDate' content=\"2026-6-7T18:00+0:00\" \/><meta itemprop='eventStatus' content=\"https:\/\/schema.org\/EventScheduled\" \/><item style=\"display:none\" itemprop=\"eventAttendanceMode\" itemscope itemtype=\"https:\/\/schema.org\/OfflineEventAttendanceMode\"><\/item><script type=\"application\/ld+json\">{\"@context\": \"http:\/\/schema.org\",\"@type\": \"Event\",\n\t\t\t\t\t\"@id\": \"event_4515_0\",\n\t\t\t\t\t\"eventAttendanceMode\":\"https:\/\/schema.org\/OfflineEventAttendanceMode\",\n\t\t\t\t\t\"name\": \"Luc Mattenberger. Glitching Doping Breathing\",\n\t\t\t\t\t\"url\": \"https:\/\/musees-en-gruyere.ch\/de\/events\/luc-mattenberger-glitching-doping-breathing-2\/var\/ri-0.l-L3\",\n\t\t\t\t\t\"startDate\": \"2026-3-7T10:00+0:00\",\n\t\t\t\t\t\"endDate\": \"2026-6-7T18:00+0:00\",\n\t\t\t\t\t\"image\":\"\", \n\t\t\t\t\t\"description\":\"'Luc Mattenberger. Glitching Doping Breathing'\",\"eventStatus\":\"https:\/\/schema.org\/EventScheduled\"}<\/script><\/div>\r\n\t\t\t\t<p class=\"desc_trig_outter\" style=\"\"><a data-gmtrig=\"1\" data-exlk=\"0\" style=\"border-color: #e20079;\" id=\"evc_17728776004515\" class=\"desc_trig evo_exposition evo_exhibition evo_ausstellung mul_val evcal_list_a\" data-ux_val=\"1\"  ><span class='evcal_cblock ' data-bgcolor='#e20079' data-smon='M\u00e4rz ' data-syr='2026'><span class='evo_start '><em class='date'>07<\/em><em class='month'>M\u00e4r<\/em><em class='time'>10:00<\/em><\/span><span class='evo_end '><em class='date'>07<\/em><em class='month'>jun<\/em><em class='time'>18:00<\/em><\/span><em class='clear'><\/em><\/span><span class='evcal_desc evo_info hide_eventtopdata '  ><span class='evo_above_title'><\/span><span class='evcal_desc2 evcal_event_title french' itemprop='name'>Luc Mattenberger. Glitching Doping Breathing<\/span><span class='evcal_desc2 evcal_event_title english' itemprop='name'>Luc Mattenberger. Glitching Doping Breathing<\/span><span class='evcal_desc2 evcal_event_title deutch' itemprop='name'>Luc Mattenberger. Glitching Doping Breathing<\/span><span class='evo_below_title'><\/span><span class='evcal_desc_info' ><\/span><span class='evcal_desc3'><span class='evcal_event_types ett1'><em><i>French:<\/i><\/em><em data-filter='event_type'>Exposition<\/em><i class='clear'><\/i><\/span><span class='evcal_event_types ett2'><em><i>English:<\/i><\/em><em data-filter='event_type_2'>Exhibition<\/em><i class='clear'><\/i><\/span><span class='evcal_event_types ett3'><em><i>German:<\/i><\/em><em data-filter='event_type_3'>Ausstellung<\/em><i class='clear'><\/i><\/span><\/span><\/span><em class='clear'><\/em><\/a><\/p><div class='event_description evcal_eventcard ' style=\"display:none\"><div class='evo_metarow_cusF1 evorow evcal_evdata_row bordb evcal_evrow_sm '>\n\t\t\t\t\t\t\t<span class='evcal_evdata_custometa_icons'><i class='fa fa-info'><\/i><\/span>\n\t\t\t\t\t\t\t<div class='evcal_evdata_cell'>\t\t\t\t\t\t\t\n\t\t\t\t\t\t\t\t<h3 class='evo_h3'>DESCRIPTION DE L&#039;\u00e9V\u00e8NEMENT<\/h3><div class='evo_custom_content evo_data_val'><p>L&#8217;artiste genevois Luc Mattenberger nourrit une fascination pour l\u2019ing\u00e9nierie et les sciences. Au Ch\u00e2teau de Gruy\u00e8res, il poursuit cette exploration et d\u00e9voile ses recherches sur les relations qui se tissent entre le corps, l\u2019esprit et la machine. Les salles de l\u2019ancienne forteresse se transforment en espaces de jeu o\u00f9 de surprenants dispositifs r\u00e9v\u00e8lent l\u2019impact des technologies sur nos perceptions, nos \u00e9motions et nos processus cognitifs.<\/p>\n<p style=\"font-weight: 400;\">S\u2019appuyant sur des recherches en neurosciences, l\u2019artiste genevois cr\u00e9e des \u0153uvres et des installations qui examinent comment l\u2019attention, la m\u00e9moire ou la prise de d\u00e9cision sont modul\u00e9es par des environnements techniques. \u00c0 une \u00e9poque o\u00f9 les machines analysent nos comportements avec une pr\u00e9cision in\u00e9dite, l&#8217;exposition <em>Glitching Doping Breathing<\/em> une r\u00e9flexion sur notre stabilit\u00e9 psychique, l\u2019impermanence de nos \u00e9tats int\u00e9rieurs et les variations de notre conscience.<\/p>\n<\/div><\/div><\/div><div class='evo_metarow_cusF2 evorow evcal_evdata_row bordb evcal_evrow_sm '>\n\t\t\t\t\t\t\t<span class='evcal_evdata_custometa_icons'><i class='fa fa-info'><\/i><\/span>\n\t\t\t\t\t\t\t<div class='evcal_evdata_cell'>\t\t\t\t\t\t\t\n\t\t\t\t\t\t\t\t<h3 class='evo_h3'>EVENT DESCRIPTION<\/h3><div class='evo_custom_content evo_data_val'><p>As long as he\u2019s been an artist, Luc Mattenberger has had a fascination for engineering and science. He takes this exploratory approach to the Gruy\u00e8res Castle, unveiling research on relationships between body, spirit, and machines. The halls of the old fortress become his playroom, where surprising installations reveal the impact of technology on our perceptions, our emotions, and our cognitive processes.<\/p>\n<p>Relying on his neuroscience research, the artist from Geneva presents artwork and installations that examine how technical environments impact attention, memory, and decision-making. In an era where machines analyze our behavior with unprecedented accuracy, he questions our psychic stability, the impermanence of our emotions, and the variations in our conscience.<\/p>\n<\/div><\/div><\/div><div class='evo_metarow_cusF3 evorow evcal_evdata_row bordb evcal_evrow_sm '>\n\t\t\t\t\t\t\t<span class='evcal_evdata_custometa_icons'><i class='fa fa-info'><\/i><\/span>\n\t\t\t\t\t\t\t<div class='evcal_evdata_cell'>\t\t\t\t\t\t\t\n\t\t\t\t\t\t\t\t<h3 class='evo_h3'>EVENTBESCHREIBUNG<\/h3><div class='evo_custom_content evo_data_val'><p>Seit seinen k\u00fcnstlerischen Anf\u00e4ngen hegt Luc Mattenberger eine Faszination f\u00fcr Ingenieurwesen und Wissenschaft. Im Schloss Greyerz setzt er seine Erkundungen fort und pr\u00e4sentiert seine Recherchen \u00fcber die Beziehungen zwischen K\u00f6rper, Geist und Maschine. Die R\u00e4ume der ehemaligen Burg verwandeln sich in Spielbereiche, in denen \u00fcberraschende Vorrichtungen den Einfluss der Technologien auf unsere Wahrnehmungen, Emotionen und Erkenntnisprozesse vorf\u00fchren.<\/p>\n<p>Auf der Grundlage neurowissenschaftlicher Forschungen schafft der Genfer K\u00fcnstler Werke und Installationen, die untersuchen, wie Aufmerksamkeit, Erinnerung oder Entscheidungskraft durch technische Umfelder beeinflusst werden. In einer Zeit, in der Maschinen unser Verhalten mit ungew\u00f6hnlicher Pr\u00e4zision analysieren, regt er zum Nachdenken an \u00fcber unsere psychische Stabilit\u00e4t, die Unbest\u00e4ndigkeit unserer inneren Zust\u00e4nde und die Schwankungen unseres Bewusstseins.<\/p>\n<\/div><\/div><\/div><div class='evo_metarow_time_location evorow bordb '>\n\t\t\t\t\t\t\t<div class='tb' >\n\t\t\t\t\t\t\t\t<div class='tbrow'>\n\t\t\t\t\t\t\t\t<div class='evcal_col50 bordr'>\n\t\t\t\t\t\t\t\t\t<div class='evcal_evdata_row evo_time'>\n\t\t\t\t\t\t\t\t\t\t<span class='evcal_evdata_icons'><i class='fa fa-clock-o'><\/i><\/span>\n\t\t\t\t\t\t\t\t\t\t<div class='evcal_evdata_cell'>\t\t\t\t\t\t\t\n\t\t\t\t\t\t\t\t\t\t\t<h3 class='evo_h3'><span class='evcal_evdata_icons'><i class='fa fa-clock-o'><\/i><\/span>DATUM<\/h3>\n\t\t\t\t\t\t\t\t\t\t\t<p>M\u00e4rz  7 (Samstag ) 10:00 - Juni  7 (Sonntag) 18:00<\/p>\n\t\t\t\t\t\t\t\t\t\t<\/div>\n\t\t\t\t\t\t\t\t\t<\/div>\n\t\t\t\t\t\t\t\t<\/div><div class='evcal_col50'>\n\t\t\t\t\t\t\t\t\t<div class='evcal_evdata_row evo_location'>\n\t\t\t\t\t\t\t\t\t\t<span class='evcal_evdata_icons'><i class='fa fa-map-marker'><\/i><\/span>\n\t\t\t\t\t\t\t\t\t\t<div class='evcal_evdata_cell' data-loc_tax_id='18'><h3 class='evo_h3'><span class='evcal_evdata_icons'><i class='fa fa-map-marker'><\/i><\/span>ORT <\/h3><p class='evo_location_name'>Ch\u00e2teau de Gruy\u00e8res<\/p><p class='evo_location_address'><\/p><\/div>\n\t\t\t\t\t\t\t\t\t<\/div>\n\t\t\t\t\t\t\t\t<\/div><div class='clear'><\/div>\n\t\t\t\t\t\t\t\t<\/div><\/div>\n\t\t\t\t\t\t\t<\/div><div class='evo_metarow_gmap evorow evcal_gmaps bordb evc17728776006a05f3ad9d6e94515_gmap' id='evc17728776006a05f3ad9d6e94515_gmap' style='max-width:none'><\/div><div class='bordb evo_metarow_socialmedia evcal_evdata_row '><div class='evo_sm FacebookShare'><a class=\" evo_ss\" target=\"_blank\" onclick=\"javascript:window.open(this.href, '', 'left=50,top=50,width=600,height=350,toolbar=0');return false;\"\r\n\t\t\t\t\t\t\t\thref=\"\/\/www.facebook.com\/sharer.php?u=https%3A%2F%2Fmusees-en-gruyere.ch%2Fde%2Fevents%2Fluc-mattenberger-glitching-doping-breathing-2%2F\" title=\"Share on facebook\"><i class=\"fa fa-facebook\"><\/i><\/a><\/div><div class='evo_sm Twitter'><a class=\"tw evo_ss\" onclick=\"javascript:window.open(this.href, '', 'menubar=no,toolbar=no,resizable=yes,scrollbars=yes,height=300,width=600');return false;\" href=\"\/\/twitter.com\/intent\/tweet?text=Luc Mattenberger. Glitching Doping Breathing&#32;-&#32;&url=https%3A%2F%2Fmusees-en-gruyere.ch%2Fde%2Fevents%2Fluc-mattenberger-glitching-doping-breathing-2%2F\" title=\"Share on Twitter\" rel=\"nofollow\" target=\"_blank\" data-url=\"https%3A%2F%2Fmusees-en-gruyere.ch%2Fde%2Fevents%2Fluc-mattenberger-glitching-doping-breathing-2%2F\"><i class=\"fa fa-twitter\"><\/i><\/a><\/div><div class='evo_sm LinkedIn'><a class=\"li evo_ss\" href=\"\/\/www.linkedin.com\/shareArticle?mini=true&url=https%3A%2F%2Fmusees-en-gruyere.ch%2Fde%2Fevents%2Fluc-mattenberger-glitching-doping-breathing-2%2F&title=Luc%20Mattenberger.%20Glitching%20Doping%20Breathing&summary=--\" target=\"_blank\" title=\"Share on Linkedin\"><i class=\"fa fa-linkedin\"><\/i><\/a><\/div><div class='evo_sm EmailShare'><a class=\"em evo_ss\" href=\"mailto:?subject=Luc Mattenberger. Glitching Doping Breathing&body=Event Name: Luc Mattenberger. Glitching Doping Breathing%0AEvent Date: M\u00e4rz  7, 2026 10:00 - Juni  7, 2026 18:00%0ALink: https%3A%2F%2Fmusees-en-gruyere.ch%2Fde%2Fevents%2Fluc-mattenberger-glitching-doping-breathing-2%2F%0A\" target=\"_blank\"><i class=\"fa fa-envelope\"><\/i><\/a><\/div><div class='clear'><\/div><\/div><div class='evo_card_row_end evcal_close' title='Close'><\/div><\/div><div class='clear end'><\/div><\/div><\/div>\t\t\t<div class='clear'><\/div>\r\n\t\t\t<\/div>\r\n\t\t\t<div class='clear'><\/div>\r\n\t\t\t\t\t \t<div id='evcal_footer' class='evo_bottom' style='display:none'>\r\n\t\t \t\t<div class='evo_cal_data'  data-sc='{\"_cal_evo_rtl\":\"no\",\"accord\":\"no\",\"cal_id\":\"\",\"cal_init_nonajax\":\"no\",\"calendar_type\":\"list\",\"etc_override\":\"no\",\"evc_open\":\"no\",\"event_count\":\"5\",\"event_location\":\"18\",\"event_order\":\"ASC\",\"event_organizer\":\"all\",\"event_past_future\":\"all\",\"event_tag\":\"all\",\"event_type\":\"all\",\"event_type_2\":\"all\",\"event_type_3\":\"all\",\"event_type_4\":\"all\",\"event_type_5\":\"all\",\"eventtop_style\":0,\"exp_jumper\":\"no\",\"exp_so\":\"no\",\"filter_relationship\":\"AND\",\"filter_show_set_only\":\"no\",\"filter_type\":\"default\",\"filters\":\"yes\",\"fixed_month\":\"5\",\"fixed_year\":\"2026\",\"focus_end_date_range\":\"1790812799\",\"focus_start_date_range\":\"1777593600\",\"ft_event_priority\":\"no\",\"hide_arrows\":\"no\",\"hide_empty_months\":\"yes\",\"hide_end_time\":\"no\",\"hide_ft\":\"no\",\"hide_month_headers\":\"no\",\"hide_mult_occur\":\"yes\",\"hide_past\":\"no\",\"hide_past_by\":\"ee\",\"hide_so\":\"no\",\"ics\":\"no\",\"jumper\":\"no\",\"jumper_count\":5,\"jumper_offset\":\"0\",\"lang\":\"L3\",\"layout_changer\":\"no\",\"mapformat\":\"roadmap\",\"mapiconurl\":\"\",\"maps_load\":\"yes\",\"mapscroll\":\"true\",\"mapzoom\":\"18\",\"members_only\":\"no\",\"ml_priority\":\"no\",\"month_incre\":0,\"number_of_months\":\"5\",\"only_ft\":\"no\",\"pec\":\"\",\"s\":\"\",\"search\":\"\",\"search_all\":\"no\",\"sep_month\":\"yes\",\"show_et_ft_img\":\"no\",\"show_limit\":\"yes\",\"show_limit_ajax\":\"no\",\"show_limit_paged\":1,\"show_limit_redir\":\"\",\"show_repeats\":\"no\",\"show_upcoming\":0,\"show_year\":\"no\",\"sort_by\":\"sort_date\",\"tile_bg\":0,\"tile_count\":2,\"tile_height\":0,\"tile_style\":0,\"tiles\":\"no\",\"ux_val\":\"0\",\"view_switcher\":\"no\",\"wpml_l1\":\"\",\"wpml_l2\":\"\",\"wpml_l3\":\"\",\"yl_priority\":\"no\",\"fixed_day\":\"14\",\"_cver\":\"2.8.9\"}' data-od='{\"lang_no_events\":\"No Events\"}'><\/div>\r\n\t\t \t\t<div class='evo_cal_events' data-events=\"\"><\/div>\r\n\t\t \t<\/div>\r\n\t\t\t\t\r\n\t\t\t\r\n\t\t\t\t\t\t<\/div><!-- EventON End -->\r\n\t\t\t[\/vc_column_text][\/vc_column_inner][\/vc_row_inner][vc_row_inner css=&#8221;.vc_custom_1487857749145{background-color: #ffffff !important;}&#8221;][vc_column_inner width=&#8221;1\/3&#8243;][vc_column_text]<strong>Zus\u00e4tzliche Informationen<\/strong><br \/>\n<a href=\"https:\/\/www.chateau-gruyeres.ch\/de\" target=\"_blank\" rel=\"noopener noreferrer\">http:\/\/www.chateau-gruyeres.ch\/<\/a><br \/>\n<a href=\"mailto:info@chateau-gruyeres.ch\">info@chateau-gruyeres.ch<\/a><br \/>\nT\u00e9l: +4126 921 21 02[\/vc_column_text][\/vc_column_inner][vc_column_inner width=&#8221;1\/3&#8243;][vc_column_text]<strong>\u00d6ffungszeiten<\/strong><br \/>\n1. April bis 31. Oktober 9 \u2013 18 Uhr<br \/>\n1. November bis 31. M\u00e4rz : 10 \u2013 17 Uhr<\/p>\n<p><strong>Eintrittpreis<\/strong><br \/>\nErwachsene: CHF 12.00<br \/>\nSenioren, Studenten: CHF 8.00<br \/>\nGruppen (ab 15 Erwachsene) : CHF 8.00<br \/>\nKinder (von 6-15 j\u00e4hrig): CHF 4.00<br \/>\nUnter 6 j\u00e4hrig: gratis<br \/>\nFamilien (2 Erwachsene, 3 Kinder bis 16) : CHF 25.00<\/p>\n<p>Falls Sie am selben Tag ein anderes Museum (Maison du Gruy\u00e8re, Tibet Museum, HR Giger Museum) besuchen wollen, dann verlangen Sie bitte ein Kombi-Billett.[\/vc_column_text][\/vc_column_inner][vc_column_inner width=&#8221;1\/3&#8243;][vc_column_text]<strong>Adresse<\/strong><br \/>\nCh\u00e2teau de Gruy\u00e8res<br \/>\nRue du Ch\u00e2teau 8<br \/>\nCH-1663 Gruy\u00e8res[\/vc_column_text][vc_icon icon_fontawesome=&#8221;fa fa-facebook-square&#8221; link=&#8221;url:https%3A%2F%2Fwww.facebook.com%2FChateauDeGruyeres%2F||target:%20_blank|&#8221;][vc_icon icon_fontawesome=&#8221;fa fa-instagram&#8221; link=&#8221;url:https%3A%2F%2Fwww.instagram.com%2Fchateaudegruyeres%2F||target:%20_blank|&#8221;][vc_icon icon_fontawesome=&#8221;fa fa-tripadvisor&#8221; link=&#8221;url:https%3A%2F%2Ffr.tripadvisor.ch%2FAttraction_Review-g198820-d775674-Reviews-Castle_of_Gruyeres-%20Gruyeres_La_Gruyere_Canton_of_Fribourg.html||target:%20_blank|&#8221;][\/vc_column_inner][\/vc_row_inner][\/vc_column][\/vc_row][vc_row type=&#8221;1&#8243; bg_color=&#8221;#e20079&#8243; css=&#8221;.vc_custom_1487857841894{background-color: #e20079 !important;}&#8221;][vc_column][vc_empty_space height=&#8221;50px&#8221;][\/vc_column][\/vc_row]<\/p>\n","protected":false},"excerpt":{"rendered":"<p>[vc_row type=&#8221;1&#8243; bg_position=&#8221;center&#8221; enable_parallax=&#8221;false&#8221; parallax_speed=&#8221;0.4&#8243; css=&#8221;.vc_custom_1489066463051{margin-bottom: 20px !important;}&#8221; bg_image=&#8221;https:\/\/musees-en-gruyere.ch\/wp-content\/uploads\/2017\/02\/cheaeau.jpg&#8221; anchor=&#8221;gruyeres&#8221;][vc_column][vc_row_inner][vc_column_inner el_class=&#8221;white&#8221; css=&#8221;.vc_custom_1591793110380{margin-top: 35% !important;background-color: #e20079 !important;}&#8221;][vc_column_text] Ch\u00e2teau de Gruy\u00e8res Kunst, Geschichte und Legenden [\/vc_column_text][\/vc_column_inner][\/vc_row_inner][\/vc_column][\/vc_row][vc_row type=&#8221;1&#8243; bg_color=&#8221;#e20079&#8243;][vc_column css=&#8221;.vc_custom_1487949441724{background-color: #e20079 !important;}&#8221; el_class=&#8221;white&#8221;][vc_column_text] Schloss Greyerz Das Schloss birgt prachtvolle Sammlungen, die von seiner langen, reichen Geschichte zeugen. Zu den Sch\u00e4tzen geh\u00f6ren die Rauchm\u00e4ntel des Ordens vom Goldenen Vlies&hellip;<\/p>\n","protected":false},"author":1,"featured_media":0,"parent":0,"menu_order":0,"comment_status":"closed","ping_status":"closed","template":"","meta":{"_acf_changed":false},"class_list":["post-2377","page","type-page","status-publish","hentry","description-off"],"acf":[],"_links":{"self":[{"href":"https:\/\/musees-en-gruyere.ch\/de\/wp-json\/wp\/v2\/pages\/2377","targetHints":{"allow":["GET"]}}],"collection":[{"href":"https:\/\/musees-en-gruyere.ch\/de\/wp-json\/wp\/v2\/pages"}],"about":[{"href":"https:\/\/musees-en-gruyere.ch\/de\/wp-json\/wp\/v2\/types\/page"}],"author":[{"embeddable":true,"href":"https:\/\/musees-en-gruyere.ch\/de\/wp-json\/wp\/v2\/users\/1"}],"replies":[{"embeddable":true,"href":"https:\/\/musees-en-gruyere.ch\/de\/wp-json\/wp\/v2\/comments?post=2377"}],"version-history":[{"count":10,"href":"https:\/\/musees-en-gruyere.ch\/de\/wp-json\/wp\/v2\/pages\/2377\/revisions"}],"predecessor-version":[{"id":3700,"href":"https:\/\/musees-en-gruyere.ch\/de\/wp-json\/wp\/v2\/pages\/2377\/revisions\/3700"}],"wp:attachment":[{"href":"https:\/\/musees-en-gruyere.ch\/de\/wp-json\/wp\/v2\/media?parent=2377"}],"curies":[{"name":"wp","href":"https:\/\/api.w.org\/{rel}","templated":true}]}}