{"id":2152,"date":"2019-10-22T07:21:25","date_gmt":"2019-10-22T07:21:25","guid":{"rendered":"https:\/\/musees-en-gruyere.ch\/de\/nuit-des-musees-en-gruyere\/"},"modified":"2026-02-20T13:06:33","modified_gmt":"2026-02-20T13:06:33","slug":"museumsnacht","status":"publish","type":"page","link":"https:\/\/musees-en-gruyere.ch\/de\/museumsnacht\/","title":{"rendered":"Museumsnacht"},"content":{"rendered":"<p>[vc_row type=&#8221;1&#8243; bg_position=&#8221;center&#8221; enable_parallax=&#8221;false&#8221; parallax_speed=&#8221;0.4&#8243; css=&#8221;.vc_custom_1571732346016{margin-bottom: 20px !important;}&#8221; bg_image=&#8221;https:\/\/musees-en-gruyere.ch\/wp-content\/uploads\/2017\/10\/Photo-pretexte_LR_2015-e1507038869214.jpg&#8221; anchor=&#8221;cantorama&#8221;][vc_column][vc_row_inner][vc_column_inner el_class=&#8221;white&#8221; css=&#8221;.vc_custom_1487949275479{margin-top: 30% !important;background-color: #e20079 !important;}&#8221;][vc_column_text]<\/p>\n<h2>Museumsnacht | Gruy\u00e8re, Gl\u00e2ne und Pays-d&#8217;Enhaut<\/h2>\n<p>[\/vc_column_text][\/vc_column_inner][\/vc_row_inner][\/vc_column][\/vc_row][vc_row type=&#8221;1&#8243; bg_color=&#8221;#e20079&#8243; css=&#8221;.vc_custom_1771592799040{background-color: #e20079 !important;}&#8221;][vc_column css=&#8221;.vc_custom_1487949441724{background-color: #e20079 !important;}&#8221; el_class=&#8221;white&#8221;][vc_row_inner][vc_column_inner][vc_column_text][\/vc_column_text][vc_column_text]<\/p>\n<h3>Die Museumsnacht in La Gruy\u00e8re, im Glanebezirk und Pays-d&#8217;Enhaut findet am 7. November 2026 statt.<\/h3>\n<p>[\/vc_column_text][\/vc_column_inner][\/vc_row_inner][\/vc_column][\/vc_row][vc_row type=&#8221;1&#8243; bg_color=&#8221;#e20079&#8243; css=&#8221;.vc_custom_1765531825400{background-color: #e20079 !important;}&#8221;][vc_column][vc_row_inner css=&#8221;.vc_custom_1487857749145{background-color: #ffffff !important;}&#8221;][vc_column_inner][vc_column_text]<\/p>\n<h3><span class=\"cf0\">Pass f\u00fcr die Freiburger Museumsn\u00e4chte 2026<\/span><\/h3>\n<p><!--StartFragment --><span class=\"cf0\">Entdecken Sie \u00fcber 30 Museen im Kanton mit einem einzigen Pass f\u00fcr 25 CHF!<\/span><\/p>\n<p><span class=\"cf0\">Auf dem Programm: Animationen, Spezialf\u00fchrungen, Workshops, Entdeckungen, \u00dcberraschungen\u2026 und eine kulturelle Reise ins Herz des Freiburger Kulturerbes <\/span><span class=\"cf1\">\ud83c\udfdb\ufe0f\u2728<\/span><\/p>\n<p>&nbsp;<\/p>\n<p><span class=\"cf1\">\ud83d\udcc5<\/span><span class=\"cf0\"> Zwei N\u00e4chte, ein einziger Pass:<\/span><\/p>\n<p><span class=\"cf2\">\u2022 09.05.2026: Museumsnacht Freiburg, Broye, See<\/span><\/p>\n<p><span class=\"cf2\">\u2022 07.11.2026: Museumsnacht im Greyerz-, Glane- und Pays-<\/span><span class=\"cf2\">d\u2019Enhaut<\/span><\/p>\n<p>&nbsp;<\/p>\n<p><span class=\"cf1\">\ud83c\udf10<\/span><span class=\"cf0\"> Im Vorverkauf an folgenden Orten:<\/span><\/p>\n<p><span class=\"cf2\">\u2022 Fribourg Tourisme et R<\/span><span class=\"cf0\">\u00e9gion, Freiburg<\/span><\/p>\n<p><span class=\"cf2\">\u2022 La Gruy<\/span><span class=\"cf0\">\u00e8re Tourisme, Bulle<\/span><\/p>\n<p><span class=\"cf2\">\u2022 Murten Tourismus<\/span><\/p>\n<p><span class=\"cf2\">\u2022 Naturhistorisches Museum Freiburg<\/span><\/p>\n<p><span class=\"cf2\">\u2022 Mus<\/span><span class=\"cf0\">\u00e9e du Papier peint, M\u00e9zi\u00e8res<\/span><\/p>\n<p><span class=\"cf2\">\u2022 <\/span><span class=\"cf2\">Sensler<\/span><span class=\"cf2\"> Museum, <\/span><span class=\"cf2\">Tafers<\/span><\/p>\n<p><span class=\"cf2\">\u2022 Kunsthalle <\/span><span class=\"cf2\">Friart<\/span><\/p>\n<p><span class=\"cf2\">\u2022 Schloss Greyerz<\/span><\/p>\n<p><span class=\"cf2\">\u2022 Tibet Museum, Greyerz<\/span><\/p>\n<p><span class=\"cf2\">\u2022 <\/span><span class=\"cf2\">Vitromus<\/span><span class=\"cf0\">\u00e9e<\/span><span class=\"cf0\"> Romont<\/span><\/p>\n<p><span class=\"cf2\">\u2022 Mus<\/span><span class=\"cf0\">\u00e9e d\u2019Estavayer-le-Lac et ses grenouilles<\/span><\/p>\n<p><span class=\"cf2\">\u2022 La Maison du Gruy<\/span><span class=\"cf0\">\u00e8re, Pringy<\/span><\/p>\n<p><span class=\"cf2\">\u2022 Swiss Bier Museum, Freiburg<\/span><\/p>\n<p><span class=\"cf2\">\u2022 Museum Murten<\/span><\/p>\n<p><span class=\"cf2\">\u2022 Abbatiale de Payerne<\/span><\/p>\n<p><!--EndFragment -->[\/vc_column_text][\/vc_column_inner][\/vc_row_inner][\/vc_column][\/vc_row][vc_row type=&#8221;1&#8243; bg_color=&#8221;#e20079&#8243; css=&#8221;.vc_custom_1765530574095{background-color: #e20079 !important;}&#8221; el_class=&#8221;hide&#8221;][vc_column css=&#8221;.vc_custom_1487949441724{background-color: #e20079 !important;}&#8221; el_class=&#8221;white&#8221;][vc_row_inner][vc_column_inner][vc_column_text][\/vc_column_text][vc_column_text]<\/p>\n<h3>SAMSTAG, 8. NOVEMBER 2025<\/h3>\n<p>Die Museen sind von 17 bis 23 Uhr ge\u00f6ffnet und bieten spezielle Veranstaltungen rund um das Thema \u00abNATUR!\u00bb an. Die meisten von ihnen k\u00f6nnen mit dem Armband durchgehend besichtigt werden.<\/p>\n<p>Dank der \u00f6ffentlichen Verkehrsmittel, die im Kauf des Armbands inbegriffen sind, ist es m\u00f6glich, mehrere Institutionen an einem Abend zu entdecken. Da sie als Netzwerk funktionieren, liegen sie nahe beieinander und sind f\u00fcr jeden zug\u00e4nglich.<\/p>\n<p>Wenn die teilnehmenden Museen ihre T\u00fcren schliessen, \u00f6ffnen sich die T\u00fcren von Ebullition, um Nachtschw\u00e4rmer mit einem Museumsnacht-Armband kostenlos zu empfangen.<\/p>\n<p>Entdecken Sie <a href=\"https:\/\/musees-en-gruyere.ch\/wp-content\/uploads\/2025\/10\/P01622_Programme-A4-1.pdf\" target=\"_blank\" rel=\"noopener noreferrer\">das vollst\u00e4ndige Programm<\/a>\u00a0(auf Franz\u00f6sisch)[\/vc_column_text][\/vc_column_inner][\/vc_row_inner][\/vc_column][\/vc_row][vc_row type=&#8221;1&#8243; bg_color=&#8221;#e20079&#8243; css=&#8221;.vc_custom_1765530585393{background-color: #e20079 !important;}&#8221; el_class=&#8221;hide&#8221;][vc_column][vc_row_inner css=&#8221;.vc_custom_1487857749145{background-color: #ffffff !important;}&#8221;][vc_column_inner width=&#8221;1\/3&#8243;][vc_column_text]<strong>Teilnehmer<\/strong><\/p>\n<ol>\n<li>Vitromus\u00e9e Romont: Nature en verre<\/li>\n<li>Mus\u00e9e du papier peint: L\u2019oreille aux aguets, devinez qui chante, qui croque&#8230;! Venez jouer avec les voix de la nature.<\/li>\n<li>Office du Tourisme de Romont et sa R\u00e9gion: Visite guid\u00e9e nocturne de la ville m\u00e9di\u00e9vale de Romont<\/li>\n<li>Electrobroc: D\u00e9couvrez la nouvelle exposition<\/li>\n<li>Maison Cailler: Maison Cailler en fleurs<\/li>\n<li>Mus\u00e9e de Charmey: Petites histoires de nature<\/li>\n<li>La Maison du Gruy\u00e8re: Le Gruy\u00e8re AOP, 100% nature !<\/li>\n<li>HR Giger Museum: Le jardin de HRG<\/li>\n<li>Tibet Museum: Yak \u00e0 venir !<\/li>\n<li>Ch\u00e2teau de Gruy\u00e8res: \u00c0 vos jumelles !<\/li>\n<li>Espace Ballon: Entre ciel et nature<\/li>\n<li>Mus\u00e9e du Pays-d\u2019Enhaut &amp; Centre Suisse du Papier D\u00e9coup\u00e9: Le Pays d\u2019Enhaut, une nature forg\u00e9e par la main de l\u2019homme<\/li>\n<\/ol>\n<p>[\/vc_column_text][\/vc_column_inner][vc_column_inner width=&#8221;1\/3&#8243;][vc_column_text]<strong>Armb\u00e4nder<\/strong><\/p>\n<p>Erwachsene (ab 16 Jahren) : CHF 10.- | Kinder : Kostenlos<\/p>\n<p>Inhaberinnen und Inhaber des Frimobil-Abos oder der Caritas-Kulturkarte erhalten einen erm\u00e4ssigten Tarif. Die verschiedenen Freikarten und andere Kulturp\u00e4sse k\u00f6nnen nicht als Eintrittskarten verwendet werden.<\/p>\n<ul>\n<li>Vorverkauf: Ab 21. Oktober 2025 in den teilnehmenden Museen, bei den Tourismusb\u00fcros in Bulle, Gruy\u00e8res, Romont und Freiburg sowie am TPF-Schalter in Freiburg.<\/li>\n<li>Verkauf vor Ort in den Museen w\u00e4hrend der Veranstaltung.<\/li>\n<\/ul>\n<p>Das Armband erm\u00f6glicht den Zugang zu allen Museen und ihrem Veranstaltungsprogramm. Es dient als Fahrausweis in allen Frimobil-Zonen (g\u00fcltig den ganzen Tag, auch f\u00fcr die R\u00fcckfahrt mit dem Nachtbus). Es bietet auch den Eintritt zur Afterparty der Museumsnacht, der legend\u00e4ren Silent Party von Ebullition.[\/vc_column_text][\/vc_column_inner][vc_column_inner width=&#8221;1\/3&#8243;][vc_column_text]<strong>Nu\u0308tzliche Informationen<\/strong><br \/>\n<a href=\"https:\/\/www.tpf.ch\/de\/\" target=\"_blank\" rel=\"noopener noreferrer\">Fahrplan der o\u0308ffentlichen Verkehrsmittel<\/a><\/p>\n<p>Fragen :<br \/>\nLA GRUYE\u0300RE TOURISME<br \/>\nPlace des Alpes 26<br \/>\n1630 Bulle<br \/>\nTelefon +41 (0)26 919 85 00[\/vc_column_text][\/vc_column_inner][\/vc_row_inner][\/vc_column][\/vc_row][vc_row type=&#8221;1&#8243; bg_color=&#8221;#e20079&#8243; css=&#8221;.vc_custom_1765530935732{background-color: #e20079 !important;}&#8221; el_class=&#8221;hide&#8221;][vc_column][vc_empty_space height=&#8221;50px&#8221;][vc_single_image image=&#8221;4311&#8243; img_size=&#8221;1200 x 200&#8243; alignment=&#8221;center&#8221;][\/vc_column][\/vc_row][vc_row type=&#8221;1&#8243; bg_color=&#8221;#e20079&#8243; css=&#8221;.vc_custom_1487857841894{background-color: #e20079 !important;}&#8221;][vc_column][vc_empty_space height=&#8221;50px&#8221;][\/vc_column][\/vc_row]<\/p>\n","protected":false},"excerpt":{"rendered":"<p>[vc_row type=&#8221;1&#8243; bg_position=&#8221;center&#8221; enable_parallax=&#8221;false&#8221; parallax_speed=&#8221;0.4&#8243; css=&#8221;.vc_custom_1571732346016{margin-bottom: 20px !important;}&#8221; bg_image=&#8221;https:\/\/musees-en-gruyere.ch\/wp-content\/uploads\/2017\/10\/Photo-pretexte_LR_2015-e1507038869214.jpg&#8221; anchor=&#8221;cantorama&#8221;][vc_column][vc_row_inner][vc_column_inner el_class=&#8221;white&#8221; css=&#8221;.vc_custom_1487949275479{margin-top: 30% !important;background-color: #e20079 !important;}&#8221;][vc_column_text] Museumsnacht | Gruy\u00e8re, Gl\u00e2ne und Pays-d&#8217;Enhaut [\/vc_column_text][\/vc_column_inner][\/vc_row_inner][\/vc_column][\/vc_row][vc_row type=&#8221;1&#8243; bg_color=&#8221;#e20079&#8243; css=&#8221;.vc_custom_1771592799040{background-color: #e20079 !important;}&#8221;][vc_column css=&#8221;.vc_custom_1487949441724{background-color: #e20079 !important;}&#8221; el_class=&#8221;white&#8221;][vc_row_inner][vc_column_inner][vc_column_text][\/vc_column_text][vc_column_text] Die Museumsnacht in La Gruy\u00e8re, im Glanebezirk und Pays-d&#8217;Enhaut findet am 7. November 2026 statt. [\/vc_column_text][\/vc_column_inner][\/vc_row_inner][\/vc_column][\/vc_row][vc_row type=&#8221;1&#8243; bg_color=&#8221;#e20079&#8243; css=&#8221;.vc_custom_1765531825400{background-color: #e20079 !important;}&#8221;][vc_column][vc_row_inner css=&#8221;.vc_custom_1487857749145{background-color: #ffffff&hellip;<\/p>\n","protected":false},"author":1,"featured_media":0,"parent":0,"menu_order":0,"comment_status":"closed","ping_status":"closed","template":"","meta":{"_acf_changed":false},"class_list":["post-2152","page","type-page","status-publish","hentry","description-off"],"acf":[],"_links":{"self":[{"href":"https:\/\/musees-en-gruyere.ch\/de\/wp-json\/wp\/v2\/pages\/2152","targetHints":{"allow":["GET"]}}],"collection":[{"href":"https:\/\/musees-en-gruyere.ch\/de\/wp-json\/wp\/v2\/pages"}],"about":[{"href":"https:\/\/musees-en-gruyere.ch\/de\/wp-json\/wp\/v2\/types\/page"}],"author":[{"embeddable":true,"href":"https:\/\/musees-en-gruyere.ch\/de\/wp-json\/wp\/v2\/users\/1"}],"replies":[{"embeddable":true,"href":"https:\/\/musees-en-gruyere.ch\/de\/wp-json\/wp\/v2\/comments?post=2152"}],"version-history":[{"count":62,"href":"https:\/\/musees-en-gruyere.ch\/de\/wp-json\/wp\/v2\/pages\/2152\/revisions"}],"predecessor-version":[{"id":4550,"href":"https:\/\/musees-en-gruyere.ch\/de\/wp-json\/wp\/v2\/pages\/2152\/revisions\/4550"}],"wp:attachment":[{"href":"https:\/\/musees-en-gruyere.ch\/de\/wp-json\/wp\/v2\/media?parent=2152"}],"curies":[{"name":"wp","href":"https:\/\/api.w.org\/{rel}","templated":true}]}}